{"id":14725,"date":"2025-02-24T22:47:07","date_gmt":"2025-02-24T21:47:07","guid":{"rendered":"https:\/\/staviori.com.pl\/product\/naszyjnik-z-brylantami-nbd4206\/"},"modified":"2026-02-11T00:08:55","modified_gmt":"2026-02-10T23:08:55","slug":"naszyjnik-z-brylantami-nbd4206","status":"publish","type":"product","link":"https:\/\/staviori.com.pl\/en\/product\/naszyjnik-z-brylantami-nbd4206\/","title":{"rendered":"Diamond necklace in white gold"},"content":{"rendered":"<p>Model: NBD4206<br \/>\nWeight approx. 1.67g<\/p>\n<p>Necklace 43 cm.<br \/>\nWhite gold 0.585.<br \/>\n1 Diamond, brilliant cut, weight 0.02ct, colour H, purity SI2.<\/p>\n<p>Diameter 10 mm.<br \/>\nAdjustable length of 40cm or 43cm.<\/p>","protected":false},"excerpt":{"rendered":"<p>Nowoczesny naszyjnik z bia\u0142ego z\u0142ota pr\u00f3by 0,585 ozdobiony subteln\u0105, okr\u0105g\u0142\u0105 zawieszk\u0105 i diamentem o szlifie brylantowym. Minimalistyczna forma zachwyca elegancj\u0105 i ponadczasowym stylem, doskonale sprawdzi si\u0119 na co dzie\u0144 i na wyj\u0105tkowe okazje. B\u0142ysk bia\u0142ego z\u0142ota w po\u0142\u0105czeniu z delikatnym diamentem podkre\u015bla wyj\u0105tkowo\u015b\u0107 bi\u017cuterii oraz kobiec\u0105 subtelno\u015b\u0107. Mo\u017cliwo\u015b\u0107 regulacji d\u0142ugo\u015bci sprawia, \u017ce naszyjnik doskonale dopasuje si\u0119 do ka\u017cdego dekoltu.<\/p>","protected":false},"featured_media":3524,"comment_status":"closed","ping_status":"closed","template":"","meta":{"om_disable_all_campaigns":false},"product_brand":[2284],"product_cat":[1838,6752,2120,719],"product_tag":[2308,3720,3722,3710,2464,2378,4077,4078,2332,4079],"class_list":{"0":"post-14725","1":"product","2":"type-product","3":"status-publish","4":"has-post-thumbnail","6":"product_brand-staviori","7":"product_cat-diamenty","8":"product_cat-kolekcja-staviori-must-have","9":"product_cat-naszyjnik-z-brylantami","10":"product_cat-naszyjniki","11":"product_tag-biale-zloto","12":"product_tag-bizuteria","13":"product_tag-diament","14":"product_tag-elegancja","15":"product_tag-minimalistyczny","16":"product_tag-naszyjnik","17":"product_tag-nbd4206","18":"product_tag-ponadczasowy","19":"product_tag-prezent","20":"product_tag-subtelny","21":"pa_barwa-h-2","22":"pa_czystosc-si2","23":"pa_dostawca-iza","24":"pa_kamien-diament","25":"pa_kolor-biale","26":"pa_kruszec-zloto","27":"pa_proba-0-585","28":"pa_srednica-10mm","29":"pa_waga-1-67g","31":"first","32":"instock","33":"purchasable","34":"product-type-simple"},"aioseo_notices":[],"_links":{"self":[{"href":"https:\/\/staviori.com.pl\/en\/wp-json\/wp\/v2\/product\/14725","targetHints":{"allow":["GET"]}}],"collection":[{"href":"https:\/\/staviori.com.pl\/en\/wp-json\/wp\/v2\/product"}],"about":[{"href":"https:\/\/staviori.com.pl\/en\/wp-json\/wp\/v2\/types\/product"}],"replies":[{"embeddable":true,"href":"https:\/\/staviori.com.pl\/en\/wp-json\/wp\/v2\/comments?post=14725"}],"wp:featuredmedia":[{"embeddable":true,"href":"https:\/\/staviori.com.pl\/en\/wp-json\/wp\/v2\/media\/3524"}],"wp:attachment":[{"href":"https:\/\/staviori.com.pl\/en\/wp-json\/wp\/v2\/media?parent=14725"}],"wp:term":[{"taxonomy":"product_brand","embeddable":true,"href":"https:\/\/staviori.com.pl\/en\/wp-json\/wp\/v2\/product_brand?post=14725"},{"taxonomy":"product_cat","embeddable":true,"href":"https:\/\/staviori.com.pl\/en\/wp-json\/wp\/v2\/product_cat?post=14725"},{"taxonomy":"product_tag","embeddable":true,"href":"https:\/\/staviori.com.pl\/en\/wp-json\/wp\/v2\/product_tag?post=14725"}],"curies":[{"name":"wp","href":"https:\/\/api.w.org\/{rel}","templated":true}]}}