{"id":14718,"date":"2025-02-24T22:47:03","date_gmt":"2025-02-24T21:47:03","guid":{"rendered":"https:\/\/staviori.com.pl\/product\/bizuteria-inwestycyjna-naszyjnik-nbd3970\/"},"modified":"2026-02-11T00:08:54","modified_gmt":"2026-02-10T23:08:54","slug":"bizuteria-inwestycyjna-naszyjnik-nbd3970","status":"publish","type":"product","link":"https:\/\/staviori.com.pl\/en\/product\/bizuteria-inwestycyjna-naszyjnik-nbd3970\/","title":{"rendered":"Exclusive | beautiful minimalist necklace with white and black diamonds"},"content":{"rendered":"<p>Model: NBD3970<br \/>\nWaga ok. 5,73g<\/p>\n<p>Necklace 42 cm.<br \/>\nWhite Gold 0.750.<br \/>\n12 Diament\u00f3w, szlif brylantowy, o masie 0,55ct, barwa G-H, czysto\u015b\u0107 SI1.<br \/>\n1 Diamond, black colour, brilliant cut, weighing 0.10ct.<\/p>\n<p>\u015arednica 9.2 mm.<br \/>\nThickness 2.6 mm.<br \/>\nSzeroko\u015b\u0107 1.65 mm.<\/p>\n<p>W \u0142a\u0144cuszku r\u00f3wnie\u017c osadzone s\u0105 diamenty.<\/p>\n<p><strong>Product available on request only, lead time approx. 5 weeks.<\/strong><\/p>","protected":false},"excerpt":{"rendered":"<p>An exceptional necklace made of white gold 0.750, adorned with as many as 12 sparkling diamonds weighing a total of 0.55 ct and a centrally set black diamond weighing 0.10 ct. The round pendant presents itself beautifully around the neck, attracting the eye with its subtle brilliance and remarkable elegance. Additional diamonds placed on the chain give the whole piece a unique character and a luxurious finish. The necklace will be perfect for both everyday wear and special occasions, emphasising individual style and class.<\/p>","protected":false},"featured_media":18736,"comment_status":"closed","ping_status":"closed","template":"","meta":{"om_disable_all_campaigns":false},"product_brand":[2284],"product_cat":[1803,6895,719],"product_tag":[2308,3781,4039,4041,4036,3754,3751,2296,3745,2555,3755,3710,3748,3727,3747,4042,4043,3778,4037,4040,2378,4035,4038,2332,3777],"class_list":{"0":"post-14718","1":"product","2":"type-product","3":"status-publish","4":"has-post-thumbnail","6":"product_brand-staviori","7":"product_cat-brylanty-exclusive","8":"product_cat-naszyjnik","9":"product_cat-naszyjniki","10":"product_tag-biale-zloto","11":"product_tag-bile-zlato","12":"product_tag-black-diamond","13":"product_tag-cerny-diamant","14":"product_tag-czarny-diament","15":"product_tag-darek","16":"product_tag-diamanty","17":"product_tag-diamenty","18":"product_tag-diamonds","19":"product_tag-ekskluzywna-bizuteria","20":"product_tag-elegance","21":"product_tag-elegancja","22":"product_tag-gift","23":"product_tag-luksus","24":"product_tag-luxury-jewelry","25":"product_tag-luxusni-sperk","26":"product_tag-minimalismus","27":"product_tag-minimalist","28":"product_tag-minimalistyczny-styl","29":"product_tag-nahrdelnik","30":"product_tag-naszyjnik","31":"product_tag-nbd3970","32":"product_tag-necklace","33":"product_tag-prezent","34":"product_tag-white-gold","35":"pa_barwa-g-h","36":"pa_czystosc-si1","37":"pa_dostawca-draco","38":"pa_grubosc-2-6mm","39":"pa_kamien-biale-diamenty","40":"pa_kamien-brylanty","41":"pa_kamien-czarne-diamenty","42":"pa_kolor-biale","43":"pa_kruszec-zloto","44":"pa_proba-0-750","45":"pa_srednica-9-2mm","46":"pa_waga-5-73g","48":"first","49":"onbackorder","50":"purchasable","51":"product-type-simple"},"aioseo_notices":[],"_links":{"self":[{"href":"https:\/\/staviori.com.pl\/en\/wp-json\/wp\/v2\/product\/14718","targetHints":{"allow":["GET"]}}],"collection":[{"href":"https:\/\/staviori.com.pl\/en\/wp-json\/wp\/v2\/product"}],"about":[{"href":"https:\/\/staviori.com.pl\/en\/wp-json\/wp\/v2\/types\/product"}],"replies":[{"embeddable":true,"href":"https:\/\/staviori.com.pl\/en\/wp-json\/wp\/v2\/comments?post=14718"}],"wp:featuredmedia":[{"embeddable":true,"href":"https:\/\/staviori.com.pl\/en\/wp-json\/wp\/v2\/media\/18736"}],"wp:attachment":[{"href":"https:\/\/staviori.com.pl\/en\/wp-json\/wp\/v2\/media?parent=14718"}],"wp:term":[{"taxonomy":"product_brand","embeddable":true,"href":"https:\/\/staviori.com.pl\/en\/wp-json\/wp\/v2\/product_brand?post=14718"},{"taxonomy":"product_cat","embeddable":true,"href":"https:\/\/staviori.com.pl\/en\/wp-json\/wp\/v2\/product_cat?post=14718"},{"taxonomy":"product_tag","embeddable":true,"href":"https:\/\/staviori.com.pl\/en\/wp-json\/wp\/v2\/product_tag?post=14718"}],"curies":[{"name":"wp","href":"https:\/\/api.w.org\/{rel}","templated":true}]}}