{"id":14706,"date":"2025-02-24T22:47:03","date_gmt":"2025-02-24T21:47:03","guid":{"rendered":"https:\/\/staviori.com.pl\/product\/bizuteria-inwestycyjna-naszyjnik-nbd1782\/"},"modified":"2026-02-11T00:08:54","modified_gmt":"2026-02-10T23:08:54","slug":"bizuteria-inwestycyjna-naszyjnik-nbd1782","status":"publish","type":"product","link":"https:\/\/staviori.com.pl\/en\/product\/bizuteria-inwestycyjna-naszyjnik-nbd1782\/","title":{"rendered":"Exclusive | 750 white gold necklace with diamonds"},"content":{"rendered":"<p>Model: DDN0304<br \/>\nWaga ok. 9,33g<\/p>\n<p>Necklace 42 cm.<br \/>\nWhite Gold 0.750.<br \/>\n68 Diament\u00f3w, szlif brylantowy, o masie 0,82ct., barwa G-H, czysto\u015b\u0107 SI1.<\/p>\n<p>\u015arednica 16.5 mm.<br \/>\nGrubo\u015b\u0107 7 mm.<\/p>\n<p>W \u0142a\u0144cuszku r\u00f3wnie\u017c osadzone s\u0105 diamenty.<br \/>\n<strong>Product available on request only, lead time approx. 5 weeks.<\/strong><\/p>","protected":false},"excerpt":{"rendered":"<p>An elegant necklace in 0.750 white gold, adorned with 68 diamonds weighing a total of 0.82 ct, which are stunning in their brilliance. The central round pendant sparkles with the beauty of the diamonds, creating a unique effect of dazzle and luxury. The delicate chain, also set with diamonds, adds a touch of sophistication and makes the necklace look great around the neck. An ideal choice for women who appreciate timeless elegance and modern style.<\/p>","protected":false},"featured_media":18769,"comment_status":"closed","ping_status":"closed","template":"","meta":{"om_disable_all_campaigns":false},"product_brand":[2284],"product_cat":[1803,6895,719],"product_tag":[2308,3781,2541,3793,4062,2301,4066,3754,4069,2296,3745,3755,3710,4072,3727,3764,4074,4071,4073,2378,4068,2983,4070,3777,3833],"class_list":{"0":"post-14706","1":"product","2":"type-product","3":"status-publish","4":"has-post-thumbnail","6":"product_brand-staviori","7":"product_cat-brylanty-exclusive","8":"product_cat-naszyjnik","9":"product_cat-naszyjniki","10":"product_tag-biale-zloto","11":"product_tag-bile-zlato","12":"product_tag-bizuteria-damska","13":"product_tag-brilianty","14":"product_tag-brilliant-cut","15":"product_tag-brylanty","16":"product_tag-damska-bizuterie","17":"product_tag-darek","18":"product_tag-ddn0304","19":"product_tag-diamenty","20":"product_tag-diamonds","21":"product_tag-elegance","22":"product_tag-elegancja","23":"product_tag-gift-nahrdelnik","24":"product_tag-luksus","25":"product_tag-luxury","26":"product_tag-luxus","27":"product_tag-modern-style","28":"product_tag-moderni-styl","29":"product_tag-naszyjnik","30":"product_tag-nbd1782","31":"product_tag-nowoczesny-styl","32":"product_tag-prezent-necklace","33":"product_tag-white-gold","34":"product_tag-womens-jewelry","35":"pa_barwa-g-h","36":"pa_czystosc-si1","37":"pa_dostawca-draco","38":"pa_grubosc-7mm","39":"pa_kamien-brylanty","40":"pa_kolor-biale","41":"pa_kruszec-zloto","42":"pa_proba-0-750","43":"pa_srednica-16-5mm","44":"pa_waga-9-33g","46":"first","47":"onbackorder","48":"purchasable","49":"product-type-simple"},"aioseo_notices":[],"_links":{"self":[{"href":"https:\/\/staviori.com.pl\/en\/wp-json\/wp\/v2\/product\/14706","targetHints":{"allow":["GET"]}}],"collection":[{"href":"https:\/\/staviori.com.pl\/en\/wp-json\/wp\/v2\/product"}],"about":[{"href":"https:\/\/staviori.com.pl\/en\/wp-json\/wp\/v2\/types\/product"}],"replies":[{"embeddable":true,"href":"https:\/\/staviori.com.pl\/en\/wp-json\/wp\/v2\/comments?post=14706"}],"wp:featuredmedia":[{"embeddable":true,"href":"https:\/\/staviori.com.pl\/en\/wp-json\/wp\/v2\/media\/18769"}],"wp:attachment":[{"href":"https:\/\/staviori.com.pl\/en\/wp-json\/wp\/v2\/media?parent=14706"}],"wp:term":[{"taxonomy":"product_brand","embeddable":true,"href":"https:\/\/staviori.com.pl\/en\/wp-json\/wp\/v2\/product_brand?post=14706"},{"taxonomy":"product_cat","embeddable":true,"href":"https:\/\/staviori.com.pl\/en\/wp-json\/wp\/v2\/product_cat?post=14706"},{"taxonomy":"product_tag","embeddable":true,"href":"https:\/\/staviori.com.pl\/en\/wp-json\/wp\/v2\/product_tag?post=14706"}],"curies":[{"name":"wp","href":"https:\/\/api.w.org\/{rel}","templated":true}]}}