{"id":14705,"date":"2025-02-24T22:47:03","date_gmt":"2025-02-24T21:47:03","guid":{"rendered":"https:\/\/staviori.com.pl\/product\/zloty-lancuszek-lzx6394\/"},"modified":"2026-04-08T13:53:10","modified_gmt":"2026-04-08T11:53:10","slug":"zloty-lancuszek-lzx6394","status":"publish","type":"product","link":"https:\/\/staviori.com.pl\/en\/product\/zloty-lancuszek-lzx6394\/","title":{"rendered":"Gold chain SINGAPUR 1.5mm 333 42\/45\/50 cm"},"content":{"rendered":"<p>Model: LZX6394<br \/>\nWeight approx. 1.15g<\/p>\n<p>Chain 42\/45\/50 cm.<br \/>\nYellow gold 0.333.<\/p>\n<p>Szeroko\u015b\u0107 1.5 mm.<br \/>\nGrubo\u015b\u0107 0.3 mm.<\/p>\n<p>\u0141a\u0144cuszek zosta\u0142 wykonany z \u017c\u00f3\u0142tego z\u0142ota o pr\u00f3bie 0,333. Ma splot skr\u0119cony, znany r\u00f3wnie\u017c jako splot singapur. Powierzchnia jest szlifowana i pi\u0119knie b\u0142yszcz\u0105ca. Splot ma szeroko\u015b\u0107 1,5 mm oraz grubo\u015b\u0107 0,3 mm. Dzi\u0119ki swojemu skr\u0119conemu wzorowi, \u0142adnie uk\u0142ada si\u0119 na ciele i pi\u0119knie po\u0142yskuje. To idealny wyb\u00f3r zar\u00f3wno do noszenia samodzielnego, jak i w po\u0142\u0105czeniu z wisiorkami.<\/p>","protected":false},"excerpt":{"rendered":"<p>Delikatny \u0142a\u0144cuszek o splocie singapur wykonany z \u017c\u00f3\u0142tego z\u0142ota pr\u00f3by 0,333 zachwyca subtelnym blaskiem i elegancj\u0105. Jego skr\u0119cony wz\u00f3r pi\u0119knie odbija \u015bwiat\u0142o, tworz\u0105c wyj\u0105tkowy efekt po\u0142ysku. Doskonale uk\u0142ada si\u0119 na szyi, podkre\u015blaj\u0105c szyk ka\u017cdej stylizacji. Idealny zar\u00f3wno do noszenia solo, jak i w zestawie z ulubionym wisiorkiem. Bi\u017cuteria, kt\u00f3ra podkre\u015bli Tw\u00f3j indywidualny styl i doda uroku ka\u017cdego dnia.<\/p>","protected":false},"featured_media":18771,"comment_status":"closed","ping_status":"closed","template":"","meta":{"om_disable_all_campaigns":false},"product_brand":[2284,2350],"product_cat":[1384,690,1930,176,2072],"product_tag":[3720,3940,3710,3717,3807,4075,2332,2549,4076,4004,2522],"class_list":{"0":"post-14705","1":"product","2":"type-product","3":"status-publish","4":"has-post-thumbnail","6":"product_brand-staviori","7":"product_brand-verona","8":"product_cat-bizuteria","9":"product_cat-lancuszki","10":"product_cat-zloto-2","11":"product_cat-zloto","12":"product_cat-zloty-lancuszek","13":"product_tag-bizuteria","14":"product_tag-delikatny-lancuszek","15":"product_tag-elegancja","16":"product_tag-klasyka","17":"product_tag-lancuszek","18":"product_tag-lzx6394","19":"product_tag-prezent","20":"product_tag-splot-singapur","21":"product_tag-xaa0872","22":"product_tag-zloty-lancuszek","23":"product_tag-zolte-zloto","24":"pa_grubosc-0-3mm","25":"pa_kolor-zolte","26":"pa_kruszec-zloto","27":"pa_proba-0-333","28":"pa_rozmiar-42cm","29":"pa_rozmiar-45cm","30":"pa_rozmiar-50cm","31":"pa_splot-singapur","32":"pa_szerokosc-1-5mm","33":"pa_waga-1-15g","35":"first","36":"instock","37":"purchasable","38":"product-type-variable","39":"has-default-attributes"},"aioseo_notices":[],"_links":{"self":[{"href":"https:\/\/staviori.com.pl\/en\/wp-json\/wp\/v2\/product\/14705","targetHints":{"allow":["GET"]}}],"collection":[{"href":"https:\/\/staviori.com.pl\/en\/wp-json\/wp\/v2\/product"}],"about":[{"href":"https:\/\/staviori.com.pl\/en\/wp-json\/wp\/v2\/types\/product"}],"replies":[{"embeddable":true,"href":"https:\/\/staviori.com.pl\/en\/wp-json\/wp\/v2\/comments?post=14705"}],"wp:featuredmedia":[{"embeddable":true,"href":"https:\/\/staviori.com.pl\/en\/wp-json\/wp\/v2\/media\/18771"}],"wp:attachment":[{"href":"https:\/\/staviori.com.pl\/en\/wp-json\/wp\/v2\/media?parent=14705"}],"wp:term":[{"taxonomy":"product_brand","embeddable":true,"href":"https:\/\/staviori.com.pl\/en\/wp-json\/wp\/v2\/product_brand?post=14705"},{"taxonomy":"product_cat","embeddable":true,"href":"https:\/\/staviori.com.pl\/en\/wp-json\/wp\/v2\/product_cat?post=14705"},{"taxonomy":"product_tag","embeddable":true,"href":"https:\/\/staviori.com.pl\/en\/wp-json\/wp\/v2\/product_tag?post=14705"}],"curies":[{"name":"wp","href":"https:\/\/api.w.org\/{rel}","templated":true}]}}