{"id":14697,"date":"2025-02-24T22:46:59","date_gmt":"2025-02-24T21:46:59","guid":{"rendered":"https:\/\/staviori.com.pl\/product\/zloty-lancuszek-lzx4214\/"},"modified":"2026-03-16T07:26:11","modified_gmt":"2026-03-16T06:26:11","slug":"zloty-lancuszek-lzx4214","status":"publish","type":"product","link":"https:\/\/staviori.com.pl\/en\/product\/zloty-lancuszek-lzx4214\/","title":{"rendered":"Chain SINGAPUR weave yellow gold 0.333 2.2mm 50cm"},"content":{"rendered":"<p>Model: LZX4214<br \/>\nWeight approx. 3.40g<\/p>\n<p>\u0141a\u0144cuszek 50 cm.<br \/>\nSINGAPORE<br \/>\nYellow gold 0.333.<br \/>\nSzeroko\u015b\u0107 2.25 mm.<\/p>","protected":false},"excerpt":{"rendered":"<p>Wyrazisty \u0142a\u0144cuszek typu Singapur wykonany z \u017c\u00f3\u0142tego z\u0142ota pr\u00f3by 0,333 zachwyca efektownym, skr\u0119canym splotem i pi\u0119knym po\u0142yskiem. Ten model to idealna propozycja dla os\u00f3b, kt\u00f3re lubi\u0105 przyci\u0105ga\u0107 spojrzenia stylow\u0105 bi\u017cuteri\u0105. Doskonale prezentuje si\u0119 zar\u00f3wno solo, jak i w zestawieniu z zawieszk\u0105, dodaj\u0105c elegancji ka\u017cdej stylizacji.<\/p>","protected":false},"featured_media":18706,"comment_status":"closed","ping_status":"closed","template":"","meta":{"om_disable_all_campaigns":false},"product_brand":[2284,2350],"product_cat":[690,1930,2072],"product_tag":[3740,3710,3807,4022,3966,2332,1403,3939,4023,2522],"class_list":{"0":"post-14697","1":"product","2":"type-product","3":"status-publish","4":"has-post-thumbnail","6":"product_brand-staviori","7":"product_brand-verona","8":"product_cat-lancuszki","9":"product_cat-zloto-2","10":"product_cat-zloty-lancuszek","11":"product_tag-efektowna-bizuteria","12":"product_tag-elegancja","13":"product_tag-lancuszek","14":"product_tag-lzx4214","15":"product_tag-masywny-lancuszek","16":"product_tag-prezent","17":"product_tag-singapur","18":"product_tag-skrecany-lancuszek","19":"product_tag-xaa0263","20":"product_tag-zolte-zloto","21":"pa_kolor-zolte","22":"pa_kruszec-zloto","23":"pa_proba-0-333","24":"pa_splot-singapur","25":"pa_szerokosc-2-25mm","26":"pa_waga-340g","28":"first","29":"instock","30":"purchasable","31":"product-type-simple"},"aioseo_notices":[],"_links":{"self":[{"href":"https:\/\/staviori.com.pl\/en\/wp-json\/wp\/v2\/product\/14697","targetHints":{"allow":["GET"]}}],"collection":[{"href":"https:\/\/staviori.com.pl\/en\/wp-json\/wp\/v2\/product"}],"about":[{"href":"https:\/\/staviori.com.pl\/en\/wp-json\/wp\/v2\/types\/product"}],"replies":[{"embeddable":true,"href":"https:\/\/staviori.com.pl\/en\/wp-json\/wp\/v2\/comments?post=14697"}],"wp:featuredmedia":[{"embeddable":true,"href":"https:\/\/staviori.com.pl\/en\/wp-json\/wp\/v2\/media\/18706"}],"wp:attachment":[{"href":"https:\/\/staviori.com.pl\/en\/wp-json\/wp\/v2\/media?parent=14697"}],"wp:term":[{"taxonomy":"product_brand","embeddable":true,"href":"https:\/\/staviori.com.pl\/en\/wp-json\/wp\/v2\/product_brand?post=14697"},{"taxonomy":"product_cat","embeddable":true,"href":"https:\/\/staviori.com.pl\/en\/wp-json\/wp\/v2\/product_cat?post=14697"},{"taxonomy":"product_tag","embeddable":true,"href":"https:\/\/staviori.com.pl\/en\/wp-json\/wp\/v2\/product_tag?post=14697"}],"curies":[{"name":"wp","href":"https:\/\/api.w.org\/{rel}","templated":true}]}}