{"id":14695,"date":"2025-02-24T22:46:59","date_gmt":"2025-02-24T21:46:59","guid":{"rendered":"https:\/\/staviori.com.pl\/product\/zloty-lancuszek-lzx4209\/"},"modified":"2026-04-13T23:10:23","modified_gmt":"2026-04-13T21:10:23","slug":"zloty-lancuszek-lzx4209","status":"publish","type":"product","link":"https:\/\/staviori.com.pl\/en\/product\/zloty-lancuszek-lzx4209\/","title":{"rendered":"Gold Chain 333 Anker 0.6mm 38\/40\/42\/45cm Gold Chain"},"content":{"rendered":"<p>Model: LZX4209<br \/>\nWeight approx. 0.59g<\/p>\n<p>\u0141a\u0144cuszek 38\/40\/42\/45 cm.<br \/>\nYellow gold 0.333.<br \/>\n0.6 mm wide.<br \/>\nSplot typu Ankier<\/p>","protected":false},"excerpt":{"rendered":"<p>Delikatny \u0142a\u0144cuszek o klasycznym splocie Ankier wykonany z \u017c\u00f3\u0142tego z\u0142ota pr\u00f3by 0,333 to subtelny dodatek, kt\u00f3ry pi\u0119knie podkre\u015bli ka\u017cd\u0105 stylizacj\u0119. Jego lekko\u015b\u0107 i elegancja sprawiaj\u0105, \u017ce doskonale prezentuje si\u0119 zar\u00f3wno solo, jak i z ulubion\u0105 zawieszk\u0105. To wyb\u00f3r dla os\u00f3b ceni\u0105cych ponadczasow\u0105 prostot\u0119 i wyrafinowany styl.<\/p>","protected":false},"featured_media":18661,"comment_status":"closed","ping_status":"closed","template":"","meta":{"om_disable_all_campaigns":false},"product_brand":[2284,2350],"product_cat":[1384,690,176,1930,2072],"product_tag":[4001,2543,3919,3807,3998,2332,2607,3999,2522],"class_list":{"0":"post-14695","1":"product","2":"type-product","3":"status-publish","4":"has-post-thumbnail","6":"product_brand-staviori","7":"product_brand-verona","8":"product_cat-bizuteria","9":"product_cat-lancuszki","10":"product_cat-zloto","11":"product_cat-zloto-2","12":"product_cat-zloty-lancuszek","13":"product_tag-ankier","14":"product_tag-bizuteria-zlota","15":"product_tag-klasyczny-lancuszek","16":"product_tag-lancuszek","17":"product_tag-lzx4209","18":"product_tag-prezent","19":"product_tag-subtelna-bizuteria","20":"product_tag-xaa9334","21":"product_tag-zolte-zloto","22":"pa_kolor-zolte","23":"pa_kruszec-zloto","24":"pa_proba-0-333","25":"pa_rozmiar-38cm","26":"pa_rozmiar-40cm","27":"pa_rozmiar-42cm","28":"pa_rozmiar-45cm","29":"pa_szerokosc-0-6mm","30":"pa_waga-059g","32":"first","33":"instock","34":"purchasable","35":"product-type-variable","36":"has-default-attributes"},"aioseo_notices":[],"_links":{"self":[{"href":"https:\/\/staviori.com.pl\/en\/wp-json\/wp\/v2\/product\/14695","targetHints":{"allow":["GET"]}}],"collection":[{"href":"https:\/\/staviori.com.pl\/en\/wp-json\/wp\/v2\/product"}],"about":[{"href":"https:\/\/staviori.com.pl\/en\/wp-json\/wp\/v2\/types\/product"}],"replies":[{"embeddable":true,"href":"https:\/\/staviori.com.pl\/en\/wp-json\/wp\/v2\/comments?post=14695"}],"wp:featuredmedia":[{"embeddable":true,"href":"https:\/\/staviori.com.pl\/en\/wp-json\/wp\/v2\/media\/18661"}],"wp:attachment":[{"href":"https:\/\/staviori.com.pl\/en\/wp-json\/wp\/v2\/media?parent=14695"}],"wp:term":[{"taxonomy":"product_brand","embeddable":true,"href":"https:\/\/staviori.com.pl\/en\/wp-json\/wp\/v2\/product_brand?post=14695"},{"taxonomy":"product_cat","embeddable":true,"href":"https:\/\/staviori.com.pl\/en\/wp-json\/wp\/v2\/product_cat?post=14695"},{"taxonomy":"product_tag","embeddable":true,"href":"https:\/\/staviori.com.pl\/en\/wp-json\/wp\/v2\/product_tag?post=14695"}],"curies":[{"name":"wp","href":"https:\/\/api.w.org\/{rel}","templated":true}]}}