{"id":14680,"date":"2025-02-24T22:46:56","date_gmt":"2025-02-24T21:46:56","guid":{"rendered":"https:\/\/staviori.com.pl\/product\/zloty-lancuszek-lzg6050\/"},"modified":"2026-02-11T00:08:53","modified_gmt":"2026-02-10T23:08:53","slug":"zloty-lancuszek-lzg6050","status":"publish","type":"product","link":"https:\/\/staviori.com.pl\/en\/product\/zloty-lancuszek-lzg6050\/","title":{"rendered":"Gold chain in yellow gold 585 Ankier weave 43cm"},"content":{"rendered":"<p>Model: LZG6050<br \/>\nWeight approx. 0.80g<\/p>\n<p>\u0141a\u0144cuszek 43 cm.<br \/>\nYellow gold 0.585.<br \/>\nSzeroko\u015b\u0107 0.9 mm.<\/p>\n<p>Adjustable length 45cm or 42cm.<\/p>\n<p>Weave: Ankier<\/p>","protected":false},"excerpt":{"rendered":"<p>Subtelny \u0142a\u0144cuszek o klasycznym splocie Ankier, wykonany z \u017c\u00f3\u0142tego z\u0142ota pr\u00f3by 0,585. Jego delikatna forma i uniwersalna d\u0142ugo\u015b\u0107 sprawiaj\u0105, \u017ce doskonale sprawdzi si\u0119 zar\u00f3wno jako samodzielna ozdoba, jak i baza do zawieszek. Cienki, elegancki i pe\u0142en uroku \u2013 idealny na co dzie\u0144 oraz na wyj\u0105tkowe okazje.<\/p>","protected":false},"featured_media":3331,"comment_status":"closed","ping_status":"closed","template":"","meta":{"om_disable_all_campaigns":false},"product_brand":[2284],"product_cat":[690,1930,2072],"product_tag":[4001,4786,2798,3940,4787,4784,4783,2364,4785,2522],"class_list":{"0":"post-14680","1":"product","2":"type-product","3":"status-publish","4":"has-post-thumbnail","6":"product_brand-staviori","7":"product_cat-lancuszki","8":"product_cat-zloto-2","9":"product_cat-zloty-lancuszek","10":"product_tag-ankier","11":"product_tag-baza-do-zawieszki","12":"product_tag-bizuteria-staviori","13":"product_tag-delikatny-lancuszek","14":"product_tag-lancuszek-43-cm","15":"product_tag-lancuszek-zloty","16":"product_tag-lzg6050","17":"product_tag-zloto-585","18":"product_tag-zloty-lancuszek-damski","19":"product_tag-zolte-zloto","20":"pa_kolor-zolte","21":"pa_kruszec-zloto","22":"pa_proba-0-585","23":"pa_splot-ankier","24":"pa_szerokosc-0-9mm","25":"pa_waga-0-80g","27":"first","28":"instock","29":"purchasable","30":"product-type-simple"},"aioseo_notices":[],"_links":{"self":[{"href":"https:\/\/staviori.com.pl\/en\/wp-json\/wp\/v2\/product\/14680","targetHints":{"allow":["GET"]}}],"collection":[{"href":"https:\/\/staviori.com.pl\/en\/wp-json\/wp\/v2\/product"}],"about":[{"href":"https:\/\/staviori.com.pl\/en\/wp-json\/wp\/v2\/types\/product"}],"replies":[{"embeddable":true,"href":"https:\/\/staviori.com.pl\/en\/wp-json\/wp\/v2\/comments?post=14680"}],"wp:featuredmedia":[{"embeddable":true,"href":"https:\/\/staviori.com.pl\/en\/wp-json\/wp\/v2\/media\/3331"}],"wp:attachment":[{"href":"https:\/\/staviori.com.pl\/en\/wp-json\/wp\/v2\/media?parent=14680"}],"wp:term":[{"taxonomy":"product_brand","embeddable":true,"href":"https:\/\/staviori.com.pl\/en\/wp-json\/wp\/v2\/product_brand?post=14680"},{"taxonomy":"product_cat","embeddable":true,"href":"https:\/\/staviori.com.pl\/en\/wp-json\/wp\/v2\/product_cat?post=14680"},{"taxonomy":"product_tag","embeddable":true,"href":"https:\/\/staviori.com.pl\/en\/wp-json\/wp\/v2\/product_tag?post=14680"}],"curies":[{"name":"wp","href":"https:\/\/api.w.org\/{rel}","templated":true}]}}