{"id":14673,"date":"2025-02-24T22:46:56","date_gmt":"2025-02-24T21:46:56","guid":{"rendered":"https:\/\/staviori.com.pl\/product\/srebrny-lancuszek-lsx6019\/"},"modified":"2026-04-13T23:09:12","modified_gmt":"2026-04-13T21:09:12","slug":"srebrny-lancuszek-lsx6019","status":"publish","type":"product","link":"https:\/\/staviori.com.pl\/en\/product\/srebrny-lancuszek-lsx6019\/","title":{"rendered":"Srebrny \u0142a\u0144cuszek m\u0119ski 3mm 925 | 50\/55cm"},"content":{"rendered":"<p>Model: LSX6019<br \/>\nWeight approx. 7.90g<\/p>\n<p>Chain 50cm \/ 55cm<br \/>\n0.925 silver.<br \/>\n3 mm wide.<\/p>","protected":false},"excerpt":{"rendered":"<p>A stylish chain with a unique weave, made of sterling silver 0.925, is an ideal choice for those who appreciate subtle elegance and universality. With a width of 3mm, it looks delicate, yet catches the eye with its striking shine. It is perfect to wear solo, as well as in a set with your favourite pendant. The 50 cm long silver chain is a timeless accessory for any occasion.<\/p>","protected":false},"featured_media":18562,"comment_status":"closed","ping_status":"closed","template":"","meta":{"om_disable_all_campaigns":false},"product_brand":[2284,2350],"product_cat":[1384,690,2075,1817,145],"product_tag":[2317,3919,3923,3918,3917,3925,2332,3922,3915,3924,2427],"class_list":{"0":"post-14673","1":"product","2":"type-product","3":"status-publish","4":"has-post-thumbnail","6":"product_brand-staviori","7":"product_brand-verona","8":"product_cat-bizuteria","9":"product_cat-lancuszki","10":"product_cat-srebrny-lancuszek","11":"product_cat-srebro-2","12":"product_cat-srebro","13":"product_tag-elegancka-bizuteria","14":"product_tag-klasyczny-lancuszek","15":"product_tag-lancuszek-3-mm","16":"product_tag-lancuszek-damski","17":"product_tag-lancuszek-meski","18":"product_tag-lsx6019","19":"product_tag-prezent","20":"product_tag-slr1362","21":"product_tag-srebrny-lancuszek","22":"product_tag-srebrny-naszyjnik","23":"product_tag-srebro-925","24":"pa_kruszec-srebro","25":"pa_proba-0-925","26":"pa_rozmiar-50cm","27":"pa_rozmiar-55cm","28":"pa_szerokosc-3mm","29":"pa_waga-7-90g","30":"pa_zapiecie-karabinczyk","32":"first","33":"instock","34":"purchasable","35":"product-type-variable"},"aioseo_notices":[],"_links":{"self":[{"href":"https:\/\/staviori.com.pl\/en\/wp-json\/wp\/v2\/product\/14673","targetHints":{"allow":["GET"]}}],"collection":[{"href":"https:\/\/staviori.com.pl\/en\/wp-json\/wp\/v2\/product"}],"about":[{"href":"https:\/\/staviori.com.pl\/en\/wp-json\/wp\/v2\/types\/product"}],"replies":[{"embeddable":true,"href":"https:\/\/staviori.com.pl\/en\/wp-json\/wp\/v2\/comments?post=14673"}],"wp:featuredmedia":[{"embeddable":true,"href":"https:\/\/staviori.com.pl\/en\/wp-json\/wp\/v2\/media\/18562"}],"wp:attachment":[{"href":"https:\/\/staviori.com.pl\/en\/wp-json\/wp\/v2\/media?parent=14673"}],"wp:term":[{"taxonomy":"product_brand","embeddable":true,"href":"https:\/\/staviori.com.pl\/en\/wp-json\/wp\/v2\/product_brand?post=14673"},{"taxonomy":"product_cat","embeddable":true,"href":"https:\/\/staviori.com.pl\/en\/wp-json\/wp\/v2\/product_cat?post=14673"},{"taxonomy":"product_tag","embeddable":true,"href":"https:\/\/staviori.com.pl\/en\/wp-json\/wp\/v2\/product_tag?post=14673"}],"curies":[{"name":"wp","href":"https:\/\/api.w.org\/{rel}","templated":true}]}}