{"id":14669,"date":"2025-02-24T22:46:56","date_gmt":"2025-02-24T21:46:56","guid":{"rendered":"https:\/\/staviori.com.pl\/product\/srebrny-lancuszek-lsx0090\/"},"modified":"2026-04-08T14:47:35","modified_gmt":"2026-04-08T12:47:35","slug":"srebrny-lancuszek-lsx0090","status":"publish","type":"product","link":"https:\/\/staviori.com.pl\/en\/product\/srebrny-lancuszek-lsx0090\/","title":{"rendered":"Silver chain SINGAPUR 3mm 45\/50cm"},"content":{"rendered":"<p>Model: LSX0090<br \/>\nWaga ok. 3,70g<\/p>\n<p>\u0141a\u0144cuszek 45cm \/ 50cm<br \/>\nSINGAPORE<br \/>\n0.925 silver.<br \/>\n3 mm wide.<\/p>","protected":false},"excerpt":{"rendered":"<p>Subtelny \u0142a\u0144cuszek o splocie Singapur wykonany ze srebra pr\u00f3by 0,925 to wyj\u0105tkowy dodatek, kt\u00f3ry zachwyca oryginalnym, lekko skr\u0119conym wzorem. Jego wyrazisty po\u0142ysk pi\u0119knie odbija \u015bwiat\u0142o, podkre\u015blaj\u0105c elegancj\u0119 ka\u017cdej stylizacji. Szeroko\u015b\u0107 3 mm i d\u0142ugo\u015b\u0107 45 cm sprawiaj\u0105, \u017ce \u0142a\u0144cuszek prezentuje si\u0119 lekko, a jednocze\u015bnie efektownie \u2013 doskona\u0142y zar\u00f3wno do noszenia solo, jak i z ulubion\u0105 zawieszk\u0105.<\/p>","protected":false},"featured_media":18575,"comment_status":"closed","ping_status":"closed","template":"","meta":{"om_disable_all_campaigns":false},"product_brand":[2284,2350],"product_cat":[1384,690,2075,145,1817],"product_tag":[3940,2317,3934,3937,2332,1403,3939,3938,2549,3915,2427],"class_list":{"0":"post-14669","1":"product","2":"type-product","3":"status-publish","4":"has-post-thumbnail","6":"product_brand-staviori","7":"product_brand-verona","8":"product_cat-bizuteria","9":"product_cat-lancuszki","10":"product_cat-srebrny-lancuszek","11":"product_cat-srebro","12":"product_cat-srebro-2","13":"product_tag-delikatny-lancuszek","14":"product_tag-elegancka-bizuteria","15":"product_tag-lancuszek-do-zawieszki","16":"product_tag-lsx0090","17":"product_tag-prezent","18":"product_tag-singapur","19":"product_tag-skrecany-lancuszek","20":"product_tag-sls1336","21":"product_tag-splot-singapur","22":"product_tag-srebrny-lancuszek","23":"product_tag-srebro-925","24":"pa_kruszec-srebro","25":"pa_proba-0-925","26":"pa_rozmiar-45cm","27":"pa_rozmiar-50cm","28":"pa_szerokosc-3mm","29":"pa_waga-3-70g","31":"first","32":"instock","33":"purchasable","34":"product-type-variable","35":"has-default-attributes"},"aioseo_notices":[],"_links":{"self":[{"href":"https:\/\/staviori.com.pl\/en\/wp-json\/wp\/v2\/product\/14669","targetHints":{"allow":["GET"]}}],"collection":[{"href":"https:\/\/staviori.com.pl\/en\/wp-json\/wp\/v2\/product"}],"about":[{"href":"https:\/\/staviori.com.pl\/en\/wp-json\/wp\/v2\/types\/product"}],"replies":[{"embeddable":true,"href":"https:\/\/staviori.com.pl\/en\/wp-json\/wp\/v2\/comments?post=14669"}],"wp:featuredmedia":[{"embeddable":true,"href":"https:\/\/staviori.com.pl\/en\/wp-json\/wp\/v2\/media\/18575"}],"wp:attachment":[{"href":"https:\/\/staviori.com.pl\/en\/wp-json\/wp\/v2\/media?parent=14669"}],"wp:term":[{"taxonomy":"product_brand","embeddable":true,"href":"https:\/\/staviori.com.pl\/en\/wp-json\/wp\/v2\/product_brand?post=14669"},{"taxonomy":"product_cat","embeddable":true,"href":"https:\/\/staviori.com.pl\/en\/wp-json\/wp\/v2\/product_cat?post=14669"},{"taxonomy":"product_tag","embeddable":true,"href":"https:\/\/staviori.com.pl\/en\/wp-json\/wp\/v2\/product_tag?post=14669"}],"curies":[{"name":"wp","href":"https:\/\/api.w.org\/{rel}","templated":true}]}}