{"id":14664,"date":"2025-02-24T22:46:56","date_gmt":"2025-02-24T21:46:56","guid":{"rendered":"https:\/\/staviori.com.pl\/product\/srebrny-lancuszek-ldx1945\/"},"modified":"2026-04-08T14:35:15","modified_gmt":"2026-04-08T12:35:15","slug":"srebrny-lancuszek-ldx1945","status":"publish","type":"product","link":"https:\/\/staviori.com.pl\/en\/product\/srebrny-lancuszek-ldx1945\/","title":{"rendered":"Silver chain KORD 1,5mm 45\/50\/55\/60\/70 cm"},"content":{"rendered":"<p>Model: LDX1945<br \/>\nWeight approx. 3.30g<\/p>\n<p>\u0141a\u0144cuszek 45\/50\/55\/60\/70 cm<br \/>\nKORD<br \/>\n0.925 rhodium-plated silver.<br \/>\nThickness 1.5 mm.<\/p>","protected":false},"excerpt":{"rendered":"<p>Srebrny \u0142a\u0144cuszek o splocie kord, wykonany z rodowanego srebra pr\u00f3by 0,925, to propozycja dla mi\u0142o\u015bnik\u00f3w wyrazistej, a jednocze\u015bnie subtelnej bi\u017cuterii. Pleciony wz\u00f3r o grubo\u015bci 1,5 mm pi\u0119knie odbija \u015bwiat\u0142o, tworz\u0105c efekt eleganckiego po\u0142ysku. D\u0142ugo\u015b\u0107 45 cm sprawia, \u017ce \u0142a\u0144cuszek \u015bwietnie prezentuje si\u0119 zar\u00f3wno samodzielnie, jak i w po\u0142\u0105czeniu z zawieszk\u0105. Kord to ponadczasowy klasyk, idealny na ka\u017cd\u0105 okazj\u0119.<\/p>","protected":false},"featured_media":18609,"comment_status":"closed","ping_status":"closed","template":"","meta":{"om_disable_all_campaigns":false},"product_brand":[2284,2350],"product_cat":[1384,690,2075,145,1817],"product_tag":[2428,3919,3953,3952,3956,2332,3955,3957,3954,3915,2427,2426],"class_list":{"0":"post-14664","1":"product","2":"type-product","3":"status-publish","4":"has-post-thumbnail","6":"product_brand-staviori","7":"product_brand-verona","8":"product_cat-bizuteria","9":"product_cat-lancuszki","10":"product_cat-srebrny-lancuszek","11":"product_cat-srebro","12":"product_cat-srebro-2","13":"product_tag-bizuteria-srebrna","14":"product_tag-klasyczny-lancuszek","15":"product_tag-kord","16":"product_tag-ldx1945","17":"product_tag-pleciony-lancuszek","18":"product_tag-prezent","19":"product_tag-rope-chain","20":"product_tag-slr1522","21":"product_tag-splot-kord","22":"product_tag-srebrny-lancuszek","23":"product_tag-srebro-925","24":"product_tag-srebro-rodowane","25":"pa_grubosc-1-5mm","26":"pa_kruszec-srebro-rodowane","27":"pa_proba-0-925","28":"pa_rozmiar-45cm","29":"pa_rozmiar-50cm","30":"pa_rozmiar-55cm","31":"pa_rozmiar-60cm","32":"pa_rozmiar-70cm","33":"pa_waga-3-30g","35":"first","36":"instock","37":"purchasable","38":"product-type-variable","39":"has-default-attributes"},"aioseo_notices":[],"_links":{"self":[{"href":"https:\/\/staviori.com.pl\/en\/wp-json\/wp\/v2\/product\/14664","targetHints":{"allow":["GET"]}}],"collection":[{"href":"https:\/\/staviori.com.pl\/en\/wp-json\/wp\/v2\/product"}],"about":[{"href":"https:\/\/staviori.com.pl\/en\/wp-json\/wp\/v2\/types\/product"}],"replies":[{"embeddable":true,"href":"https:\/\/staviori.com.pl\/en\/wp-json\/wp\/v2\/comments?post=14664"}],"wp:featuredmedia":[{"embeddable":true,"href":"https:\/\/staviori.com.pl\/en\/wp-json\/wp\/v2\/media\/18609"}],"wp:attachment":[{"href":"https:\/\/staviori.com.pl\/en\/wp-json\/wp\/v2\/media?parent=14664"}],"wp:term":[{"taxonomy":"product_brand","embeddable":true,"href":"https:\/\/staviori.com.pl\/en\/wp-json\/wp\/v2\/product_brand?post=14664"},{"taxonomy":"product_cat","embeddable":true,"href":"https:\/\/staviori.com.pl\/en\/wp-json\/wp\/v2\/product_cat?post=14664"},{"taxonomy":"product_tag","embeddable":true,"href":"https:\/\/staviori.com.pl\/en\/wp-json\/wp\/v2\/product_tag?post=14664"}],"curies":[{"name":"wp","href":"https:\/\/api.w.org\/{rel}","templated":true}]}}