{"id":14662,"date":"2025-02-24T22:46:52","date_gmt":"2025-02-24T21:46:52","guid":{"rendered":"https:\/\/staviori.com.pl\/product\/srebrny-lancuszek-ldx1510\/"},"modified":"2026-04-08T14:46:02","modified_gmt":"2026-04-08T12:46:02","slug":"srebrny-lancuszek-ldx1510","status":"publish","type":"product","link":"https:\/\/staviori.com.pl\/en\/product\/srebrny-lancuszek-ldx1510\/","title":{"rendered":"Silver singapur chain width 1.3mm length 42cm \/ 45cm"},"content":{"rendered":"<p>Model: LDX1510<br \/>\nWaga ok. 1,43g<\/p>\n<p>\u0141a\u0144cuszek 42\/45 cm.<br \/>\n0.925 silver.<\/p>\n<p>Szeroko\u015b\u0107 1.3 mm.<\/p>\n<p>Splot typu singapur, skr\u0119cany. Szeroko\u015b\u0107 splotu 1,3 mm, powierzchnia szlifowana.<br \/>\nDzi\u0119ki skr\u0119ceniu, \u0142a\u0144cuszek bardzo \u0142adnie po\u0142yskuje. \u015awietny wz\u00f3r do noszenia wszelkich zawieszek, wisior\u00f3w, medalik\u00f3w. Bardzo dobrze prezentuje sie r\u00f3wnie\u017c noszony samodzielnie.<\/p>","protected":false},"excerpt":{"rendered":"<p>Subtelny 42 cm \u0142a\u0144cuszek typu Singapur wykonany z wysokiej pr\u00f3by srebra 0,925. Skr\u0119cany splot nadaje mu wyj\u0105tkowego blasku, kt\u00f3ry pi\u0119knie odbija \u015bwiat\u0142o przy ka\u017cdym ruchu. Uniwersalny wz\u00f3r sprawdzi si\u0119 zar\u00f3wno jako baza pod ulubion\u0105 zawieszk\u0119, jak i samodzielna, minimalistyczna ozdoba. Elegancja i lekko\u015b\u0107 tego \u0142a\u0144cuszka wnios\u0105 delikatny akcent luksusu do ka\u017cdej stylizacji.<\/p>","protected":false},"featured_media":20054,"comment_status":"closed","ping_status":"closed","template":"","meta":{"om_disable_all_campaigns":false},"product_brand":[2284,2350],"product_cat":[1384,690,2075,1817,145],"product_tag":[2428,5338,5346,5347,3915],"class_list":{"0":"post-14662","1":"product","2":"type-product","3":"status-publish","4":"has-post-thumbnail","6":"product_brand-staviori","7":"product_brand-verona","8":"product_cat-bizuteria","9":"product_cat-lancuszki","10":"product_cat-srebrny-lancuszek","11":"product_cat-srebro-2","12":"product_cat-srebro","13":"product_tag-bizuteria-srebrna","14":"product_tag-lancuszek-42-cm","15":"product_tag-lancuszek-singapur","16":"product_tag-lancuszek-skrecany","17":"product_tag-srebrny-lancuszek","18":"pa_kruszec-srebro","19":"pa_proba-0-925","20":"pa_rozmiar-42cm","21":"pa_rozmiar-45cm","22":"pa_splot-singapur","23":"pa_szerokosc-1-3mm","25":"first","26":"instock","27":"purchasable","28":"product-type-variable","29":"has-default-attributes"},"aioseo_notices":[],"_links":{"self":[{"href":"https:\/\/staviori.com.pl\/en\/wp-json\/wp\/v2\/product\/14662","targetHints":{"allow":["GET"]}}],"collection":[{"href":"https:\/\/staviori.com.pl\/en\/wp-json\/wp\/v2\/product"}],"about":[{"href":"https:\/\/staviori.com.pl\/en\/wp-json\/wp\/v2\/types\/product"}],"replies":[{"embeddable":true,"href":"https:\/\/staviori.com.pl\/en\/wp-json\/wp\/v2\/comments?post=14662"}],"wp:featuredmedia":[{"embeddable":true,"href":"https:\/\/staviori.com.pl\/en\/wp-json\/wp\/v2\/media\/20054"}],"wp:attachment":[{"href":"https:\/\/staviori.com.pl\/en\/wp-json\/wp\/v2\/media?parent=14662"}],"wp:term":[{"taxonomy":"product_brand","embeddable":true,"href":"https:\/\/staviori.com.pl\/en\/wp-json\/wp\/v2\/product_brand?post=14662"},{"taxonomy":"product_cat","embeddable":true,"href":"https:\/\/staviori.com.pl\/en\/wp-json\/wp\/v2\/product_cat?post=14662"},{"taxonomy":"product_tag","embeddable":true,"href":"https:\/\/staviori.com.pl\/en\/wp-json\/wp\/v2\/product_tag?post=14662"}],"curies":[{"name":"wp","href":"https:\/\/api.w.org\/{rel}","templated":true}]}}