{"id":14656,"date":"2025-02-24T22:46:52","date_gmt":"2025-02-24T21:46:52","guid":{"rendered":"https:\/\/staviori.com.pl\/product\/zloty-lancuszek-lbx5277\/"},"modified":"2026-02-11T00:08:51","modified_gmt":"2026-02-10T23:08:51","slug":"zloty-lancuszek-lbx5277","status":"publish","type":"product","link":"https:\/\/staviori.com.pl\/en\/product\/zloty-lancuszek-lbx5277\/","title":{"rendered":"Chain of white gold 585 sample length 42cm"},"content":{"rendered":"<p>Model: LBX5277<br \/>\nWaga ok. 0.80g<\/p>\n<p>\u0141a\u0144cuszek 42 cm.<br \/>\nWhite gold 0.585.<\/p>\n<p>Szeroko\u015b\u0107 0.9 mm.<\/p>","protected":false},"excerpt":{"rendered":"<p>Delikatny \u0142a\u0144cuszek wykonany z 14-karatowego bia\u0142ego z\u0142ota, o subtelnym splocie, kt\u00f3ry pi\u0119knie podkre\u015bla dekolt, nadaj\u0105c mu nowoczesny i elegancki charakter. Ponadczasowy wz\u00f3r sprawia, \u017ce doskonale sprawdzi si\u0119 zar\u00f3wno na co dzie\u0144, jak i przy wyj\u0105tkowych okazjach. Jego misterna konstrukcja emanuje lekko\u015bci\u0105 i finezj\u0105, wydobywaj\u0105c minimalistyczne pi\u0119kno nosz\u0105cej go osoby.<\/p>","protected":false},"featured_media":20073,"comment_status":"closed","ping_status":"closed","template":"","meta":{"om_disable_all_campaigns":false},"product_brand":[2284],"product_cat":[690,1930,2072],"product_tag":[2308,2541,3940,3807,5357,2384],"class_list":{"0":"post-14656","1":"product","2":"type-product","3":"status-publish","4":"has-post-thumbnail","6":"product_brand-staviori","7":"product_cat-lancuszki","8":"product_cat-zloto-2","9":"product_cat-zloty-lancuszek","10":"product_tag-biale-zloto","11":"product_tag-bizuteria-damska","12":"product_tag-delikatny-lancuszek","13":"product_tag-lancuszek","14":"product_tag-lbx5277","15":"product_tag-minimalistyczna-bizuteria","16":"pa_kolor-biale","17":"pa_kruszec-zloto","18":"pa_proba-0-585","19":"pa_rozmiar-42cm","20":"pa_splot-ankier","21":"pa_splot-rolo","22":"pa_szerokosc-0-9mm","23":"pa_waga-0-80g","25":"first","26":"instock","27":"purchasable","28":"product-type-simple"},"aioseo_notices":[],"_links":{"self":[{"href":"https:\/\/staviori.com.pl\/en\/wp-json\/wp\/v2\/product\/14656","targetHints":{"allow":["GET"]}}],"collection":[{"href":"https:\/\/staviori.com.pl\/en\/wp-json\/wp\/v2\/product"}],"about":[{"href":"https:\/\/staviori.com.pl\/en\/wp-json\/wp\/v2\/types\/product"}],"replies":[{"embeddable":true,"href":"https:\/\/staviori.com.pl\/en\/wp-json\/wp\/v2\/comments?post=14656"}],"wp:featuredmedia":[{"embeddable":true,"href":"https:\/\/staviori.com.pl\/en\/wp-json\/wp\/v2\/media\/20073"}],"wp:attachment":[{"href":"https:\/\/staviori.com.pl\/en\/wp-json\/wp\/v2\/media?parent=14656"}],"wp:term":[{"taxonomy":"product_brand","embeddable":true,"href":"https:\/\/staviori.com.pl\/en\/wp-json\/wp\/v2\/product_brand?post=14656"},{"taxonomy":"product_cat","embeddable":true,"href":"https:\/\/staviori.com.pl\/en\/wp-json\/wp\/v2\/product_cat?post=14656"},{"taxonomy":"product_tag","embeddable":true,"href":"https:\/\/staviori.com.pl\/en\/wp-json\/wp\/v2\/product_tag?post=14656"}],"curies":[{"name":"wp","href":"https:\/\/api.w.org\/{rel}","templated":true}]}}