{"id":14655,"date":"2025-02-24T22:46:52","date_gmt":"2025-02-24T21:46:52","guid":{"rendered":"https:\/\/staviori.com.pl\/product\/zloty-lancuszek-lbx4138\/"},"modified":"2026-02-11T00:09:49","modified_gmt":"2026-02-10T23:09:49","slug":"zloty-lancuszek-lbx4138","status":"publish","type":"product","link":"https:\/\/staviori.com.pl\/en\/product\/zloty-lancuszek-lbx4138\/","title":{"rendered":"SPIGA chain in white gold 585, length 42cm \/ 50cm"},"content":{"rendered":"<p>Model: LBX4138<br \/>\nWeight approx. 1.40g<\/p>\n<p>\u0141a\u0144cuszek 42\/50cm.<br \/>\nWhite gold 0.585.<br \/>\n0.8 mm wide.<br \/>\nSPIGA<\/p>","protected":false},"excerpt":{"rendered":"<p>Subtelny \u0142a\u0144cuszek Spiga o d\u0142ugo\u015bci 42cm lub 50cm wykonany z 14-karatowego bia\u0142ego z\u0142ota. Precyzyjnie pleciony splot o szeroko\u015bci 0,8 mm delikatnie si\u0119 mieni, tworz\u0105c minimalistyczny, a zarazem elegancki dodatek. Lekka konstrukcja zapewnia komfort noszenia przez ca\u0142y dzie\u0144, idealnie sprawdzaj\u0105c si\u0119 solo lub z ulubionym wisiorkiem.<\/p>","protected":false},"featured_media":20076,"comment_status":"closed","ping_status":"closed","template":"","meta":{"om_disable_all_campaigns":false},"product_brand":[2284],"product_cat":[690,1930,2072],"product_tag":[5359,5362,5361,2308,3940,3807,5358,5360,2641],"class_list":{"0":"post-14655","1":"product","2":"type-product","3":"status-publish","4":"has-post-thumbnail","6":"product_brand-staviori","7":"product_cat-lancuszki","8":"product_cat-zloto-2","9":"product_cat-zloty-lancuszek","10":"product_tag-42-cm","11":"product_tag-50-cm","12":"product_tag-50cm","13":"product_tag-biale-zloto","14":"product_tag-delikatny-lancuszek","15":"product_tag-lancuszek","16":"product_tag-lancuszek-spiga","17":"product_tag-lekki-lancuszek","18":"product_tag-splot-spiga","19":"pa_kolor-biale","20":"pa_kruszec-zloto","21":"pa_proba-0-585","22":"pa_rozmiar-42cm","23":"pa_rozmiar-50cm","24":"pa_splot-spiga","25":"pa_szerokosc-0-8mm","27":"first","28":"instock","29":"purchasable","30":"product-type-variable","31":"has-default-attributes"},"aioseo_notices":[],"_links":{"self":[{"href":"https:\/\/staviori.com.pl\/en\/wp-json\/wp\/v2\/product\/14655","targetHints":{"allow":["GET"]}}],"collection":[{"href":"https:\/\/staviori.com.pl\/en\/wp-json\/wp\/v2\/product"}],"about":[{"href":"https:\/\/staviori.com.pl\/en\/wp-json\/wp\/v2\/types\/product"}],"replies":[{"embeddable":true,"href":"https:\/\/staviori.com.pl\/en\/wp-json\/wp\/v2\/comments?post=14655"}],"wp:featuredmedia":[{"embeddable":true,"href":"https:\/\/staviori.com.pl\/en\/wp-json\/wp\/v2\/media\/20076"}],"wp:attachment":[{"href":"https:\/\/staviori.com.pl\/en\/wp-json\/wp\/v2\/media?parent=14655"}],"wp:term":[{"taxonomy":"product_brand","embeddable":true,"href":"https:\/\/staviori.com.pl\/en\/wp-json\/wp\/v2\/product_brand?post=14655"},{"taxonomy":"product_cat","embeddable":true,"href":"https:\/\/staviori.com.pl\/en\/wp-json\/wp\/v2\/product_cat?post=14655"},{"taxonomy":"product_tag","embeddable":true,"href":"https:\/\/staviori.com.pl\/en\/wp-json\/wp\/v2\/product_tag?post=14655"}],"curies":[{"name":"wp","href":"https:\/\/api.w.org\/{rel}","templated":true}]}}