{"id":14599,"date":"2025-02-24T22:46:48","date_gmt":"2025-02-24T21:46:48","guid":{"rendered":"https:\/\/staviori.com.pl\/product\/perly-ze-zlotem-kzn6164\/"},"modified":"2026-04-09T21:58:45","modified_gmt":"2026-04-09T19:58:45","slug":"perly-ze-zlotem-kzn6164","status":"publish","type":"product","link":"https:\/\/staviori.com.pl\/en\/product\/perly-ze-zlotem-kzn6164\/","title":{"rendered":"Gold pearl earrings - KZN6164 - 585"},"content":{"rendered":"<p>Model: KZN6164<br \/>\nWaga ok. 2,34g<\/p>\n<p>Earrings.<br \/>\nYellow gold 0.585.<br \/>\n2 Naturalne Per\u0142y hodowane s\u0142odkowodne.<br \/>\n\u015arednica 9-10 mm.<\/p>\n<p>Dost\u0119pne na zam\u00f3wienie, czas realizacji ok. 1 tydzie\u0144<\/p>","protected":false},"excerpt":{"rendered":"<p>Eleganckie kolczyki wykonane z 14-karatowego \u017c\u00f3\u0142tego z\u0142ota, ozdobione naturalnymi per\u0142ami hodowanymi s\u0142odkowodnymi o pi\u0119knym, klasycznym po\u0142ysku. Minimalistyczna forma podkre\u015bla naturalne pi\u0119kno pere\u0142, czyni\u0105c ten model ponadczasowym dodatkiem do ka\u017cdej stylizacji. Doskona\u0142e zar\u00f3wno na co dzie\u0144, jak i na wyj\u0105tkowe okazje \u2013 subtelne, kobiece i niezwykle szykowne.<\/p>","protected":false},"featured_media":22717,"comment_status":"closed","ping_status":"closed","template":"","meta":{"om_disable_all_campaigns":false},"product_brand":[2284,2350],"product_cat":[1384,1393,1976,1930,176],"product_tag":[2877,2628,6298,7096,2665,1395,7099,7097,7098,2512,3399,7100,2683,2364],"class_list":{"0":"post-14599","1":"product","2":"type-product","3":"status-publish","4":"has-post-thumbnail","6":"product_brand-staviori","7":"product_brand-verona","8":"product_cat-bizuteria","9":"product_cat-perly","10":"product_cat-perly-ze-zlotem","11":"product_cat-zloto-2","12":"product_cat-zloto","13":"product_tag-bizuteria-elegancka","14":"product_tag-bizuteria-klasyczna","15":"product_tag-gold-585","16":"product_tag-gold-pearl-earrings","17":"product_tag-kolczyki-sztyfty","18":"product_tag-kolczyki-z-perlami","19":"product_tag-kzn6164","20":"product_tag-pearl-stud-earrings","21":"product_tag-perlen-ohrringe-gold","22":"product_tag-perly-hodowane-slodkowodne","23":"product_tag-perly-naturalne","24":"product_tag-pk77b","25":"product_tag-zlote-kolczyki","26":"product_tag-zloto-585","27":"pa_barwa-biale","28":"pa_kamien-naturalne-perly-hodowane-slodkowodne","29":"pa_kolor-zolte","30":"pa_kruszec-zloto","31":"pa_proba-0-585","32":"pa_srednica-9-10mm","33":"pa_waga-234g","35":"first","36":"outofstock","37":"purchasable","38":"product-type-simple"},"aioseo_notices":[],"_links":{"self":[{"href":"https:\/\/staviori.com.pl\/en\/wp-json\/wp\/v2\/product\/14599","targetHints":{"allow":["GET"]}}],"collection":[{"href":"https:\/\/staviori.com.pl\/en\/wp-json\/wp\/v2\/product"}],"about":[{"href":"https:\/\/staviori.com.pl\/en\/wp-json\/wp\/v2\/types\/product"}],"replies":[{"embeddable":true,"href":"https:\/\/staviori.com.pl\/en\/wp-json\/wp\/v2\/comments?post=14599"}],"wp:featuredmedia":[{"embeddable":true,"href":"https:\/\/staviori.com.pl\/en\/wp-json\/wp\/v2\/media\/22717"}],"wp:attachment":[{"href":"https:\/\/staviori.com.pl\/en\/wp-json\/wp\/v2\/media?parent=14599"}],"wp:term":[{"taxonomy":"product_brand","embeddable":true,"href":"https:\/\/staviori.com.pl\/en\/wp-json\/wp\/v2\/product_brand?post=14599"},{"taxonomy":"product_cat","embeddable":true,"href":"https:\/\/staviori.com.pl\/en\/wp-json\/wp\/v2\/product_cat?post=14599"},{"taxonomy":"product_tag","embeddable":true,"href":"https:\/\/staviori.com.pl\/en\/wp-json\/wp\/v2\/product_tag?post=14599"}],"curies":[{"name":"wp","href":"https:\/\/api.w.org\/{rel}","templated":true}]}}