{"id":14598,"date":"2025-02-24T22:46:48","date_gmt":"2025-02-24T21:46:48","guid":{"rendered":"https:\/\/staviori.com.pl\/product\/perly-ze-zlotem-kzn5755\/"},"modified":"2026-02-11T00:08:51","modified_gmt":"2026-02-10T23:08:51","slug":"perly-ze-zlotem-kzn5755","status":"publish","type":"product","link":"https:\/\/staviori.com.pl\/en\/product\/perly-ze-zlotem-kzn5755\/","title":{"rendered":"Gold earrings with natural pearls 6-6.5mm"},"content":{"rendered":"<p>Model: KZN5755<br \/>\nWeight approx. 1.10g<\/p>\n<p>Earrings.<br \/>\nYellow gold 0.585.<br \/>\nNatural Freshwater Cultured Pearls.<br \/>\nDiameter of pearls 6-6.5 mm.<\/p>","protected":false},"excerpt":{"rendered":"<p>Klasyczne kolczyki z naturalnymi per\u0142ami hodowanymi to ponadczasowy wyb\u00f3r dla ka\u017cdej kobiety. Wykonane z \u017c\u00f3\u0142tego z\u0142ota pr\u00f3by 0,585, urzekaj\u0105 subteln\u0105 elegancj\u0105 i wyj\u0105tkowym blaskiem pere\u0142 o \u015brednicy 6-6,5 mm. Te kolczyki to idealny dodatek zar\u00f3wno na co dzie\u0144, jak i na wyj\u0105tkowe okazje \u2013 zawsze podkre\u015bl\u0105 Twoj\u0105 kobieco\u015b\u0107 i styl.<\/p>","protected":false},"featured_media":3209,"comment_status":"closed","ping_status":"closed","template":"","meta":{"om_disable_all_campaigns":false},"product_brand":[2284,2350],"product_cat":[1393,1976,1930],"product_tag":[2660,2603,2665,1395,3879,3399,3880,2580,2683,2522],"class_list":{"0":"post-14598","1":"product","2":"type-product","3":"status-publish","4":"has-post-thumbnail","6":"product_brand-staviori","7":"product_brand-verona","8":"product_cat-perly","9":"product_cat-perly-ze-zlotem","10":"product_cat-zloto-2","11":"product_tag-eleganckie-kolczyki","12":"product_tag-klasyczna-bizuteria","13":"product_tag-kolczyki-sztyfty","14":"product_tag-kolczyki-z-perlami","15":"product_tag-kzn5755","16":"product_tag-perly-naturalne","17":"product_tag-pk74b","18":"product_tag-prezent-dla-kobiety","19":"product_tag-zlote-kolczyki","20":"product_tag-zolte-zloto","21":"pa_kamien-naturalne-perly-hodowane-slodkowodne","22":"pa_kolor-zolte","23":"pa_kruszec-zloto","24":"pa_proba-0-585","25":"pa_waga-110g","26":"pa_zapiecie-sztyft","28":"first","29":"instock","30":"purchasable","31":"product-type-simple"},"aioseo_notices":[],"_links":{"self":[{"href":"https:\/\/staviori.com.pl\/en\/wp-json\/wp\/v2\/product\/14598","targetHints":{"allow":["GET"]}}],"collection":[{"href":"https:\/\/staviori.com.pl\/en\/wp-json\/wp\/v2\/product"}],"about":[{"href":"https:\/\/staviori.com.pl\/en\/wp-json\/wp\/v2\/types\/product"}],"replies":[{"embeddable":true,"href":"https:\/\/staviori.com.pl\/en\/wp-json\/wp\/v2\/comments?post=14598"}],"wp:featuredmedia":[{"embeddable":true,"href":"https:\/\/staviori.com.pl\/en\/wp-json\/wp\/v2\/media\/3209"}],"wp:attachment":[{"href":"https:\/\/staviori.com.pl\/en\/wp-json\/wp\/v2\/media?parent=14598"}],"wp:term":[{"taxonomy":"product_brand","embeddable":true,"href":"https:\/\/staviori.com.pl\/en\/wp-json\/wp\/v2\/product_brand?post=14598"},{"taxonomy":"product_cat","embeddable":true,"href":"https:\/\/staviori.com.pl\/en\/wp-json\/wp\/v2\/product_cat?post=14598"},{"taxonomy":"product_tag","embeddable":true,"href":"https:\/\/staviori.com.pl\/en\/wp-json\/wp\/v2\/product_tag?post=14598"}],"curies":[{"name":"wp","href":"https:\/\/api.w.org\/{rel}","templated":true}]}}