{"id":14553,"date":"2025-02-24T22:46:44","date_gmt":"2025-02-24T21:46:44","guid":{"rendered":"https:\/\/staviori.com.pl\/product\/bizuteria-inwestycyjna-kolczyk-kzd4026\/"},"modified":"2026-02-11T00:08:49","modified_gmt":"2026-02-10T23:08:49","slug":"bizuteria-inwestycyjna-kolczyk-kzd4026","status":"publish","type":"product","link":"https:\/\/staviori.com.pl\/en\/product\/bizuteria-inwestycyjna-kolczyk-kzd4026\/","title":{"rendered":"Exclusive | long pendant gold earrings with onyx and diamonds"},"content":{"rendered":"<p>Model: DSE1183<br \/>\nWeight approx. 11.90g<\/p>\n<p>Earrings.<br \/>\nYellow Gold 0.750.<br \/>\n72 Diamenty, szlif brylantowy, o masie 0,24ct, barwa G-H, czysto\u015b\u0107 SI1.<br \/>\nOnyks, o masie 9,45ct.<\/p>\n<p>D\u0142ugo\u015b\u0107 50 mm.<br \/>\nSzeroko\u015b\u0107 10.6 mm.<br \/>\nGrubo\u015b\u0107 4.85 mm.<\/p>\n<p><strong>Product available on request only, lead time approx. 5 weeks.<\/strong><\/p>","protected":false},"excerpt":{"rendered":"<p>Exceptional earrings made of 0.750 yellow gold, stunning in their bold and modern design. Three oval onyxes weighing a total of 9.45 ct form a harmonious composition, accentuated by subtle circles set with 72 brilliant-cut diamonds. The handmade setting with a decorative rim adds luxury and class to the jewellery. The earrings look extremely impressive and are perfect as a distinctive accent to any styling. A comfortable English clasp (with a clasp) was used to ensure comfort and safety when wearing.<\/p>","protected":false},"featured_media":3037,"comment_status":"closed","ping_status":"closed","template":"","meta":{"om_disable_all_campaigns":false},"product_brand":[2284],"product_cat":[1803,6858,199],"product_tag":[3497,2296,3739,3740,1394,3738,3727,2569,2368,2332,2522],"class_list":{"0":"post-14553","1":"product","2":"type-product","3":"status-publish","4":"has-post-thumbnail","6":"product_brand-staviori","7":"product_cat-brylanty-exclusive","8":"product_cat-kolczyki-brylanty-exclusive","9":"product_cat-kolczyki","10":"product_tag-angielskie-zapiecie","11":"product_tag-diamenty","12":"product_tag-dse1183","13":"product_tag-efektowna-bizuteria","14":"product_tag-kolczyki","15":"product_tag-kzd4026","16":"product_tag-luksus","17":"product_tag-nowoczesna-bizuteria","18":"product_tag-onyks","19":"product_tag-prezent","20":"product_tag-zolte-zloto","21":"pa_barwa-g-h","22":"pa_czystosc-si1","23":"pa_dlugosc-50mm","24":"pa_dostawca-draco","25":"pa_kamien-brylanty","26":"pa_kamien-onyks","27":"pa_kolor-zolte","28":"pa_kruszec-zloto","29":"pa_proba-0-750","30":"pa_szerokosc-10-6mm","31":"pa_waga-1190g","32":"pa_zapiecie-angielskie","34":"first","35":"onbackorder","36":"purchasable","37":"product-type-simple"},"aioseo_notices":[],"_links":{"self":[{"href":"https:\/\/staviori.com.pl\/en\/wp-json\/wp\/v2\/product\/14553","targetHints":{"allow":["GET"]}}],"collection":[{"href":"https:\/\/staviori.com.pl\/en\/wp-json\/wp\/v2\/product"}],"about":[{"href":"https:\/\/staviori.com.pl\/en\/wp-json\/wp\/v2\/types\/product"}],"replies":[{"embeddable":true,"href":"https:\/\/staviori.com.pl\/en\/wp-json\/wp\/v2\/comments?post=14553"}],"wp:featuredmedia":[{"embeddable":true,"href":"https:\/\/staviori.com.pl\/en\/wp-json\/wp\/v2\/media\/3037"}],"wp:attachment":[{"href":"https:\/\/staviori.com.pl\/en\/wp-json\/wp\/v2\/media?parent=14553"}],"wp:term":[{"taxonomy":"product_brand","embeddable":true,"href":"https:\/\/staviori.com.pl\/en\/wp-json\/wp\/v2\/product_brand?post=14553"},{"taxonomy":"product_cat","embeddable":true,"href":"https:\/\/staviori.com.pl\/en\/wp-json\/wp\/v2\/product_cat?post=14553"},{"taxonomy":"product_tag","embeddable":true,"href":"https:\/\/staviori.com.pl\/en\/wp-json\/wp\/v2\/product_tag?post=14553"}],"curies":[{"name":"wp","href":"https:\/\/api.w.org\/{rel}","templated":true}]}}