{"id":14550,"date":"2025-02-24T22:46:44","date_gmt":"2025-02-24T21:46:44","guid":{"rendered":"https:\/\/staviori.com.pl\/product\/bizuteria-inwestycyjna-kolczyk-kzd4018\/"},"modified":"2026-02-11T00:08:49","modified_gmt":"2026-02-10T23:08:49","slug":"bizuteria-inwestycyjna-kolczyk-kzd4018","status":"publish","type":"product","link":"https:\/\/staviori.com.pl\/en\/product\/bizuteria-inwestycyjna-kolczyk-kzd4018\/","title":{"rendered":"Exclusive | 18k yellow gold earrings, coral, diamonds"},"content":{"rendered":"<p>Model: DSE1026<br \/>\nWaga ok. 3,70g<\/p>\n<p>Earrings.<br \/>\nYellow Gold 0.750.<br \/>\n162 Diamenty, szlif brylantowy, o masie 0,64ct, barwa G-H, czysto\u015b\u0107 SI1.<br \/>\nKoral, o masie 1,54ct.<\/p>\n<p>10 mm wide.<br \/>\nGrubo\u015b\u0107 4.6 mm.<\/p>\n<p><strong>Product available on request only, lead time approx. 5 weeks.<\/strong><\/p>","protected":false},"excerpt":{"rendered":"<p>Wyj\u0105tkowe kolczyki z \u017c\u00f3\u0142tego z\u0142ota, ozdobione naturalnym koralem i a\u017c 162 l\u015bni\u0105cymi diamentami. Luksusowy, geometryczny wz\u00f3r przyci\u0105ga wzrok oryginalnym zestawieniem kolor\u00f3w i niezwyk\u0142ym blaskiem kamieni. To doskona\u0142y wyb\u00f3r dla kobiet, kt\u00f3re ceni\u0105 sobie wyrazist\u0105 bi\u017cuteri\u0119 z nut\u0105 elegancji i klasy. Kolczyki te podkre\u015bl\u0105 ka\u017cd\u0105 stylizacj\u0119, dodaj\u0105c jej szyku i wyj\u0105tkowego charakteru.<\/p>","protected":false},"featured_media":3031,"comment_status":"closed","ping_status":"closed","template":"","meta":{"om_disable_all_campaigns":false},"product_brand":[2284],"product_cat":[1803,6858,199],"product_tag":[3762,3754,3751,2296,3745,3757,3755,3710,3763,3766,3760,3765,1394,3759,3758,3727,3764,3767,3761,3744,3750,2522],"class_list":{"0":"post-14550","1":"product","2":"type-product","3":"status-publish","4":"has-post-thumbnail","6":"product_brand-staviori","7":"product_cat-brylanty-exclusive","8":"product_cat-kolczyki-brylanty-exclusive","9":"product_cat-kolczyki","10":"product_tag-coral","11":"product_tag-darek","12":"product_tag-diamanty","13":"product_tag-diamenty","14":"product_tag-diamonds","15":"product_tag-dse1026","16":"product_tag-elegance","17":"product_tag-elegancja","18":"product_tag-geometric","19":"product_tag-geometricke","20":"product_tag-geometryczne","21":"product_tag-gift-nausnice","22":"product_tag-kolczyki","23":"product_tag-koral","24":"product_tag-kzd4018","25":"product_tag-luksus","26":"product_tag-luxury","27":"product_tag-luxusni","28":"product_tag-prezent-earrings","29":"product_tag-yellow-gold","30":"product_tag-zlute-zlato","31":"product_tag-zolte-zloto","32":"pa_barwa-g-h","33":"pa_czystosc-si1","34":"pa_dostawca-draco","35":"pa_grubosc-4-6mm","36":"pa_kamien-brylanty","37":"pa_kamien-koral-naturalny","38":"pa_kolor-zolte","39":"pa_kruszec-zloto","40":"pa_proba-0-750","41":"pa_szerokosc-10mm","42":"pa_waga-370g","43":"pa_zapiecie-sztyft","45":"first","46":"onbackorder","47":"purchasable","48":"product-type-simple"},"aioseo_notices":[],"_links":{"self":[{"href":"https:\/\/staviori.com.pl\/en\/wp-json\/wp\/v2\/product\/14550","targetHints":{"allow":["GET"]}}],"collection":[{"href":"https:\/\/staviori.com.pl\/en\/wp-json\/wp\/v2\/product"}],"about":[{"href":"https:\/\/staviori.com.pl\/en\/wp-json\/wp\/v2\/types\/product"}],"replies":[{"embeddable":true,"href":"https:\/\/staviori.com.pl\/en\/wp-json\/wp\/v2\/comments?post=14550"}],"wp:featuredmedia":[{"embeddable":true,"href":"https:\/\/staviori.com.pl\/en\/wp-json\/wp\/v2\/media\/3031"}],"wp:attachment":[{"href":"https:\/\/staviori.com.pl\/en\/wp-json\/wp\/v2\/media?parent=14550"}],"wp:term":[{"taxonomy":"product_brand","embeddable":true,"href":"https:\/\/staviori.com.pl\/en\/wp-json\/wp\/v2\/product_brand?post=14550"},{"taxonomy":"product_cat","embeddable":true,"href":"https:\/\/staviori.com.pl\/en\/wp-json\/wp\/v2\/product_cat?post=14550"},{"taxonomy":"product_tag","embeddable":true,"href":"https:\/\/staviori.com.pl\/en\/wp-json\/wp\/v2\/product_tag?post=14550"}],"curies":[{"name":"wp","href":"https:\/\/api.w.org\/{rel}","templated":true}]}}