{"id":14538,"date":"2025-02-24T22:46:39","date_gmt":"2025-02-24T21:46:39","guid":{"rendered":"https:\/\/staviori.com.pl\/product\/kolczyk-z-brylantami-kzd2387\/"},"modified":"2026-02-11T00:08:49","modified_gmt":"2026-02-10T23:08:49","slug":"kolczyk-z-brylantami-kzd2387","status":"publish","type":"product","link":"https:\/\/staviori.com.pl\/en\/product\/kolczyk-z-brylantami-kzd2387\/","title":{"rendered":"Beautiful earrings with 0.20ct diamonds in white and yellow gold"},"content":{"rendered":"<p>Model: KZD2187<br \/>\nWeight approx. 2.20g<\/p>\n<p>Earrings.<br \/>\nYellow, White Gold 0.585.<br \/>\n2 Diamenty, szlif brylantowy, o masie 0,20ct, barwa H, czysto\u015b\u0107 SI1-SI2.<\/p>\n<p>Wymiary 15&#215;4 mm.<br \/>\n\u015arednica 3 mm.<\/p>\n<p>Kolczyki z\u0142ote pr\u00f3by 585.<br \/>\nModel zosta\u0142 ozdobiony dwoma diamentami w szlifie brylantowym, okr\u0105g\u0142ym.<br \/>\nDiamenty zosta\u0142y osadzone w koronie z bia\u0142ego z\u0142ota.<br \/>\nPozosta\u0142a cz\u0119\u015b\u0107 kolczyk\u00f3w wykonana z \u017c\u00f3\u0142tego z\u0142ota.<\/p>","protected":false},"excerpt":{"rendered":"<p>Exclusive earrings in 0.585 yellow and white gold are the quintessence of class and sophistication. In the centre of each earring is set a diamond weighing 0.20 ct in brilliant cut, subtly set in a crown of white gold. The combination of precious materials and timeless design makes this model a perfect complement to both everyday and evening styling. A luxurious choice for women who appreciate perfection in every detail.<\/p>","protected":false},"featured_media":18362,"comment_status":"closed","ping_status":"closed","template":"","meta":{"om_disable_all_campaigns":false},"product_brand":[2284,2350],"product_cat":[1838,1990,199],"product_tag":[3664,3665],"class_list":{"0":"post-14538","1":"product","2":"type-product","3":"status-publish","4":"has-post-thumbnail","6":"product_brand-staviori","7":"product_brand-verona","8":"product_cat-diamenty","9":"product_cat-kolczyk-z-brylantami","10":"product_cat-kolczyki","11":"product_tag-0822m2h","12":"product_tag-kzd2187","13":"pa_barwa-h-2","14":"pa_czystosc-si2","15":"pa_kamien-diamenty","16":"pa_kamien-brylanty","17":"pa_kolor-zolte","18":"pa_kruszec-zloto","19":"pa_masa-karatowa-020ct","20":"pa_proba-0-585","21":"pa_waga-220g","22":"pa_wymiary-15x4mm","23":"pa_zapiecie-angielskie","25":"first","26":"outofstock","27":"purchasable","28":"product-type-simple"},"aioseo_notices":[],"_links":{"self":[{"href":"https:\/\/staviori.com.pl\/en\/wp-json\/wp\/v2\/product\/14538","targetHints":{"allow":["GET"]}}],"collection":[{"href":"https:\/\/staviori.com.pl\/en\/wp-json\/wp\/v2\/product"}],"about":[{"href":"https:\/\/staviori.com.pl\/en\/wp-json\/wp\/v2\/types\/product"}],"replies":[{"embeddable":true,"href":"https:\/\/staviori.com.pl\/en\/wp-json\/wp\/v2\/comments?post=14538"}],"wp:featuredmedia":[{"embeddable":true,"href":"https:\/\/staviori.com.pl\/en\/wp-json\/wp\/v2\/media\/18362"}],"wp:attachment":[{"href":"https:\/\/staviori.com.pl\/en\/wp-json\/wp\/v2\/media?parent=14538"}],"wp:term":[{"taxonomy":"product_brand","embeddable":true,"href":"https:\/\/staviori.com.pl\/en\/wp-json\/wp\/v2\/product_brand?post=14538"},{"taxonomy":"product_cat","embeddable":true,"href":"https:\/\/staviori.com.pl\/en\/wp-json\/wp\/v2\/product_cat?post=14538"},{"taxonomy":"product_tag","embeddable":true,"href":"https:\/\/staviori.com.pl\/en\/wp-json\/wp\/v2\/product_tag?post=14538"}],"curies":[{"name":"wp","href":"https:\/\/api.w.org\/{rel}","templated":true}]}}