{"id":14429,"date":"2025-02-24T22:46:31","date_gmt":"2025-02-24T21:46:31","guid":{"rendered":"https:\/\/staviori.com.pl\/product\/kolczyk-z-brylantami-kzc5376\/"},"modified":"2026-04-08T11:47:49","modified_gmt":"2026-04-08T09:47:49","slug":"kolczyk-z-brylantami-kzc5376","status":"publish","type":"product","link":"https:\/\/staviori.com.pl\/en\/product\/kolczyk-z-brylantami-kzc5376\/","title":{"rendered":"Beautiful elegant pendant earrings with diamonds and sapphires"},"content":{"rendered":"<p>Model: KZC5376<br \/>\nWeight approx. 4.50g<\/p>\n<p>Earrings.<br \/>\nYellow gold 0.585.<br \/>\n16 Diament\u00f3w, szlif achtkant, o masie 0,05ct, barwa H, czysto\u015b\u0107 SI1-I1.<br \/>\n50 Szafir\u00f3w, o masie 1,28ct.<\/p>\n<p>D\u0142ugo\u015b\u0107 30 mm.<br \/>\nWymiary 15 x 13 mm.<br \/>\nWymiary kamieni ok. 5 x 3 mm.<\/p>","protected":false},"excerpt":{"rendered":"<p>The stunning pendant earrings made of 0.585 yellow gold are a combination of elegance and artistic detail. The central oval-cut sapphires, surrounded by as many as 50 small stones of a deep garnet hue and 16 sparkling diamonds, create a sophisticated composition with a vintage jewellery character. The unique design accentuated by the filigree setting and English-type clasp makes this model the perfect choice for big outings.<\/p>","protected":false},"featured_media":18318,"comment_status":"closed","ping_status":"closed","template":"","meta":{"om_disable_all_campaigns":false},"product_brand":[2284,2350],"product_cat":[1838,1990,199],"product_tag":[3625,2311,2317,3223,2770,2667,2791,3626,3627,3598],"class_list":{"0":"post-14429","1":"product","2":"type-product","3":"status-publish","4":"has-post-thumbnail","6":"product_brand-staviori","7":"product_brand-verona","8":"product_cat-diamenty","9":"product_cat-kolczyk-z-brylantami","10":"product_cat-kolczyki","11":"product_tag-14271s","12":"product_tag-bizuteria-luksusowa","13":"product_tag-elegancka-bizuteria","14":"product_tag-kolczyki-vintage","15":"product_tag-kolczyki-wiszace","16":"product_tag-kolczyki-z-diamentami","17":"product_tag-kolczyki-z-szafirem","18":"product_tag-kzc5376","19":"product_tag-zapiecie-angielskie","20":"product_tag-zloto-0-585","21":"pa_barwa-h-2","22":"pa_czystosc-si1","23":"pa_dlugosc-30mm","24":"pa_kamien-diamenty","25":"pa_kamien-szafiry","26":"pa_kolor-zolte","27":"pa_kruszec-zloto","28":"pa_proba-0-585","29":"pa_waga-450g","30":"pa_wymiary-15-x-13mm","31":"pa_zapiecie-angielskie","33":"first","34":"instock","35":"purchasable","36":"product-type-simple"},"aioseo_notices":[],"_links":{"self":[{"href":"https:\/\/staviori.com.pl\/en\/wp-json\/wp\/v2\/product\/14429","targetHints":{"allow":["GET"]}}],"collection":[{"href":"https:\/\/staviori.com.pl\/en\/wp-json\/wp\/v2\/product"}],"about":[{"href":"https:\/\/staviori.com.pl\/en\/wp-json\/wp\/v2\/types\/product"}],"replies":[{"embeddable":true,"href":"https:\/\/staviori.com.pl\/en\/wp-json\/wp\/v2\/comments?post=14429"}],"wp:featuredmedia":[{"embeddable":true,"href":"https:\/\/staviori.com.pl\/en\/wp-json\/wp\/v2\/media\/18318"}],"wp:attachment":[{"href":"https:\/\/staviori.com.pl\/en\/wp-json\/wp\/v2\/media?parent=14429"}],"wp:term":[{"taxonomy":"product_brand","embeddable":true,"href":"https:\/\/staviori.com.pl\/en\/wp-json\/wp\/v2\/product_brand?post=14429"},{"taxonomy":"product_cat","embeddable":true,"href":"https:\/\/staviori.com.pl\/en\/wp-json\/wp\/v2\/product_cat?post=14429"},{"taxonomy":"product_tag","embeddable":true,"href":"https:\/\/staviori.com.pl\/en\/wp-json\/wp\/v2\/product_tag?post=14429"}],"curies":[{"name":"wp","href":"https:\/\/api.w.org\/{rel}","templated":true}]}}