{"id":14422,"date":"2025-02-24T22:46:26","date_gmt":"2025-02-24T21:46:26","guid":{"rendered":"https:\/\/staviori.com.pl\/product\/zlote-kolczyki-kzc5241\/"},"modified":"2026-02-11T00:08:47","modified_gmt":"2026-02-10T23:08:47","slug":"zlote-kolczyki-kzc5241","status":"publish","type":"product","link":"https:\/\/staviori.com.pl\/en\/product\/zlote-kolczyki-kzc5241\/","title":{"rendered":"Gold earrings with sapphires"},"content":{"rendered":"<p>Model: KZC5241<br \/>\nWaga ok. 0,620g<\/p>\n<p>Earrings.<br \/>\nYellow gold 0.585.<br \/>\n2 Szafiry, o masie 0,30ct.<\/p>\n<p>4 mm diameter.<\/p>\n<p>Prezentowany model zosta\u0142 ozdobiony 2 szafirami o \u0142\u0105cznej masie 0,3ct.<\/p>","protected":false},"excerpt":{"rendered":"<p>These subtle earrings made of 14K yellow gold captivate with classic elegance. Two precious sapphires with a combined weight of 0.3 ct contrast beautifully with the warm shade of gold, attracting the eye with their intense, deep colour. They are perfect for both special occasions and everyday styling, adding chic and sophistication to any woman's look.<\/p>","protected":false},"featured_media":18256,"comment_status":"closed","ping_status":"closed","template":"","meta":{"om_disable_all_campaigns":false},"product_brand":[2284,2350],"product_cat":[199,2044,1930],"product_tag":[3570,2541,2660,1394,3571,2332,2297,2522],"class_list":{"0":"post-14422","1":"product","2":"type-product","3":"status-publish","4":"has-post-thumbnail","6":"product_brand-staviori","7":"product_brand-verona","8":"product_cat-kolczyki","9":"product_cat-zlote-kolczyki","10":"product_cat-zloto-2","11":"product_tag-3702s","12":"product_tag-bizuteria-damska","13":"product_tag-eleganckie-kolczyki","14":"product_tag-kolczyki","15":"product_tag-kzc5241","16":"product_tag-prezent","17":"product_tag-szafiry","18":"product_tag-zolte-zloto","19":"pa_kamien-szafiry-naturalne","20":"pa_kolor-zolte","21":"pa_kruszec-zloto","22":"pa_proba-0-585","23":"pa_srednica-4mm","24":"pa_waga-060g","25":"pa_zapiecie-sztyft","27":"first","28":"instock","29":"purchasable","30":"product-type-simple"},"aioseo_notices":[],"_links":{"self":[{"href":"https:\/\/staviori.com.pl\/en\/wp-json\/wp\/v2\/product\/14422","targetHints":{"allow":["GET"]}}],"collection":[{"href":"https:\/\/staviori.com.pl\/en\/wp-json\/wp\/v2\/product"}],"about":[{"href":"https:\/\/staviori.com.pl\/en\/wp-json\/wp\/v2\/types\/product"}],"replies":[{"embeddable":true,"href":"https:\/\/staviori.com.pl\/en\/wp-json\/wp\/v2\/comments?post=14422"}],"wp:featuredmedia":[{"embeddable":true,"href":"https:\/\/staviori.com.pl\/en\/wp-json\/wp\/v2\/media\/18256"}],"wp:attachment":[{"href":"https:\/\/staviori.com.pl\/en\/wp-json\/wp\/v2\/media?parent=14422"}],"wp:term":[{"taxonomy":"product_brand","embeddable":true,"href":"https:\/\/staviori.com.pl\/en\/wp-json\/wp\/v2\/product_brand?post=14422"},{"taxonomy":"product_cat","embeddable":true,"href":"https:\/\/staviori.com.pl\/en\/wp-json\/wp\/v2\/product_cat?post=14422"},{"taxonomy":"product_tag","embeddable":true,"href":"https:\/\/staviori.com.pl\/en\/wp-json\/wp\/v2\/product_tag?post=14422"}],"curies":[{"name":"wp","href":"https:\/\/api.w.org\/{rel}","templated":true}]}}