{"id":14420,"date":"2025-02-24T22:46:26","date_gmt":"2025-02-24T21:46:26","guid":{"rendered":"https:\/\/staviori.com.pl\/product\/zlote-kolczyki-kzc5200\/"},"modified":"2026-02-11T00:08:47","modified_gmt":"2026-02-10T23:08:47","slug":"zlote-kolczyki-kzc5200","status":"publish","type":"product","link":"https:\/\/staviori.com.pl\/en\/product\/zlote-kolczyki-kzc5200\/","title":{"rendered":"Gold feather earrings on a post, sample 585"},"content":{"rendered":"<p>Model: KZC5200<br \/>\nWeight approx. 1.10g<\/p>\n<p>Earrings.<br \/>\nYellow gold 0.585.<\/p>\n<p>Z\u0142ote kolczyki pi\u00f3rka<br \/>\nPi\u0119kne i delikatne.<\/p>\n<p>W przypadku braku na magazynie &#8211; mo\u017cliwo\u015b\u0107 zam\u00f3wienia &#8211; termin realizacji oko\u0142o 2 tygodnie.<\/p>","protected":false},"excerpt":{"rendered":"<p>Delightful 0.585 yellow gold earrings that catch the eye with their subtle feather shape. Their light form and delicate embellishments make them an ideal choice for everyday and special occasions. The symbolism of the feather - freedom, lightness and elegance - is perfectly matched by the brilliance of the precious bullion. This is jewellery that will add charm to any styling.<\/p>","protected":false},"featured_media":18254,"comment_status":"closed","ping_status":"closed","template":"","meta":{"om_disable_all_campaigns":false},"product_brand":[2284],"product_cat":[199,2044,1930],"product_tag":[3569,2660,3037,3567,2708,3568,3566,2580],"class_list":{"0":"post-14420","1":"product","2":"type-product","3":"status-publish","4":"has-post-thumbnail","6":"product_brand-staviori","7":"product_cat-kolczyki","8":"product_cat-zlote-kolczyki","9":"product_cat-zloto-2","10":"product_tag-bizuteria-z-piorkiem","11":"product_tag-eleganckie-kolczyki","12":"product_tag-kolczyki-codzienne","13":"product_tag-kolczyki-piorka","14":"product_tag-kolczyki-zlote","15":"product_tag-kolczyki-zolte-zloto","16":"product_tag-kzc5200","17":"product_tag-prezent-dla-kobiety","18":"pa_dostawca-odlewnia","19":"pa_kolor-zolte","20":"pa_kruszec-zloto","21":"pa_motyw-piorko","22":"pa_proba-0-585","23":"pa_waga-g","24":"pa_zapiecie-sztyft","26":"first","27":"instock","28":"purchasable","29":"product-type-simple"},"aioseo_notices":[],"_links":{"self":[{"href":"https:\/\/staviori.com.pl\/en\/wp-json\/wp\/v2\/product\/14420","targetHints":{"allow":["GET"]}}],"collection":[{"href":"https:\/\/staviori.com.pl\/en\/wp-json\/wp\/v2\/product"}],"about":[{"href":"https:\/\/staviori.com.pl\/en\/wp-json\/wp\/v2\/types\/product"}],"replies":[{"embeddable":true,"href":"https:\/\/staviori.com.pl\/en\/wp-json\/wp\/v2\/comments?post=14420"}],"wp:featuredmedia":[{"embeddable":true,"href":"https:\/\/staviori.com.pl\/en\/wp-json\/wp\/v2\/media\/18254"}],"wp:attachment":[{"href":"https:\/\/staviori.com.pl\/en\/wp-json\/wp\/v2\/media?parent=14420"}],"wp:term":[{"taxonomy":"product_brand","embeddable":true,"href":"https:\/\/staviori.com.pl\/en\/wp-json\/wp\/v2\/product_brand?post=14420"},{"taxonomy":"product_cat","embeddable":true,"href":"https:\/\/staviori.com.pl\/en\/wp-json\/wp\/v2\/product_cat?post=14420"},{"taxonomy":"product_tag","embeddable":true,"href":"https:\/\/staviori.com.pl\/en\/wp-json\/wp\/v2\/product_tag?post=14420"}],"curies":[{"name":"wp","href":"https:\/\/api.w.org\/{rel}","templated":true}]}}