{"id":14416,"date":"2025-02-24T22:46:26","date_gmt":"2025-02-24T21:46:26","guid":{"rendered":"https:\/\/staviori.com.pl\/product\/zlote-kolczyki-kzc5158\/"},"modified":"2026-03-16T06:48:58","modified_gmt":"2026-03-16T05:48:58","slug":"zlote-kolczyki-kzc5158","status":"publish","type":"product","link":"https:\/\/staviori.com.pl\/en\/product\/zlote-kolczyki-kzc5158\/","title":{"rendered":"Z\u0142ote kolczyki supe\u0142ki 333 | KXC5158"},"content":{"rendered":"<p>Model: KXC5158<br \/>\nWeight approx. 0.78g<\/p>\n<p>Earrings.<br \/>\nYellow gold 0.333.<br \/>\n\u015arednica 6.10 mm.<\/p>\n<p>Pi\u0119kne kolczyki &#8222;supe\u0142ki&#8221; w \u017c\u00f3\u0142tym z\u0142ocie pr\u00f3by 333.<\/p>","protected":false},"excerpt":{"rendered":"<p>Elegant earrings in the form of classic \"knots\" made of 0.333 yellow gold are a timeless accessory that never goes out of fashion. Their three-dimensional form beautifully reflects the light, creating an effect of subtle brilliance. Perfect for everyday, work or meetings - they add style and sophistication to any styling. An excellent choice also as a gift for lovers of classic jewellery.<\/p>","protected":false},"featured_media":23075,"comment_status":"closed","ping_status":"closed","template":"","meta":{"om_disable_all_campaigns":false},"product_brand":[2284,2350],"product_cat":[199,2044,1930],"product_tag":[7191,7210,2543,3871,2660,3563,7207,7209,1394,2674,7206,3562,2384,7208,2683,2518,2522],"class_list":{"0":"post-14416","1":"product","2":"type-product","3":"status-publish","4":"has-post-thumbnail","6":"product_brand-staviori","7":"product_brand-verona","8":"product_cat-kolczyki","9":"product_cat-zlote-kolczyki","10":"product_cat-zloto-2","11":"product_tag-8k-gold","12":"product_tag-bizuteria-dla-kobiet","13":"product_tag-bizuteria-zlota","14":"product_tag-classic-jewelry","15":"product_tag-eleganckie-kolczyki","16":"product_tag-fa13216","17":"product_tag-knot-earrings","18":"product_tag-knotenohrringe","19":"product_tag-kolczyki","20":"product_tag-kolczyki-na-co-dzien","21":"product_tag-kolczyki-supelki","22":"product_tag-kxc5158","23":"product_tag-minimalistyczna-bizuteria","24":"product_tag-nausnice-uzliky","25":"product_tag-zlote-kolczyki","26":"product_tag-zloto-333","27":"product_tag-zolte-zloto","28":"pa_kolor-zolte","29":"pa_kruszec-zloto","30":"pa_proba-0-333","31":"pa_srednica-6-10mm","32":"pa_waga-078g","33":"pa_zapiecie-sztyft","35":"first","36":"instock","37":"purchasable","38":"product-type-simple"},"aioseo_notices":[],"_links":{"self":[{"href":"https:\/\/staviori.com.pl\/en\/wp-json\/wp\/v2\/product\/14416","targetHints":{"allow":["GET"]}}],"collection":[{"href":"https:\/\/staviori.com.pl\/en\/wp-json\/wp\/v2\/product"}],"about":[{"href":"https:\/\/staviori.com.pl\/en\/wp-json\/wp\/v2\/types\/product"}],"replies":[{"embeddable":true,"href":"https:\/\/staviori.com.pl\/en\/wp-json\/wp\/v2\/comments?post=14416"}],"wp:featuredmedia":[{"embeddable":true,"href":"https:\/\/staviori.com.pl\/en\/wp-json\/wp\/v2\/media\/23075"}],"wp:attachment":[{"href":"https:\/\/staviori.com.pl\/en\/wp-json\/wp\/v2\/media?parent=14416"}],"wp:term":[{"taxonomy":"product_brand","embeddable":true,"href":"https:\/\/staviori.com.pl\/en\/wp-json\/wp\/v2\/product_brand?post=14416"},{"taxonomy":"product_cat","embeddable":true,"href":"https:\/\/staviori.com.pl\/en\/wp-json\/wp\/v2\/product_cat?post=14416"},{"taxonomy":"product_tag","embeddable":true,"href":"https:\/\/staviori.com.pl\/en\/wp-json\/wp\/v2\/product_tag?post=14416"}],"curies":[{"name":"wp","href":"https:\/\/api.w.org\/{rel}","templated":true}]}}