{"id":14410,"date":"2025-02-24T22:46:26","date_gmt":"2025-02-24T21:46:26","guid":{"rendered":"https:\/\/staviori.com.pl\/product\/zlote-kolczyki-kzc4825\/"},"modified":"2026-04-12T12:45:21","modified_gmt":"2026-04-12T10:45:21","slug":"zlote-kolczyki-kzc4825","status":"publish","type":"product","link":"https:\/\/staviori.com.pl\/en\/product\/zlote-kolczyki-kzc4825\/","title":{"rendered":"Gold heart earrings with zircons 333"},"content":{"rendered":"<p>Model: KXC4825<br \/>\nWaga ok. 0,86g<\/p>\n<p>Earrings.<br \/>\nYellow gold 0.333.<br \/>\nZirconia.<\/p>\n<p>6 mm wide.<br \/>\nD\u0142ugo\u015b\u0107 10 mm.<br \/>\nWymiary 5&#215;6 mm.<\/p>","protected":false},"excerpt":{"rendered":"<p>Charming heart-shaped earrings made of 0.333 yellow gold are a perfect choice for romantic women and lovers of delicate jewellery. Shining zircons, intricately set on the surface of the hearts, add sparkle and elegance. This is a unique accessory that will beautifully accentuate an everyday look, but will also work as a gift full of warm feelings. Their subtle form and classic clasp guarantee comfortable wearing.<\/p>","protected":false},"featured_media":2660,"comment_status":"closed","ping_status":"closed","template":"","meta":{"om_disable_all_campaigns":false},"product_brand":[2284,2350],"product_cat":[199,2044,1930],"product_tag":[3173,3462,2953,3549,2996,2291,2579,2544],"class_list":{"0":"post-14410","1":"product","2":"type-product","3":"status-publish","4":"has-post-thumbnail","6":"product_brand-staviori","7":"product_brand-verona","8":"product_cat-kolczyki","9":"product_cat-zlote-kolczyki","10":"product_cat-zloto-2","11":"product_tag-kolczyki-dla-dziewczynki","12":"product_tag-kolczyki-serduszka","13":"product_tag-kolczyki-z-cyrkoniami","14":"product_tag-kxc4825","15":"product_tag-lekkie-kolczyki","16":"product_tag-prezent-dla-niej","17":"product_tag-romantyczna-bizuteria","18":"product_tag-zolte-zloto-333","19":"pa_barwa-70","20":"pa_dlugosc-10mm","21":"pa_kamien-cyrkonia","22":"pa_kolor-zolte","23":"pa_kruszec-zloto","24":"pa_proba-0-333","25":"pa_szerokosc-6mm","26":"pa_waga-086g","27":"pa_zapiecie-angielskie","29":"first","30":"instock","31":"purchasable","32":"product-type-simple"},"aioseo_notices":[],"_links":{"self":[{"href":"https:\/\/staviori.com.pl\/en\/wp-json\/wp\/v2\/product\/14410","targetHints":{"allow":["GET"]}}],"collection":[{"href":"https:\/\/staviori.com.pl\/en\/wp-json\/wp\/v2\/product"}],"about":[{"href":"https:\/\/staviori.com.pl\/en\/wp-json\/wp\/v2\/types\/product"}],"replies":[{"embeddable":true,"href":"https:\/\/staviori.com.pl\/en\/wp-json\/wp\/v2\/comments?post=14410"}],"wp:featuredmedia":[{"embeddable":true,"href":"https:\/\/staviori.com.pl\/en\/wp-json\/wp\/v2\/media\/2660"}],"wp:attachment":[{"href":"https:\/\/staviori.com.pl\/en\/wp-json\/wp\/v2\/media?parent=14410"}],"wp:term":[{"taxonomy":"product_brand","embeddable":true,"href":"https:\/\/staviori.com.pl\/en\/wp-json\/wp\/v2\/product_brand?post=14410"},{"taxonomy":"product_cat","embeddable":true,"href":"https:\/\/staviori.com.pl\/en\/wp-json\/wp\/v2\/product_cat?post=14410"},{"taxonomy":"product_tag","embeddable":true,"href":"https:\/\/staviori.com.pl\/en\/wp-json\/wp\/v2\/product_tag?post=14410"}],"curies":[{"name":"wp","href":"https:\/\/api.w.org\/{rel}","templated":true}]}}