{"id":14405,"date":"2025-02-24T22:46:26","date_gmt":"2025-02-24T21:46:26","guid":{"rendered":"https:\/\/staviori.com.pl\/product\/zlote-kolczyki-kxx6365\/"},"modified":"2026-04-12T12:27:38","modified_gmt":"2026-04-12T10:27:38","slug":"zlote-kolczyki-kxx6365","status":"publish","type":"product","link":"https:\/\/staviori.com.pl\/en\/product\/zlote-kolczyki-kxx6365\/","title":{"rendered":"Gold Interleaved Pendant Earrings 333"},"content":{"rendered":"<p>Model: KXX6365<br \/>\nWeight approx. 1.00g<\/p>\n<p>Earrings.<br \/>\nYellow gold 0.333.<\/p>\n<p>Wymiary 32 mm.<\/p>\n<p>Kolczyki przetykane, wykonane zosta\u0142y z \u017c\u00f3\u0142tego z\u0142ota pr\u00f3by 0,333.<br \/>\nD\u0142ugo\u015b\u0107 sztywnego elementu przed uchem 32 mm. D\u0142ugo\u015b\u0107 elementu za uchem 9 cm.<\/p>","protected":false},"excerpt":{"rendered":"<p>Phenomenal interspersed earrings made from 0.333 yellow gold are the essence of minimalist elegance. The delicate chain finished with a slender, shiny rod creates a subtle yet expressive accent. Their light form makes them perfect to accentuate both everyday and evening outfits. This is jewellery for women who appreciate simplicity in a modern edition.<\/p>","protected":false},"featured_media":10338,"comment_status":"closed","ping_status":"closed","template":"","meta":{"om_disable_all_campaigns":false},"product_brand":[2284,2350],"product_cat":[199,2044,1930],"product_tag":[2704,2317,3575,3278,3196,3576,2708,3578,3577],"class_list":{"0":"post-14405","1":"product","2":"type-product","3":"status-publish","4":"has-post-thumbnail","6":"product_brand-staviori","7":"product_brand-verona","8":"product_cat-kolczyki","9":"product_cat-zlote-kolczyki","10":"product_cat-zloto-2","11":"product_tag-bizuteria-minimalistyczna","12":"product_tag-elegancka-bizuteria","13":"product_tag-ha13633","14":"product_tag-kolczyki-dlugie","15":"product_tag-kolczyki-nowoczesne","16":"product_tag-kolczyki-przetykane","17":"product_tag-kolczyki-zlote","18":"product_tag-kxx6365","19":"product_tag-zloto-0-333","20":"pa_kolor-zolte","21":"pa_kruszec-zloto","22":"pa_proba-0-333","23":"pa_waga-1g","24":"pa_wymiary-32mm","25":"pa_zapiecie-przewlekane","27":"first","28":"instock","29":"purchasable","30":"product-type-simple"},"aioseo_notices":[],"_links":{"self":[{"href":"https:\/\/staviori.com.pl\/en\/wp-json\/wp\/v2\/product\/14405","targetHints":{"allow":["GET"]}}],"collection":[{"href":"https:\/\/staviori.com.pl\/en\/wp-json\/wp\/v2\/product"}],"about":[{"href":"https:\/\/staviori.com.pl\/en\/wp-json\/wp\/v2\/types\/product"}],"replies":[{"embeddable":true,"href":"https:\/\/staviori.com.pl\/en\/wp-json\/wp\/v2\/comments?post=14405"}],"wp:featuredmedia":[{"embeddable":true,"href":"https:\/\/staviori.com.pl\/en\/wp-json\/wp\/v2\/media\/10338"}],"wp:attachment":[{"href":"https:\/\/staviori.com.pl\/en\/wp-json\/wp\/v2\/media?parent=14405"}],"wp:term":[{"taxonomy":"product_brand","embeddable":true,"href":"https:\/\/staviori.com.pl\/en\/wp-json\/wp\/v2\/product_brand?post=14405"},{"taxonomy":"product_cat","embeddable":true,"href":"https:\/\/staviori.com.pl\/en\/wp-json\/wp\/v2\/product_cat?post=14405"},{"taxonomy":"product_tag","embeddable":true,"href":"https:\/\/staviori.com.pl\/en\/wp-json\/wp\/v2\/product_tag?post=14405"}],"curies":[{"name":"wp","href":"https:\/\/api.w.org\/{rel}","templated":true}]}}