{"id":14298,"date":"2025-02-24T22:46:15","date_gmt":"2025-02-24T21:46:15","guid":{"rendered":"https:\/\/staviori.com.pl\/product\/zlote-kolczyki-kxc6408\/"},"modified":"2026-02-11T00:08:44","modified_gmt":"2026-02-10T23:08:44","slug":"zlote-kolczyki-kxc6408","status":"publish","type":"product","link":"https:\/\/staviori.com.pl\/en\/product\/zlote-kolczyki-kxc6408\/","title":{"rendered":"333 gold earrings with marquise zirconia pendant"},"content":{"rendered":"<p>Model: KXC6408<br \/>\nWeight approx. 1g<\/p>\n<p>Earrings.<br \/>\nYellow gold 0.333.<br \/>\nZirconia.<\/p>\n<p>Stone size approx. 6.5 x 3 mm.<br \/>\nLength 16 mm.<\/p>","protected":false},"excerpt":{"rendered":"<p>Model: KXC6408 Waga ok. 1g Kolczyki. \u017b\u00f3\u0142te Z\u0142oto 0,333. Cyrkonia. Wymiary kamieni ok. 6.5 x 3 mm. D\u0142ugo\u015b\u0107 16 mm.<\/p>","protected":false},"featured_media":20117,"comment_status":"closed","ping_status":"closed","template":"","meta":{"om_disable_all_campaigns":false},"product_brand":[2284,2350],"product_cat":[199,2044,1930],"product_tag":[5393,3720,2454,5392,1394,5394,2771,2683],"class_list":{"0":"post-14298","1":"product","2":"type-product","3":"status-publish","4":"has-post-thumbnail","6":"product_brand-staviori","7":"product_brand-verona","8":"product_cat-kolczyki","9":"product_cat-zlote-kolczyki","10":"product_cat-zloto-2","11":"product_tag-bigiel","12":"product_tag-bizuteria","13":"product_tag-cyrkonia","14":"product_tag-gb17424","15":"product_tag-kolczyki","16":"product_tag-marquise","17":"product_tag-wiszace-kolczyki","18":"product_tag-zlote-kolczyki","19":"pa_dlugosc-16mm","20":"pa_kamien-cyrkonia","21":"pa_kolor-zolte","22":"pa_kruszec-zloto","23":"pa_proba-0-333","24":"pa_waga-100g-2","25":"pa_wymiary-kamieni-ok-6-5-x-3mm","26":"pa_zapiecie-bigiel-otwarty","28":"first","29":"instock","30":"purchasable","31":"product-type-simple"},"aioseo_notices":[],"_links":{"self":[{"href":"https:\/\/staviori.com.pl\/en\/wp-json\/wp\/v2\/product\/14298","targetHints":{"allow":["GET"]}}],"collection":[{"href":"https:\/\/staviori.com.pl\/en\/wp-json\/wp\/v2\/product"}],"about":[{"href":"https:\/\/staviori.com.pl\/en\/wp-json\/wp\/v2\/types\/product"}],"replies":[{"embeddable":true,"href":"https:\/\/staviori.com.pl\/en\/wp-json\/wp\/v2\/comments?post=14298"}],"wp:featuredmedia":[{"embeddable":true,"href":"https:\/\/staviori.com.pl\/en\/wp-json\/wp\/v2\/media\/20117"}],"wp:attachment":[{"href":"https:\/\/staviori.com.pl\/en\/wp-json\/wp\/v2\/media?parent=14298"}],"wp:term":[{"taxonomy":"product_brand","embeddable":true,"href":"https:\/\/staviori.com.pl\/en\/wp-json\/wp\/v2\/product_brand?post=14298"},{"taxonomy":"product_cat","embeddable":true,"href":"https:\/\/staviori.com.pl\/en\/wp-json\/wp\/v2\/product_cat?post=14298"},{"taxonomy":"product_tag","embeddable":true,"href":"https:\/\/staviori.com.pl\/en\/wp-json\/wp\/v2\/product_tag?post=14298"}],"curies":[{"name":"wp","href":"https:\/\/api.w.org\/{rel}","templated":true}]}}