{"id":14296,"date":"2025-02-24T22:46:15","date_gmt":"2025-02-24T21:46:15","guid":{"rendered":"https:\/\/staviori.com.pl\/product\/zlote-kolczyki-kxc6260\/"},"modified":"2026-02-11T00:08:44","modified_gmt":"2026-02-10T23:08:44","slug":"zlote-kolczyki-kxc6260","status":"publish","type":"product","link":"https:\/\/staviori.com.pl\/en\/product\/zlote-kolczyki-kxc6260\/","title":{"rendered":"Gold sash earrings with zircons 333 - KXC6260"},"content":{"rendered":"<p>Model: KXC6260<br \/>\nWaga ok. 1,65g<\/p>\n<p>Earrings.<br \/>\nYellow gold 0.333.<br \/>\nZirconia.<\/p>\n<p>Wysoko\u015b\u0107 11 mm.<\/p>","protected":false},"excerpt":{"rendered":"<p>Model: KXC6260 Waga ok. 1,65g Kolczyki. \u017b\u00f3\u0142te Z\u0142oto 0,333. Cyrkonia. Wysoko\u015b\u0107 11 mm.<\/p>","protected":false},"featured_media":18123,"comment_status":"closed","ping_status":"closed","template":"","meta":{"om_disable_all_campaigns":false},"product_brand":[2284,2350],"product_cat":[199,2044,1930],"product_tag":[2660,3444,2603,3445,3102,2964,2708,3443,2544],"class_list":{"0":"post-14296","1":"product","2":"type-product","3":"status-publish","4":"has-post-thumbnail","6":"product_brand-staviori","7":"product_brand-verona","8":"product_cat-kolczyki","9":"product_cat-zlote-kolczyki","10":"product_cat-zloto-2","11":"product_tag-eleganckie-kolczyki","12":"product_tag-hb18053","13":"product_tag-klasyczna-bizuteria","14":"product_tag-kolczyki-blyszczace","15":"product_tag-kolczyki-damskie","16":"product_tag-kolczyki-z-cyrkonia","17":"product_tag-kolczyki-zlote","18":"product_tag-kxc6260","19":"product_tag-zolte-zloto-333","20":"pa_kamien-cyrkonia","21":"pa_kolor-zolte","22":"pa_kruszec-zloto","23":"pa_proba-0-333","24":"pa_waga-165g","25":"pa_wysokosc-11mm","26":"pa_zapiecie-szarnir","28":"first","29":"instock","30":"purchasable","31":"product-type-simple"},"aioseo_notices":[],"_links":{"self":[{"href":"https:\/\/staviori.com.pl\/en\/wp-json\/wp\/v2\/product\/14296","targetHints":{"allow":["GET"]}}],"collection":[{"href":"https:\/\/staviori.com.pl\/en\/wp-json\/wp\/v2\/product"}],"about":[{"href":"https:\/\/staviori.com.pl\/en\/wp-json\/wp\/v2\/types\/product"}],"replies":[{"embeddable":true,"href":"https:\/\/staviori.com.pl\/en\/wp-json\/wp\/v2\/comments?post=14296"}],"wp:featuredmedia":[{"embeddable":true,"href":"https:\/\/staviori.com.pl\/en\/wp-json\/wp\/v2\/media\/18123"}],"wp:attachment":[{"href":"https:\/\/staviori.com.pl\/en\/wp-json\/wp\/v2\/media?parent=14296"}],"wp:term":[{"taxonomy":"product_brand","embeddable":true,"href":"https:\/\/staviori.com.pl\/en\/wp-json\/wp\/v2\/product_brand?post=14296"},{"taxonomy":"product_cat","embeddable":true,"href":"https:\/\/staviori.com.pl\/en\/wp-json\/wp\/v2\/product_cat?post=14296"},{"taxonomy":"product_tag","embeddable":true,"href":"https:\/\/staviori.com.pl\/en\/wp-json\/wp\/v2\/product_tag?post=14296"}],"curies":[{"name":"wp","href":"https:\/\/api.w.org\/{rel}","templated":true}]}}