{"id":14240,"date":"2025-02-24T22:46:11","date_gmt":"2025-02-24T21:46:11","guid":{"rendered":"https:\/\/staviori.com.pl\/product\/srebrne-kolczyki-ksm6386y\/"},"modified":"2026-02-11T00:08:44","modified_gmt":"2026-02-10T23:08:44","slug":"srebrne-kolczyki-ksm6386y","status":"publish","type":"product","link":"https:\/\/staviori.com.pl\/en\/product\/srebrne-kolczyki-ksm6386y\/","title":{"rendered":"Silver gilt ear cuff - KSM6386Y"},"content":{"rendered":"<p>Model: KSM6386Y<br \/>\nWaga ok. 0,20g<\/p>\n<p>Kolczyk<br \/>\nSilver 0.925 plated with yellow gold<\/p>\n<p>Nausznica \/ Mankiet do uszu<\/p>\n<p>Sprzeda\u017c na sztuki!<br \/>\nCena dotyczy 1 sztuki.<\/p>","protected":false},"excerpt":{"rendered":"<p>Stylowy mankiet do ucha wykonany ze srebra pr\u00f3by 0,925, pokryty eleganck\u0105 warstw\u0105 \u017c\u00f3\u0142tego z\u0142ota. Nowoczesna, op\u0142ywowa forma doskonale uk\u0142ada si\u0119 na uchu, nie wymagaj\u0105c przek\u0142uwania. Sprzedawany na sztuki \u2013 idealny do tworzenia unikalnych, asymetrycznych kompozycji. \u015awietny wyb\u00f3r dla kobiet, kt\u00f3re lubi\u0105 bi\u017cuteri\u0119 z charakterem i odrobin\u0105 awangardy.<\/p>","protected":false},"featured_media":18078,"comment_status":"closed","ping_status":"closed","template":"","meta":{"om_disable_all_campaigns":false},"product_brand":[2284,2350],"product_cat":[199,1818,1817],"product_tag":[3403,3401,3404,3378,3049,3400,3402,2569,2496,2427],"class_list":{"0":"post-14240","1":"product","2":"type-product","3":"status-publish","4":"has-post-thumbnail","6":"product_brand-staviori","7":"product_brand-verona","8":"product_cat-kolczyki","9":"product_cat-srebrne-kolczyki","10":"product_cat-srebro-2","11":"product_tag-ear-cuff","12":"product_tag-is50407","13":"product_tag-kolczyk-bez-przekluwania","14":"product_tag-kolczyk-na-sztuki","15":"product_tag-kolczyki-asymetryczne","16":"product_tag-ksm6386y","17":"product_tag-mankiet-do-ucha","18":"product_tag-nowoczesna-bizuteria","19":"product_tag-pozlacane-srebro","20":"product_tag-srebro-925","21":"pa_kruszec-srebro","22":"pa_kruszec-srebro-pozlacane","23":"pa_proba-0-925","24":"pa_waga-020g","26":"first","27":"instock","28":"purchasable","29":"product-type-simple"},"aioseo_notices":[],"_links":{"self":[{"href":"https:\/\/staviori.com.pl\/en\/wp-json\/wp\/v2\/product\/14240","targetHints":{"allow":["GET"]}}],"collection":[{"href":"https:\/\/staviori.com.pl\/en\/wp-json\/wp\/v2\/product"}],"about":[{"href":"https:\/\/staviori.com.pl\/en\/wp-json\/wp\/v2\/types\/product"}],"replies":[{"embeddable":true,"href":"https:\/\/staviori.com.pl\/en\/wp-json\/wp\/v2\/comments?post=14240"}],"wp:featuredmedia":[{"embeddable":true,"href":"https:\/\/staviori.com.pl\/en\/wp-json\/wp\/v2\/media\/18078"}],"wp:attachment":[{"href":"https:\/\/staviori.com.pl\/en\/wp-json\/wp\/v2\/media?parent=14240"}],"wp:term":[{"taxonomy":"product_brand","embeddable":true,"href":"https:\/\/staviori.com.pl\/en\/wp-json\/wp\/v2\/product_brand?post=14240"},{"taxonomy":"product_cat","embeddable":true,"href":"https:\/\/staviori.com.pl\/en\/wp-json\/wp\/v2\/product_cat?post=14240"},{"taxonomy":"product_tag","embeddable":true,"href":"https:\/\/staviori.com.pl\/en\/wp-json\/wp\/v2\/product_tag?post=14240"}],"curies":[{"name":"wp","href":"https:\/\/api.w.org\/{rel}","templated":true}]}}