{"id":14239,"date":"2025-02-24T22:46:11","date_gmt":"2025-02-24T21:46:11","guid":{"rendered":"https:\/\/staviori.com.pl\/product\/srebrne-kolczyki-ksm6386\/"},"modified":"2026-02-11T00:08:43","modified_gmt":"2026-02-10T23:08:43","slug":"srebrne-kolczyki-ksm6386","status":"publish","type":"product","link":"https:\/\/staviori.com.pl\/en\/product\/srebrne-kolczyki-ksm6386\/","title":{"rendered":"Silver ear cuff - KSM6386"},"content":{"rendered":"<p>Model: KSM6386<br \/>\nWaga ok. 0,20g<\/p>\n<p>Earrings.<br \/>\n0.925 rhodium-plated silver.<\/p>\n<p>Nausznica \/ Mankiet do uszu<br \/>\nSprzeda\u017c na sztuki!<br \/>\nCena dotyczy 1 sztuki.<\/p>","protected":false},"excerpt":{"rendered":"<p>Stylowy mankiet do ucha wykonany ze srebra pr\u00f3by 0,925. Nowoczesna, op\u0142ywowa forma doskonale uk\u0142ada si\u0119 na uchu, nie wymagaj\u0105c przek\u0142uwania. Sprzedawany na sztuki \u2013 idealny do tworzenia unikalnych, asymetrycznych kompozycji. \u015awietny wyb\u00f3r dla kobiet, kt\u00f3re lubi\u0105 bi\u017cuteri\u0119 z charakterem i odrobin\u0105 awangardy.<\/p>","protected":false},"featured_media":18081,"comment_status":"closed","ping_status":"closed","template":"","meta":{"om_disable_all_campaigns":false},"product_brand":[2284,2350],"product_cat":[199,1818,1817],"product_tag":[3403,3405,3404,3378,3049,3406,3402,3407,2569,2427],"class_list":{"0":"post-14239","1":"product","2":"type-product","3":"status-publish","4":"has-post-thumbnail","6":"product_brand-staviori","7":"product_brand-verona","8":"product_cat-kolczyki","9":"product_cat-srebrne-kolczyki","10":"product_cat-srebro-2","11":"product_tag-ear-cuff","12":"product_tag-i050407","13":"product_tag-kolczyk-bez-przekluwania","14":"product_tag-kolczyk-na-sztuki","15":"product_tag-kolczyki-asymetryczne","16":"product_tag-ksm6386","17":"product_tag-mankiet-do-ucha","18":"product_tag-nausznice","19":"product_tag-nowoczesna-bizuteria","20":"product_tag-srebro-925","21":"pa_kruszec-srebro-rodowane","22":"pa_proba-0-925","23":"pa_waga-020g","25":"first","26":"instock","27":"purchasable","28":"product-type-simple"},"aioseo_notices":[],"_links":{"self":[{"href":"https:\/\/staviori.com.pl\/en\/wp-json\/wp\/v2\/product\/14239","targetHints":{"allow":["GET"]}}],"collection":[{"href":"https:\/\/staviori.com.pl\/en\/wp-json\/wp\/v2\/product"}],"about":[{"href":"https:\/\/staviori.com.pl\/en\/wp-json\/wp\/v2\/types\/product"}],"replies":[{"embeddable":true,"href":"https:\/\/staviori.com.pl\/en\/wp-json\/wp\/v2\/comments?post=14239"}],"wp:featuredmedia":[{"embeddable":true,"href":"https:\/\/staviori.com.pl\/en\/wp-json\/wp\/v2\/media\/18081"}],"wp:attachment":[{"href":"https:\/\/staviori.com.pl\/en\/wp-json\/wp\/v2\/media?parent=14239"}],"wp:term":[{"taxonomy":"product_brand","embeddable":true,"href":"https:\/\/staviori.com.pl\/en\/wp-json\/wp\/v2\/product_brand?post=14239"},{"taxonomy":"product_cat","embeddable":true,"href":"https:\/\/staviori.com.pl\/en\/wp-json\/wp\/v2\/product_cat?post=14239"},{"taxonomy":"product_tag","embeddable":true,"href":"https:\/\/staviori.com.pl\/en\/wp-json\/wp\/v2\/product_tag?post=14239"}],"curies":[{"name":"wp","href":"https:\/\/api.w.org\/{rel}","templated":true}]}}