{"id":14226,"date":"2025-02-24T22:46:11","date_gmt":"2025-02-24T21:46:11","guid":{"rendered":"https:\/\/staviori.com.pl\/product\/srebrne-kolczyki-kse6592y\/"},"modified":"2026-02-11T00:08:43","modified_gmt":"2026-02-10T23:08:43","slug":"srebrne-kolczyki-kse6592y","status":"publish","type":"product","link":"https:\/\/staviori.com.pl\/en\/product\/srebrne-kolczyki-kse6592y\/","title":{"rendered":"Silver plated gold plated daisy earrings with enamel - KSE6592Y"},"content":{"rendered":"<p>Model: KSE6592Y<br \/>\nWeight approx. 1.90g<\/p>\n<p>Earrings.<br \/>\n0.925 silver.<br \/>\nEnamel.<br \/>\ncovered in yellow gold<\/p>\n<p>Kolczyki na sztyfcie, wykonane ze srebra pr\u00f3by 0,925, poz\u0142acane.<br \/>\nModel ozdobiono bia\u0142\u0105 i \u017c\u00f3\u0142t\u0105 emali\u0105.<\/p>","protected":false},"excerpt":{"rendered":"<p>Urocze kolczyki w kszta\u0142cie stokrotek, wykonane ze srebra pr\u00f3by 0,925 i pokryte warstw\u0105 \u017c\u00f3\u0142tego z\u0142ota. Delikatne zdobienia z bia\u0142ej i \u017c\u00f3\u0142tej emalii nadaj\u0105 im \u015bwie\u017cy, radosny charakter. Zapi\u0119cie na sztyft zapewnia komfort noszenia. Idealna propozycja dla mi\u0142o\u015bniczek kwiatowych motyw\u00f3w i bi\u017cuterii pe\u0142nej pozytywnej energii.<\/p>","protected":false},"featured_media":14227,"comment_status":"closed","ping_status":"closed","template":"","meta":{"om_disable_all_campaigns":false},"product_brand":[2284,2350],"product_cat":[199,1818,1817],"product_tag":[3430,3344,3358,2944,3427,3426,3429,3200,3431,2427],"class_list":{"0":"post-14226","1":"product","2":"type-product","3":"status-publish","4":"has-post-thumbnail","6":"product_brand-staviori","7":"product_brand-verona","8":"product_cat-kolczyki","9":"product_cat-srebrne-kolczyki","10":"product_cat-srebro-2","11":"product_tag-bizuteria-dla-dziewczynki","12":"product_tag-kolczyki-emaliowane","13":"product_tag-kolczyki-stokrotki","14":"product_tag-kolczyki-z-emalia","15":"product_tag-kse6592y","16":"product_tag-ky53273","17":"product_tag-motyw-kwiatowy","18":"product_tag-pozlacane-kolczyki","19":"product_tag-radosna-bizuteria","20":"product_tag-srebro-925","21":"pa_kamien-emalia","22":"pa_kruszec-srebro","23":"pa_kruszec-srebro-pozlacane","24":"pa_motyw-kwiatek","25":"pa_motyw-stokrotka","26":"pa_proba-0-925","27":"pa_waga-190g","28":"pa_zapiecie-sztyft","30":"first","31":"instock","32":"purchasable","33":"product-type-simple"},"aioseo_notices":[],"_links":{"self":[{"href":"https:\/\/staviori.com.pl\/en\/wp-json\/wp\/v2\/product\/14226","targetHints":{"allow":["GET"]}}],"collection":[{"href":"https:\/\/staviori.com.pl\/en\/wp-json\/wp\/v2\/product"}],"about":[{"href":"https:\/\/staviori.com.pl\/en\/wp-json\/wp\/v2\/types\/product"}],"replies":[{"embeddable":true,"href":"https:\/\/staviori.com.pl\/en\/wp-json\/wp\/v2\/comments?post=14226"}],"wp:featuredmedia":[{"embeddable":true,"href":"https:\/\/staviori.com.pl\/en\/wp-json\/wp\/v2\/media\/14227"}],"wp:attachment":[{"href":"https:\/\/staviori.com.pl\/en\/wp-json\/wp\/v2\/media?parent=14226"}],"wp:term":[{"taxonomy":"product_brand","embeddable":true,"href":"https:\/\/staviori.com.pl\/en\/wp-json\/wp\/v2\/product_brand?post=14226"},{"taxonomy":"product_cat","embeddable":true,"href":"https:\/\/staviori.com.pl\/en\/wp-json\/wp\/v2\/product_cat?post=14226"},{"taxonomy":"product_tag","embeddable":true,"href":"https:\/\/staviori.com.pl\/en\/wp-json\/wp\/v2\/product_tag?post=14226"}],"curies":[{"name":"wp","href":"https:\/\/api.w.org\/{rel}","templated":true}]}}