{"id":14219,"date":"2025-02-24T22:46:07","date_gmt":"2025-02-24T21:46:07","guid":{"rendered":"https:\/\/staviori.com.pl\/product\/srebrne-kolczyki-kse6519\/"},"modified":"2026-02-11T00:08:43","modified_gmt":"2026-02-10T23:08:43","slug":"srebrne-kolczyki-kse6519","status":"publish","type":"product","link":"https:\/\/staviori.com.pl\/en\/product\/srebrne-kolczyki-kse6519\/","title":{"rendered":"Children's silver PANDA earrings sweet with enamel"},"content":{"rendered":"<p>Model: KSE6519<br \/>\nWeight approx. 0.30g<\/p>\n<p>Earrings.<br \/>\n0.925 rhodium-plated silver.<br \/>\nEnamel.<\/p>","protected":false},"excerpt":{"rendered":"<p>Urocze srebrne kolczyki w kszta\u0142cie pandy z r\u00f3\u017cow\u0105 kokardk\u0105 to idealny dodatek dla najm\u0142odszych i nie tylko. Wykonane ze srebra pr\u00f3by 0,925 i pokryte rodem, zachwycaj\u0105 b\u0142yskiem i odporno\u015bci\u0105 na matowienie. Delikatna emalia nadaje im wyj\u0105tkowego charakteru i wdzi\u0119ku. Te kolczyki dodadz\u0105 uroku ka\u017cdej stylizacji, wnosz\u0105c odrobin\u0119 rado\u015bci i s\u0142odyczy.<\/p>","protected":false},"featured_media":14220,"comment_status":"closed","ping_status":"closed","template":"","meta":{"om_disable_all_campaigns":false},"product_brand":[2284,2350],"product_cat":[199,1818,1817],"product_tag":[3932,6791,6438,5784,6789,1396,2944,6790,6792,6075,5820,3967],"class_list":{"0":"post-14219","1":"product","2":"type-product","3":"status-publish","4":"has-post-thumbnail","6":"product_brand-staviori","7":"product_brand-verona","8":"product_cat-kolczyki","9":"product_cat-srebrne-kolczyki","10":"product_cat-srebro-2","11":"product_tag-3932","12":"product_tag-cute-earrings","13":"product_tag-detske-nausnice","14":"product_tag-enamel-jewelry","15":"product_tag-kolczyki-panda","16":"product_tag-kolczyki-srebrne","17":"product_tag-kolczyki-z-emalia","18":"product_tag-panda-earrings","19":"product_tag-panda-ohrringe","20":"product_tag-silber-925","21":"product_tag-silver-earrings","22":"product_tag-srebro-0","23":"pa_kamien-emalia","24":"pa_kruszec-srebro-rodowane","25":"pa_motyw-panda","26":"pa_proba-0-925","27":"pa_waga-030g","28":"pa_zapiecie-sztyft","30":"first","31":"instock","32":"purchasable","33":"product-type-simple"},"aioseo_notices":[],"_links":{"self":[{"href":"https:\/\/staviori.com.pl\/en\/wp-json\/wp\/v2\/product\/14219","targetHints":{"allow":["GET"]}}],"collection":[{"href":"https:\/\/staviori.com.pl\/en\/wp-json\/wp\/v2\/product"}],"about":[{"href":"https:\/\/staviori.com.pl\/en\/wp-json\/wp\/v2\/types\/product"}],"replies":[{"embeddable":true,"href":"https:\/\/staviori.com.pl\/en\/wp-json\/wp\/v2\/comments?post=14219"}],"wp:featuredmedia":[{"embeddable":true,"href":"https:\/\/staviori.com.pl\/en\/wp-json\/wp\/v2\/media\/14220"}],"wp:attachment":[{"href":"https:\/\/staviori.com.pl\/en\/wp-json\/wp\/v2\/media?parent=14219"}],"wp:term":[{"taxonomy":"product_brand","embeddable":true,"href":"https:\/\/staviori.com.pl\/en\/wp-json\/wp\/v2\/product_brand?post=14219"},{"taxonomy":"product_cat","embeddable":true,"href":"https:\/\/staviori.com.pl\/en\/wp-json\/wp\/v2\/product_cat?post=14219"},{"taxonomy":"product_tag","embeddable":true,"href":"https:\/\/staviori.com.pl\/en\/wp-json\/wp\/v2\/product_tag?post=14219"}],"curies":[{"name":"wp","href":"https:\/\/api.w.org\/{rel}","templated":true}]}}