{"id":14213,"date":"2025-02-24T22:46:07","date_gmt":"2025-02-24T21:46:07","guid":{"rendered":"https:\/\/staviori.com.pl\/product\/srebrne-kolczyki-kse6207\/"},"modified":"2026-02-11T00:08:43","modified_gmt":"2026-02-10T23:08:43","slug":"srebrne-kolczyki-kse6207","status":"publish","type":"product","link":"https:\/\/staviori.com.pl\/en\/product\/srebrne-kolczyki-kse6207\/","title":{"rendered":"Silver teddy bear earrings for a girl - KSE6207"},"content":{"rendered":"<p>Model: KSE6207<br \/>\nWeight approx. 0.90g<\/p>\n<p>Earrings.<br \/>\n0.925 silver.<br \/>\nEnamel.<\/p>\n<p>Wysoko\u015b\u0107 7 mm.<br \/>\n8 mm wide.<\/p>","protected":false},"excerpt":{"rendered":"<p>Urocze kolczyki w kszta\u0142cie misi\u00f3w wykonane ze srebra pr\u00f3by 0,925 i ozdobione kolorow\u0105 emali\u0105. Br\u0105zowo-bia\u0142a kolorystyka oraz sympatyczne bu\u017aki sprawiaj\u0105, \u017ce kolczyki te s\u0105 doskona\u0142ym wyborem dla najm\u0142odszych. Lekka i bezpieczna bi\u017cuteria dzieci\u0119ca, kt\u00f3ra b\u0119dzie idealnym prezentem dla ka\u017cdej ma\u0142ej mi\u0142o\u015bniczki pluszak\u00f3w.<\/p>","protected":false},"featured_media":18048,"comment_status":"closed","ping_status":"closed","template":"","meta":{"om_disable_all_campaigns":false},"product_brand":[2284,2350],"product_cat":[199,1818,1817],"product_tag":[3343,3368,3173,3286,3344,3369,2698,3367,2427,3370],"class_list":{"0":"post-14213","1":"product","2":"type-product","3":"status-publish","4":"has-post-thumbnail","6":"product_brand-staviori","7":"product_brand-verona","8":"product_cat-kolczyki","9":"product_cat-srebrne-kolczyki","10":"product_cat-srebro-2","11":"product_tag-bizuteria-dziecieca","12":"product_tag-kb46342","13":"product_tag-kolczyki-dla-dziewczynki","14":"product_tag-kolczyki-dzieciece","15":"product_tag-kolczyki-emaliowane","16":"product_tag-kolczyki-misie","17":"product_tag-kolczyki-na-prezent","18":"product_tag-kse6207","19":"product_tag-srebro-925","20":"product_tag-urocze-kolczyki","21":"pa_kamien-emalia","22":"pa_kruszec-srebro","23":"pa_proba-0-925","24":"pa_szerokosc-8mm","25":"pa_waga-093g","26":"pa_wysokosc-7mm","27":"pa_zapiecie-sztyft","29":"first","30":"instock","31":"purchasable","32":"product-type-simple"},"aioseo_notices":[],"_links":{"self":[{"href":"https:\/\/staviori.com.pl\/en\/wp-json\/wp\/v2\/product\/14213","targetHints":{"allow":["GET"]}}],"collection":[{"href":"https:\/\/staviori.com.pl\/en\/wp-json\/wp\/v2\/product"}],"about":[{"href":"https:\/\/staviori.com.pl\/en\/wp-json\/wp\/v2\/types\/product"}],"replies":[{"embeddable":true,"href":"https:\/\/staviori.com.pl\/en\/wp-json\/wp\/v2\/comments?post=14213"}],"wp:featuredmedia":[{"embeddable":true,"href":"https:\/\/staviori.com.pl\/en\/wp-json\/wp\/v2\/media\/18048"}],"wp:attachment":[{"href":"https:\/\/staviori.com.pl\/en\/wp-json\/wp\/v2\/media?parent=14213"}],"wp:term":[{"taxonomy":"product_brand","embeddable":true,"href":"https:\/\/staviori.com.pl\/en\/wp-json\/wp\/v2\/product_brand?post=14213"},{"taxonomy":"product_cat","embeddable":true,"href":"https:\/\/staviori.com.pl\/en\/wp-json\/wp\/v2\/product_cat?post=14213"},{"taxonomy":"product_tag","embeddable":true,"href":"https:\/\/staviori.com.pl\/en\/wp-json\/wp\/v2\/product_tag?post=14213"}],"curies":[{"name":"wp","href":"https:\/\/api.w.org\/{rel}","templated":true}]}}