{"id":14198,"date":"2025-02-24T22:46:03","date_gmt":"2025-02-24T21:46:03","guid":{"rendered":"https:\/\/staviori.com.pl\/product\/srebrne-kolczyki-ksc6199\/"},"modified":"2026-04-24T10:30:57","modified_gmt":"2026-04-24T08:30:57","slug":"srebrne-kolczyki-ksc6199","status":"publish","type":"product","link":"https:\/\/staviori.com.pl\/en\/product\/srebrne-kolczyki-ksc6199\/","title":{"rendered":"Srebrne kolczyki z du\u017c\u0105 cyrkoni\u0105"},"content":{"rendered":"<p>Model: KSC6199<br \/>\nWeight approx. 2.15g<\/p>\n<p>Earrings.<br \/>\n0.925 silver.<br \/>\nZirconia.<\/p>","protected":false},"excerpt":{"rendered":"<p>Eleganckie kolczyki wykonane z najwy\u017cszej jako\u015bci srebra pr\u00f3by 0,925, ozdobione b\u0142yszcz\u0105cymi cyrkoniami w klasycznej oprawie halo. Ich subtelny blask i ponadczasowy design sprawiaj\u0105, \u017ce s\u0105 idealnym wyborem zar\u00f3wno na co dzie\u0144, jak i na wyj\u0105tkowe okazje. To bi\u017cuteria, kt\u00f3ra pi\u0119knie podkre\u015bli kobiec\u0105 urod\u0119 i doda szyku ka\u017cdej stylizacji.<\/p>","protected":false},"featured_media":18004,"comment_status":"closed","ping_status":"closed","template":"","meta":{"om_disable_all_campaigns":false},"product_brand":[2284,2350],"product_cat":[199,1818,1817],"product_tag":[3041,2317,2457,2664,1396,2964,3325,3326,2291,2427],"class_list":{"0":"post-14198","1":"product","2":"type-product","3":"status-publish","4":"has-post-thumbnail","6":"product_brand-staviori","7":"product_brand-verona","8":"product_cat-kolczyki","9":"product_cat-srebrne-kolczyki","10":"product_cat-srebro-2","11":"product_tag-bizuteria-codzienna","12":"product_tag-elegancka-bizuteria","13":"product_tag-impreza","14":"product_tag-klasyczne-kolczyki","15":"product_tag-kolczyki-srebrne","16":"product_tag-kolczyki-z-cyrkonia","17":"product_tag-ksc6199","18":"product_tag-kw49607","19":"product_tag-prezent-dla-niej","20":"product_tag-srebro-925","21":"pa_kamien-cyrkonia","22":"pa_kruszec-srebro","23":"pa_proba-0-925","24":"pa_waga-215g","25":"pa_zapiecie-sztyft","27":"first","28":"instock","29":"purchasable","30":"product-type-simple"},"aioseo_notices":[],"_links":{"self":[{"href":"https:\/\/staviori.com.pl\/en\/wp-json\/wp\/v2\/product\/14198","targetHints":{"allow":["GET"]}}],"collection":[{"href":"https:\/\/staviori.com.pl\/en\/wp-json\/wp\/v2\/product"}],"about":[{"href":"https:\/\/staviori.com.pl\/en\/wp-json\/wp\/v2\/types\/product"}],"replies":[{"embeddable":true,"href":"https:\/\/staviori.com.pl\/en\/wp-json\/wp\/v2\/comments?post=14198"}],"wp:featuredmedia":[{"embeddable":true,"href":"https:\/\/staviori.com.pl\/en\/wp-json\/wp\/v2\/media\/18004"}],"wp:attachment":[{"href":"https:\/\/staviori.com.pl\/en\/wp-json\/wp\/v2\/media?parent=14198"}],"wp:term":[{"taxonomy":"product_brand","embeddable":true,"href":"https:\/\/staviori.com.pl\/en\/wp-json\/wp\/v2\/product_brand?post=14198"},{"taxonomy":"product_cat","embeddable":true,"href":"https:\/\/staviori.com.pl\/en\/wp-json\/wp\/v2\/product_cat?post=14198"},{"taxonomy":"product_tag","embeddable":true,"href":"https:\/\/staviori.com.pl\/en\/wp-json\/wp\/v2\/product_tag?post=14198"}],"curies":[{"name":"wp","href":"https:\/\/api.w.org\/{rel}","templated":true}]}}