{"id":14197,"date":"2025-02-24T22:46:03","date_gmt":"2025-02-24T21:46:03","guid":{"rendered":"https:\/\/staviori.com.pl\/product\/srebrne-kolczyki-ksc6198\/"},"modified":"2026-04-24T10:19:23","modified_gmt":"2026-04-24T08:19:23","slug":"srebrne-kolczyki-ksc6198","status":"publish","type":"product","link":"https:\/\/staviori.com.pl\/en\/product\/srebrne-kolczyki-ksc6198\/","title":{"rendered":"srebrne kolczyki z b\u0142\u0119kitn\u0105 cyrkoni\u0105"},"content":{"rendered":"<p>Model: KSC6198<br \/>\nWeight approx. 1.80g<\/p>\n<p>Earrings.<br \/>\n0.925 silver.<br \/>\nZirconia.<\/p>","protected":false},"excerpt":{"rendered":"<p>Eleganckie srebrne kolczyki z l\u015bni\u0105c\u0105 cyrkoni\u0105 to klasyka w nowoczesnym wydaniu. Wykonane ze srebra pr\u00f3by 0,925, zachwycaj\u0105 subtelnym blaskiem i ponadczasowym stylem. Centralny kamie\u0144 otoczony drobnymi cyrkoniami tworzy ol\u015bniewaj\u0105cy efekt, idealny zar\u00f3wno do codziennych stylizacji, jak i na wyj\u0105tkowe okazje.<\/p>","protected":false},"featured_media":21821,"comment_status":"closed","ping_status":"closed","template":"","meta":{"om_disable_all_campaigns":false},"product_brand":[2284,2350],"product_cat":[199,1818,1817],"product_tag":[3932,4191,2660,6079,2664,1396,2964,6803,6802,5820,3967,6088],"class_list":{"0":"post-14197","1":"product","2":"type-product","3":"status-publish","4":"has-post-thumbnail","6":"product_brand-staviori","7":"product_brand-verona","8":"product_cat-kolczyki","9":"product_cat-srebrne-kolczyki","10":"product_cat-srebro-2","11":"product_tag-3932","12":"product_tag-cubic-zirconia","13":"product_tag-eleganckie-kolczyki","14":"product_tag-elegant-earrings","15":"product_tag-klasyczne-kolczyki","16":"product_tag-kolczyki-srebrne","17":"product_tag-kolczyki-z-cyrkonia","18":"product_tag-nausnice-stribro","19":"product_tag-ohrringe-silber-925","20":"product_tag-silver-earrings","21":"product_tag-srebro-0","22":"product_tag-zirkonia","23":"pa_kamien-cyrkonia","24":"pa_kruszec-srebro","25":"pa_proba-0-925","26":"pa_waga-180g","28":"first","29":"instock","30":"purchasable","31":"product-type-simple"},"aioseo_notices":[],"_links":{"self":[{"href":"https:\/\/staviori.com.pl\/en\/wp-json\/wp\/v2\/product\/14197","targetHints":{"allow":["GET"]}}],"collection":[{"href":"https:\/\/staviori.com.pl\/en\/wp-json\/wp\/v2\/product"}],"about":[{"href":"https:\/\/staviori.com.pl\/en\/wp-json\/wp\/v2\/types\/product"}],"replies":[{"embeddable":true,"href":"https:\/\/staviori.com.pl\/en\/wp-json\/wp\/v2\/comments?post=14197"}],"wp:featuredmedia":[{"embeddable":true,"href":"https:\/\/staviori.com.pl\/en\/wp-json\/wp\/v2\/media\/21821"}],"wp:attachment":[{"href":"https:\/\/staviori.com.pl\/en\/wp-json\/wp\/v2\/media?parent=14197"}],"wp:term":[{"taxonomy":"product_brand","embeddable":true,"href":"https:\/\/staviori.com.pl\/en\/wp-json\/wp\/v2\/product_brand?post=14197"},{"taxonomy":"product_cat","embeddable":true,"href":"https:\/\/staviori.com.pl\/en\/wp-json\/wp\/v2\/product_cat?post=14197"},{"taxonomy":"product_tag","embeddable":true,"href":"https:\/\/staviori.com.pl\/en\/wp-json\/wp\/v2\/product_tag?post=14197"}],"curies":[{"name":"wp","href":"https:\/\/api.w.org\/{rel}","templated":true}]}}