{"id":14191,"date":"2025-02-24T22:46:03","date_gmt":"2025-02-24T21:46:03","guid":{"rendered":"https:\/\/staviori.com.pl\/product\/srebrne-kolczyki-ksc2015\/"},"modified":"2026-04-24T09:51:19","modified_gmt":"2026-04-24T07:51:19","slug":"srebrne-kolczyki-ksc2015","status":"publish","type":"product","link":"https:\/\/staviori.com.pl\/en\/product\/srebrne-kolczyki-ksc2015\/","title":{"rendered":"Silver round zirconia earrings 10mm"},"content":{"rendered":"<p>Model: KSC2015<br \/>\nWeight approx. 3.90g<\/p>\n<p>Earrings.<br \/>\n0.925 silver.<br \/>\nZirconia.<\/p>\n<p>Diameter 10 mm.<br \/>\nThickness 6 mm.<\/p>","protected":false},"excerpt":{"rendered":"<p>Klasyczne srebrne kolczyki z du\u017cymi, l\u015bni\u0105cymi cyrkoniami to kwintesencja elegancji i ponadczasowego stylu. Wykonane ze srebra pr\u00f3by 0,925, zachwycaj\u0105 intensywnym blaskiem i perfekcyjnym szlifem kamieni. Ich uniwersalny design sprawia, \u017ce pasuj\u0105 zar\u00f3wno do codziennych stylizacji, jak i wyj\u0105tkowych okazji. To bi\u017cuteria, kt\u00f3ra zawsze wygl\u0105da zjawiskowo.<\/p>","protected":false},"featured_media":21834,"comment_status":"closed","ping_status":"closed","template":"","meta":{"om_disable_all_campaigns":false},"product_brand":[2284,2350],"product_cat":[199,1818,1817],"product_tag":[3932,4191,2660,2603,6810,1396,2964,6809,6811,6803,6802,5820,3967,6088],"class_list":{"0":"post-14191","1":"product","2":"type-product","3":"status-publish","4":"has-post-thumbnail","6":"product_brand-staviori","7":"product_brand-verona","8":"product_cat-kolczyki","9":"product_cat-srebrne-kolczyki","10":"product_cat-srebro-2","11":"product_tag-3932","12":"product_tag-cubic-zirconia","13":"product_tag-eleganckie-kolczyki","14":"product_tag-klasyczna-bizuteria","15":"product_tag-kolczyki-duza-cyrkonia","16":"product_tag-kolczyki-srebrne","17":"product_tag-kolczyki-z-cyrkonia","18":"product_tag-ksc2015","19":"product_tag-large-stone-earrings","20":"product_tag-nausnice-stribro","21":"product_tag-ohrringe-silber-925","22":"product_tag-silver-earrings","23":"product_tag-srebro-0","24":"product_tag-zirkonia","25":"pa_grubosc-6mm","26":"pa_kamien-cyrkonia","27":"pa_kruszec-srebro","28":"pa_proba-0-925","29":"pa_srednica-10mm","30":"pa_waga-390g","31":"pa_zapiecie-sztyft","33":"first","34":"instock","35":"sale","36":"purchasable","37":"product-type-simple"},"aioseo_notices":[],"_links":{"self":[{"href":"https:\/\/staviori.com.pl\/en\/wp-json\/wp\/v2\/product\/14191","targetHints":{"allow":["GET"]}}],"collection":[{"href":"https:\/\/staviori.com.pl\/en\/wp-json\/wp\/v2\/product"}],"about":[{"href":"https:\/\/staviori.com.pl\/en\/wp-json\/wp\/v2\/types\/product"}],"replies":[{"embeddable":true,"href":"https:\/\/staviori.com.pl\/en\/wp-json\/wp\/v2\/comments?post=14191"}],"wp:featuredmedia":[{"embeddable":true,"href":"https:\/\/staviori.com.pl\/en\/wp-json\/wp\/v2\/media\/21834"}],"wp:attachment":[{"href":"https:\/\/staviori.com.pl\/en\/wp-json\/wp\/v2\/media?parent=14191"}],"wp:term":[{"taxonomy":"product_brand","embeddable":true,"href":"https:\/\/staviori.com.pl\/en\/wp-json\/wp\/v2\/product_brand?post=14191"},{"taxonomy":"product_cat","embeddable":true,"href":"https:\/\/staviori.com.pl\/en\/wp-json\/wp\/v2\/product_cat?post=14191"},{"taxonomy":"product_tag","embeddable":true,"href":"https:\/\/staviori.com.pl\/en\/wp-json\/wp\/v2\/product_tag?post=14191"}],"curies":[{"name":"wp","href":"https:\/\/api.w.org\/{rel}","templated":true}]}}