{"id":14189,"date":"2025-02-24T22:46:03","date_gmt":"2025-02-24T21:46:03","guid":{"rendered":"https:\/\/staviori.com.pl\/product\/srebrne-kolczyki-ksc0569\/"},"modified":"2026-02-11T00:08:42","modified_gmt":"2026-02-10T23:08:42","slug":"srebrne-kolczyki-ksc0569","status":"publish","type":"product","link":"https:\/\/staviori.com.pl\/en\/product\/srebrne-kolczyki-ksc0569\/","title":{"rendered":"Small silver earrings with zirconia"},"content":{"rendered":"<p>Model: KSC0569<br \/>\nWeight approx. 0.60g<\/p>\n<p>Earrings.<br \/>\n0.925 rhodium-plated silver.<br \/>\nZirconia.<\/p>\n<p>3 mm wide.<\/p>","protected":false},"excerpt":{"rendered":"<p>Minimalistyczne kolczyki wykonane z rodowanego srebra pr\u00f3by 0,925, zdobione l\u015bni\u0105cymi cyrkoniami w klasycznej oprawie czterech \u0142apek. Ich niewielki rozmiar i subtelny blask czyni\u0105 je doskona\u0142ym wyborem na co dzie\u0144, a tak\u017ce idealnym dodatkiem dla kobiet ceni\u0105cych ponadczasow\u0105 elegancj\u0119 i prostot\u0119. Niezwykle uniwersalny model, kt\u00f3ry pasuje do ka\u017cdej stylizacji.<\/p>","protected":false},"featured_media":2290,"comment_status":"closed","ping_status":"closed","template":"","meta":{"om_disable_all_campaigns":false},"product_brand":[2284,2350],"product_cat":[199,1818,1817],"product_tag":[2454,3328,2603,3197,2674,1396,3329,2706,2291,2426],"class_list":{"0":"post-14189","1":"product","2":"type-product","3":"status-publish","4":"has-post-thumbnail","6":"product_brand-staviori","7":"product_brand-verona","8":"product_cat-kolczyki","9":"product_cat-srebrne-kolczyki","10":"product_cat-srebro-2","11":"product_tag-cyrkonia","12":"product_tag-ikcw002","13":"product_tag-klasyczna-bizuteria","14":"product_tag-kolczyki-minimalistyczne","15":"product_tag-kolczyki-na-co-dzien","16":"product_tag-kolczyki-srebrne","17":"product_tag-ksc0569","18":"product_tag-male-kolczyki","19":"product_tag-prezent-dla-niej","20":"product_tag-srebro-rodowane","21":"pa_kamien-cyrkonia","22":"pa_kruszec-srebro-rodowane","23":"pa_proba-0-925","24":"pa_szerokosc-3mm","25":"pa_waga-060g","26":"pa_zapiecie-sztyft","28":"first","29":"instock","30":"purchasable","31":"product-type-simple"},"aioseo_notices":[],"_links":{"self":[{"href":"https:\/\/staviori.com.pl\/en\/wp-json\/wp\/v2\/product\/14189","targetHints":{"allow":["GET"]}}],"collection":[{"href":"https:\/\/staviori.com.pl\/en\/wp-json\/wp\/v2\/product"}],"about":[{"href":"https:\/\/staviori.com.pl\/en\/wp-json\/wp\/v2\/types\/product"}],"replies":[{"embeddable":true,"href":"https:\/\/staviori.com.pl\/en\/wp-json\/wp\/v2\/comments?post=14189"}],"wp:featuredmedia":[{"embeddable":true,"href":"https:\/\/staviori.com.pl\/en\/wp-json\/wp\/v2\/media\/2290"}],"wp:attachment":[{"href":"https:\/\/staviori.com.pl\/en\/wp-json\/wp\/v2\/media?parent=14189"}],"wp:term":[{"taxonomy":"product_brand","embeddable":true,"href":"https:\/\/staviori.com.pl\/en\/wp-json\/wp\/v2\/product_brand?post=14189"},{"taxonomy":"product_cat","embeddable":true,"href":"https:\/\/staviori.com.pl\/en\/wp-json\/wp\/v2\/product_cat?post=14189"},{"taxonomy":"product_tag","embeddable":true,"href":"https:\/\/staviori.com.pl\/en\/wp-json\/wp\/v2\/product_tag?post=14189"}],"curies":[{"name":"wp","href":"https:\/\/api.w.org\/{rel}","templated":true}]}}