{"id":14185,"date":"2025-02-24T22:46:03","date_gmt":"2025-02-24T21:46:03","guid":{"rendered":"https:\/\/staviori.com.pl\/product\/bizuteria-inwestycyjna-kolczyk-krd4442\/"},"modified":"2026-02-11T00:08:42","modified_gmt":"2026-02-10T23:08:42","slug":"bizuteria-inwestycyjna-kolczyk-krd4442","status":"publish","type":"product","link":"https:\/\/staviori.com.pl\/en\/product\/bizuteria-inwestycyjna-kolczyk-krd4442\/","title":{"rendered":"Exclusive | rose gold 750 butterfly earrings with diamonds"},"content":{"rendered":"<p>Model: DDE1919<br \/>\nWaga ok. 4,51g<\/p>\n<p>Earrings.<br \/>\nRose Gold 0.750.<br \/>\n116 Diament\u00f3w, szlif brylantowy, o masie ok. 1,08ct, barwa G-H, czysto\u015b\u0107 SI1.<\/p>\n<p>Wymiary 15&#215;15.2 mm.<br \/>\nGrubo\u015b\u0107 2.1 mm.<\/p>\n<p><strong>Product available on request only, lead time approx. 5 weeks.<\/strong><\/p>","protected":false},"excerpt":{"rendered":"<p>Stunning rose gold 0.750 earrings in the shape of delicate butterflies, set with as many as 116 diamonds weighing a total of 1.08 ct. Their subtle brilliance and careful craftsmanship make them extremely feminine and charming. An ideal choice for women who appreciate finesse, lightness of form and luxurious detail. This is jewellery that attracts the eye and emphasises the uniqueness of any styling.<\/p>","protected":false},"featured_media":2267,"comment_status":"closed","ping_status":"closed","template":"","meta":{"om_disable_all_campaigns":false},"product_brand":[2284],"product_cat":[1803,199,6858],"product_tag":[3321,2660,3322,2698,2667,2708,3320,2280,2336],"class_list":{"0":"post-14185","1":"product","2":"type-product","3":"status-publish","4":"has-post-thumbnail","6":"product_brand-staviori","7":"product_cat-brylanty-exclusive","8":"product_cat-kolczyki","9":"product_cat-kolczyki-brylanty-exclusive","10":"product_tag-dde1919","11":"product_tag-eleganckie-kolczyki","12":"product_tag-kolczyki-motyle","13":"product_tag-kolczyki-na-prezent","14":"product_tag-kolczyki-z-diamentami","15":"product_tag-kolczyki-zlote","16":"product_tag-krd4442","17":"product_tag-luksusowa-bizuteria","18":"product_tag-rozowe-zloto","19":"pa_barwa-g-h","20":"pa_czystosc-si1","21":"pa_dostawca-draco","22":"pa_grubosc-2-1mm","23":"pa_kamien-biale-diamenty","24":"pa_kamien-brylanty","25":"pa_kolor-rozowe","26":"pa_kruszec-zloto","27":"pa_motyw-motylek","28":"pa_proba-0-750","29":"pa_waga-450g","30":"pa_wymiary-15x15-2mm","31":"pa_zapiecie-sztyft","33":"first","34":"onbackorder","35":"purchasable","36":"product-type-simple"},"aioseo_notices":[],"_links":{"self":[{"href":"https:\/\/staviori.com.pl\/en\/wp-json\/wp\/v2\/product\/14185","targetHints":{"allow":["GET"]}}],"collection":[{"href":"https:\/\/staviori.com.pl\/en\/wp-json\/wp\/v2\/product"}],"about":[{"href":"https:\/\/staviori.com.pl\/en\/wp-json\/wp\/v2\/types\/product"}],"replies":[{"embeddable":true,"href":"https:\/\/staviori.com.pl\/en\/wp-json\/wp\/v2\/comments?post=14185"}],"wp:featuredmedia":[{"embeddable":true,"href":"https:\/\/staviori.com.pl\/en\/wp-json\/wp\/v2\/media\/2267"}],"wp:attachment":[{"href":"https:\/\/staviori.com.pl\/en\/wp-json\/wp\/v2\/media?parent=14185"}],"wp:term":[{"taxonomy":"product_brand","embeddable":true,"href":"https:\/\/staviori.com.pl\/en\/wp-json\/wp\/v2\/product_brand?post=14185"},{"taxonomy":"product_cat","embeddable":true,"href":"https:\/\/staviori.com.pl\/en\/wp-json\/wp\/v2\/product_cat?post=14185"},{"taxonomy":"product_tag","embeddable":true,"href":"https:\/\/staviori.com.pl\/en\/wp-json\/wp\/v2\/product_tag?post=14185"}],"curies":[{"name":"wp","href":"https:\/\/api.w.org\/{rel}","templated":true}]}}