{"id":14184,"date":"2025-02-24T22:46:03","date_gmt":"2025-02-24T21:46:03","guid":{"rendered":"https:\/\/staviori.com.pl\/product\/bizuteria-inwestycyjna-kolczyk-krd4048\/"},"modified":"2026-02-11T00:08:42","modified_gmt":"2026-02-10T23:08:42","slug":"bizuteria-inwestycyjna-kolczyk-krd4048","status":"publish","type":"product","link":"https:\/\/staviori.com.pl\/en\/product\/bizuteria-inwestycyjna-kolczyk-krd4048\/","title":{"rendered":"Exclusive | rose gold earrings with amethysts and diamonds"},"content":{"rendered":"<p>Model: DSE1637<br \/>\nWaga ok. 7,50g<\/p>\n<p>Earrings.<br \/>\nRose Gold 0.750.<br \/>\n76 Diament\u00f3w, szlif brylantowy, o masie 1,37ct, barwa G-H, czysto\u015b\u0107 SI1.<br \/>\n8 Ametyst\u00f3w, o masie 10,72ct.<\/p>\n<p>D\u0142ugo\u015b\u0107 56.5 mm.<br \/>\n13.7 mm wide.<br \/>\n\u015arednica 6.9 mm.<\/p>\n<p>Product available on request only, lead time approx. 5 weeks.<\/p>","protected":false},"excerpt":{"rendered":"<p>Dazzling 18K rose gold earrings, stunning in their sophisticated design and richness of precious stones. Amethysts with an intense purple shine have been combined with as many as 76 diamonds to create a spectacular, multi-dimensional effect. Jewellery full of glamour, ideal for special occasions when style and luxury in its purest form counts. The long, pendant forms add elegance and attract the eye.<\/p>","protected":false},"featured_media":17972,"comment_status":"closed","ping_status":"closed","template":"","meta":{"om_disable_all_campaigns":false},"product_brand":[2284],"product_cat":[1803,199,6858],"product_tag":[2276,2754,3303,3133,2760,2770,3305,2667,3304,2336],"class_list":{"0":"post-14184","1":"product","2":"type-product","3":"status-publish","4":"has-post-thumbnail","6":"product_brand-staviori","7":"product_cat-brylanty-exclusive","8":"product_cat-kolczyki","9":"product_cat-kolczyki-brylanty-exclusive","10":"product_tag-bizuteria-ekskluzywna","11":"product_tag-bizuteria-wieczorowa","12":"product_tag-dse1637","13":"product_tag-kolczyki-eleganckie","14":"product_tag-kolczyki-luksusowe","15":"product_tag-kolczyki-wiszace","16":"product_tag-kolczyki-z-ametystami","17":"product_tag-kolczyki-z-diamentami","18":"product_tag-krd4048","19":"product_tag-rozowe-zloto","20":"pa_barwa-g-h","21":"pa_czystosc-si1","22":"pa_dlugosc-56-5mm","23":"pa_dostawca-draco","24":"pa_kamien-ametysty","25":"pa_kamien-brylanty","26":"pa_kolor-rozowe","27":"pa_kruszec-zloto","28":"pa_proba-0-750","29":"pa_szerokosc-13-7mm","30":"pa_waga-750g","31":"pa_zapiecie-sztyft","33":"first","34":"onbackorder","35":"purchasable","36":"product-type-simple"},"aioseo_notices":[],"_links":{"self":[{"href":"https:\/\/staviori.com.pl\/en\/wp-json\/wp\/v2\/product\/14184","targetHints":{"allow":["GET"]}}],"collection":[{"href":"https:\/\/staviori.com.pl\/en\/wp-json\/wp\/v2\/product"}],"about":[{"href":"https:\/\/staviori.com.pl\/en\/wp-json\/wp\/v2\/types\/product"}],"replies":[{"embeddable":true,"href":"https:\/\/staviori.com.pl\/en\/wp-json\/wp\/v2\/comments?post=14184"}],"wp:featuredmedia":[{"embeddable":true,"href":"https:\/\/staviori.com.pl\/en\/wp-json\/wp\/v2\/media\/17972"}],"wp:attachment":[{"href":"https:\/\/staviori.com.pl\/en\/wp-json\/wp\/v2\/media?parent=14184"}],"wp:term":[{"taxonomy":"product_brand","embeddable":true,"href":"https:\/\/staviori.com.pl\/en\/wp-json\/wp\/v2\/product_brand?post=14184"},{"taxonomy":"product_cat","embeddable":true,"href":"https:\/\/staviori.com.pl\/en\/wp-json\/wp\/v2\/product_cat?post=14184"},{"taxonomy":"product_tag","embeddable":true,"href":"https:\/\/staviori.com.pl\/en\/wp-json\/wp\/v2\/product_tag?post=14184"}],"curies":[{"name":"wp","href":"https:\/\/api.w.org\/{rel}","templated":true}]}}