{"id":14182,"date":"2025-02-24T22:46:03","date_gmt":"2025-02-24T21:46:03","guid":{"rendered":"https:\/\/staviori.com.pl\/product\/bizuteria-inwestycyjna-kolczyk-krd4045\/"},"modified":"2026-02-11T00:08:42","modified_gmt":"2026-02-10T23:08:42","slug":"bizuteria-inwestycyjna-kolczyk-krd4045","status":"publish","type":"product","link":"https:\/\/staviori.com.pl\/en\/product\/bizuteria-inwestycyjna-kolczyk-krd4045\/","title":{"rendered":"Exclusive | rose gold earrings with amethysts and diamonds"},"content":{"rendered":"<p>Model: DSE1700<br \/>\nWaga ok. 5,52g<\/p>\n<p>Earrings.<br \/>\nRose Gold 0.750.<br \/>\n48 Diament\u00f3w, szlif brylantowy, o masie ok. 0,66ct, barwa G-H, czysto\u015b\u0107 SI1.<br \/>\n2 Ametysty, o masie ok. 5,79ct.<\/p>\n<p>D\u0142ugo\u015b\u0107 40 mm.<br \/>\nSzeroko\u015b\u0107 7-8.4 mm.<br \/>\nGrubo\u015b\u0107 5.6 mm.<\/p>\n<p><strong>Product available on request only, lead time approx. 5 weeks.<\/strong><\/p>","protected":false},"excerpt":{"rendered":"<p>Zjawiskowe kolczyki z 18-karatowego r\u00f3\u017cowego z\u0142ota, kt\u00f3re urzekaj\u0105 elegancj\u0105 i subtelnym blaskiem. Ozdobione 48 brylantami oraz imponuj\u0105cymi ametystami w kszta\u0142cie \u0142ezki, tworz\u0105 wyj\u0105tkow\u0105 kompozycj\u0119 luksusu i klasy. Ich dopracowany kszta\u0142t i romantyczna kolorystyka czyni\u0105 je idealnym wyborem na wieczorne wyj\u015bcia i wyj\u0105tkowe okazje. To bi\u017cuteria, kt\u00f3ra nie tylko zdobi, ale i przyci\u0105ga spojrzenia.<\/p>","protected":false},"featured_media":17982,"comment_status":"closed","ping_status":"closed","template":"","meta":{"om_disable_all_campaigns":false},"product_brand":[2284],"product_cat":[1803,6858,199],"product_tag":[2276,2612,3133,2760,2686,3305,2672,3313,2336],"class_list":{"0":"post-14182","1":"product","2":"type-product","3":"status-publish","4":"has-post-thumbnail","6":"product_brand-staviori","7":"product_cat-brylanty-exclusive","8":"product_cat-kolczyki-brylanty-exclusive","9":"product_cat-kolczyki","10":"product_tag-bizuteria-ekskluzywna","11":"product_tag-bizuteria-z-kamieniami","12":"product_tag-kolczyki-eleganckie","13":"product_tag-kolczyki-luksusowe","14":"product_tag-kolczyki-wieczorowe","15":"product_tag-kolczyki-z-ametystami","16":"product_tag-kolczyki-z-brylantami","17":"product_tag-krd4045","18":"product_tag-rozowe-zloto","19":"pa_barwa-g-h","20":"pa_czystosc-si1","21":"pa_dlugosc-40mm","22":"pa_dostawca-draco","23":"pa_kamien-ametysty","24":"pa_kamien-biale-diamenty","25":"pa_kamien-brylanty","26":"pa_kolor-rozowe","27":"pa_kruszec-zloto","28":"pa_proba-0-750","29":"pa_szerokosc-7-8-4mm","30":"pa_waga-550g","31":"pa_zapiecie-sztyft","33":"first","34":"onbackorder","35":"purchasable","36":"product-type-simple"},"aioseo_notices":[],"_links":{"self":[{"href":"https:\/\/staviori.com.pl\/en\/wp-json\/wp\/v2\/product\/14182","targetHints":{"allow":["GET"]}}],"collection":[{"href":"https:\/\/staviori.com.pl\/en\/wp-json\/wp\/v2\/product"}],"about":[{"href":"https:\/\/staviori.com.pl\/en\/wp-json\/wp\/v2\/types\/product"}],"replies":[{"embeddable":true,"href":"https:\/\/staviori.com.pl\/en\/wp-json\/wp\/v2\/comments?post=14182"}],"wp:featuredmedia":[{"embeddable":true,"href":"https:\/\/staviori.com.pl\/en\/wp-json\/wp\/v2\/media\/17982"}],"wp:attachment":[{"href":"https:\/\/staviori.com.pl\/en\/wp-json\/wp\/v2\/media?parent=14182"}],"wp:term":[{"taxonomy":"product_brand","embeddable":true,"href":"https:\/\/staviori.com.pl\/en\/wp-json\/wp\/v2\/product_brand?post=14182"},{"taxonomy":"product_cat","embeddable":true,"href":"https:\/\/staviori.com.pl\/en\/wp-json\/wp\/v2\/product_cat?post=14182"},{"taxonomy":"product_tag","embeddable":true,"href":"https:\/\/staviori.com.pl\/en\/wp-json\/wp\/v2\/product_tag?post=14182"}],"curies":[{"name":"wp","href":"https:\/\/api.w.org\/{rel}","templated":true}]}}