{"id":14179,"date":"2025-02-24T22:46:03","date_gmt":"2025-02-24T21:46:03","guid":{"rendered":"https:\/\/staviori.com.pl\/product\/bizuteria-inwestycyjna-kolczyk-krd4017\/"},"modified":"2026-02-11T00:08:42","modified_gmt":"2026-02-10T23:08:42","slug":"bizuteria-inwestycyjna-kolczyk-krd4017","status":"publish","type":"product","link":"https:\/\/staviori.com.pl\/en\/product\/bizuteria-inwestycyjna-kolczyk-krd4017\/","title":{"rendered":"Exclusive | rose gold earrings with topaz and diamonds"},"content":{"rendered":"<p>Model: DSE1748<br \/>\nWeight approx. 2.89g<\/p>\n<p>Earrings.<br \/>\nRose Gold 0.750.<br \/>\n56 Diament\u00f3w, szlif brylantowy, o masie ok. 0,17ct, barwa G-H, czysto\u015b\u0107 SI1.<br \/>\n2 Topazy bia\u0142e, o masie ok. 2,77ct.<\/p>\n<p>Szeroko\u015b\u0107 9.7 mm.<br \/>\nGrubo\u015b\u0107 6.3 mm.<\/p>\n<p><strong>Product available on request only, lead time approx. 5 weeks.<\/strong><\/p>","protected":false},"excerpt":{"rendered":"<p>Phenomenal 0.750 rose gold earrings with sparkling white topazes weighing a total of 2.77 ct, surrounded by subtle diamond sparkle. The 56 brilliant-cut diamonds accentuate the preciousness of the stones and add an elegant touch. This is an excellent offer for women who appreciate refined form and timeless style. Ideal both for special occasions and as a luxurious accent to everyday styling.<\/p>","protected":false},"featured_media":17997,"comment_status":"closed","ping_status":"closed","template":"","meta":{"om_disable_all_campaigns":false},"product_brand":[2284],"product_cat":[1803,6858,199],"product_tag":[2689,3324,2660,2755,2667,2895,3323,2280,2336],"class_list":{"0":"post-14179","1":"product","2":"type-product","3":"status-publish","4":"has-post-thumbnail","6":"product_brand-staviori","7":"product_cat-brylanty-exclusive","8":"product_cat-kolczyki-brylanty-exclusive","9":"product_cat-kolczyki","10":"product_tag-bizuteria-z-kamieniami-szlachetnymi","11":"product_tag-dse1748","12":"product_tag-eleganckie-kolczyki","13":"product_tag-kolczyki-na-zamowienie","14":"product_tag-kolczyki-z-diamentami","15":"product_tag-kolczyki-z-topazem","16":"product_tag-krd4017","17":"product_tag-luksusowa-bizuteria","18":"product_tag-rozowe-zloto","19":"pa_barwa-g-h","20":"pa_czystosc-si1","21":"pa_dostawca-draco","22":"pa_grubosc-6-3mm","23":"pa_kamien-biale-diamenty","24":"pa_kamien-brylanty","25":"pa_kamien-topaz-bialy","26":"pa_kolor-rozowe","27":"pa_kruszec-zloto","28":"pa_proba-0-750","29":"pa_szerokosc-9-7mm","30":"pa_waga-290g","31":"pa_zapiecie-sztyft","33":"first","34":"onbackorder","35":"purchasable","36":"product-type-simple"},"aioseo_notices":[],"_links":{"self":[{"href":"https:\/\/staviori.com.pl\/en\/wp-json\/wp\/v2\/product\/14179","targetHints":{"allow":["GET"]}}],"collection":[{"href":"https:\/\/staviori.com.pl\/en\/wp-json\/wp\/v2\/product"}],"about":[{"href":"https:\/\/staviori.com.pl\/en\/wp-json\/wp\/v2\/types\/product"}],"replies":[{"embeddable":true,"href":"https:\/\/staviori.com.pl\/en\/wp-json\/wp\/v2\/comments?post=14179"}],"wp:featuredmedia":[{"embeddable":true,"href":"https:\/\/staviori.com.pl\/en\/wp-json\/wp\/v2\/media\/17997"}],"wp:attachment":[{"href":"https:\/\/staviori.com.pl\/en\/wp-json\/wp\/v2\/media?parent=14179"}],"wp:term":[{"taxonomy":"product_brand","embeddable":true,"href":"https:\/\/staviori.com.pl\/en\/wp-json\/wp\/v2\/product_brand?post=14179"},{"taxonomy":"product_cat","embeddable":true,"href":"https:\/\/staviori.com.pl\/en\/wp-json\/wp\/v2\/product_cat?post=14179"},{"taxonomy":"product_tag","embeddable":true,"href":"https:\/\/staviori.com.pl\/en\/wp-json\/wp\/v2\/product_tag?post=14179"}],"curies":[{"name":"wp","href":"https:\/\/api.w.org\/{rel}","templated":true}]}}