{"id":14177,"date":"2025-02-24T22:45:58","date_gmt":"2025-02-24T21:45:58","guid":{"rendered":"https:\/\/staviori.com.pl\/product\/bizuteria-inwestycyjna-kolczyk-krd3955\/"},"modified":"2026-02-11T00:08:42","modified_gmt":"2026-02-10T23:08:42","slug":"bizuteria-inwestycyjna-kolczyk-krd3955","status":"publish","type":"product","link":"https:\/\/staviori.com.pl\/en\/product\/bizuteria-inwestycyjna-kolczyk-krd3955\/","title":{"rendered":"Exclusive | rose gold earrings with amethyst and peridot"},"content":{"rendered":"<p>Model: DSE1720A<br \/>\nWaga ok. 8,60g<\/p>\n<p>Earrings.<br \/>\nRose Gold 0.750.<br \/>\n8 Diament\u00f3w, szlif brylantowy, o masie 0,33ct, barwa G-H, czysto\u015b\u0107 SI1.<br \/>\n6 Perydot\u00f3w, o masie 13,68ct.<br \/>\n12 Ametyst\u00f3w, o masie 27,34ct.<\/p>\n<p>D\u0142ugo\u015b\u0107 8.8 mm.<br \/>\nSzeroko\u015b\u0107 10-11.5 mm.<br \/>\n5 mm thick.<\/p>\n<p><strong>Product available on request only, lead time approx. 5 weeks.<\/strong><\/p>","protected":false},"excerpt":{"rendered":"<p>Stunning 18K rose gold earrings are a combination of sophistication and colourful charm. Adorned with up to 12 amethysts and 6 peridot of impressive weight, they create a composition that draws the eye. Shimmering brilliant cut diamonds add a luxurious sparkle. This is jewellery created for women who appreciate bold yet elegant accessories. Perfect for big outings and special occasions.<\/p>","protected":false},"featured_media":17957,"comment_status":"closed","ping_status":"closed","template":"","meta":{"om_disable_all_campaigns":false},"product_brand":[2284],"product_cat":[1803,199,6858],"product_tag":[2472,2311,3280,2660,3278,2686,2667,2899,3281,3279,2336],"class_list":{"0":"post-14177","1":"product","2":"type-product","3":"status-publish","4":"has-post-thumbnail","6":"product_brand-staviori","7":"product_cat-brylanty-exclusive","8":"product_cat-kolczyki","9":"product_cat-kolczyki-brylanty-exclusive","10":"product_tag-ametyst","11":"product_tag-bizuteria-luksusowa","12":"product_tag-dse1720a","13":"product_tag-eleganckie-kolczyki","14":"product_tag-kolczyki-dlugie","15":"product_tag-kolczyki-wieczorowe","16":"product_tag-kolczyki-z-diamentami","17":"product_tag-kolczyki-z-kamieniami","18":"product_tag-krd3955","19":"product_tag-perydot","20":"product_tag-rozowe-zloto","21":"pa_barwa-g-h","22":"pa_czystosc-si1","23":"pa_dlugosc-8-8mm","24":"pa_dostawca-draco","25":"pa_kamien-ametysty","26":"pa_kamien-brylanty","27":"pa_kamien-perydoty","28":"pa_kolor-rozowe","29":"pa_kruszec-zloto","30":"pa_proba-0-750","31":"pa_szerokosc-10-11-5mm","32":"pa_waga-860g","33":"pa_zapiecie-klips-z-bolcem","35":"first","36":"onbackorder","37":"purchasable","38":"product-type-simple"},"aioseo_notices":[],"_links":{"self":[{"href":"https:\/\/staviori.com.pl\/en\/wp-json\/wp\/v2\/product\/14177","targetHints":{"allow":["GET"]}}],"collection":[{"href":"https:\/\/staviori.com.pl\/en\/wp-json\/wp\/v2\/product"}],"about":[{"href":"https:\/\/staviori.com.pl\/en\/wp-json\/wp\/v2\/types\/product"}],"replies":[{"embeddable":true,"href":"https:\/\/staviori.com.pl\/en\/wp-json\/wp\/v2\/comments?post=14177"}],"wp:featuredmedia":[{"embeddable":true,"href":"https:\/\/staviori.com.pl\/en\/wp-json\/wp\/v2\/media\/17957"}],"wp:attachment":[{"href":"https:\/\/staviori.com.pl\/en\/wp-json\/wp\/v2\/media?parent=14177"}],"wp:term":[{"taxonomy":"product_brand","embeddable":true,"href":"https:\/\/staviori.com.pl\/en\/wp-json\/wp\/v2\/product_brand?post=14177"},{"taxonomy":"product_cat","embeddable":true,"href":"https:\/\/staviori.com.pl\/en\/wp-json\/wp\/v2\/product_cat?post=14177"},{"taxonomy":"product_tag","embeddable":true,"href":"https:\/\/staviori.com.pl\/en\/wp-json\/wp\/v2\/product_tag?post=14177"}],"curies":[{"name":"wp","href":"https:\/\/api.w.org\/{rel}","templated":true}]}}