{"id":14173,"date":"2025-02-24T22:45:58","date_gmt":"2025-02-24T21:45:58","guid":{"rendered":"https:\/\/staviori.com.pl\/product\/kolczyk-z-brylantami-krd2005\/"},"modified":"2026-02-11T00:08:41","modified_gmt":"2026-02-10T23:08:41","slug":"kolczyk-z-brylantami-krd2005","status":"publish","type":"product","link":"https:\/\/staviori.com.pl\/en\/product\/kolczyk-z-brylantami-krd2005\/","title":{"rendered":"Staviori must have | beautiful straight diamond oblong earrings, rose gold 585"},"content":{"rendered":"<p>Model: KRD2005<br \/>\nWaga ok. 0,54g<\/p>\n<p>Earrings.<br \/>\nPink Gold 0.585.<br \/>\n10 Diament\u00f3w, szlif brylantowy, o masie 0,05ct, barwa H, czysto\u015b\u0107 I1.<\/p>\n<p>D\u0142ugo\u015b\u0107 6 mm.<br \/>\nWidth 1.1 mm.<br \/>\nGrubo\u015b\u0107 1.1 mm.<\/p>\n<p>Je\u015bli brak na magazynie, produkt dost\u0119pny wy\u0142\u0105cznie na zam\u00f3wienie, czas realizacji ok. 5 tygodni.<br \/>\nMo\u017cliwo\u015b\u0107 zmiany koloru z\u0142ota<\/p>\n<p>Niezwyk\u0142e, stylowe kolczyki z najmodniejszego, r\u00f3\u017cowego z\u0142ota ozdobione brylancikami. Pi\u0119kno, styl i w\u0142oski design czystej postaci.<\/p>","protected":false},"excerpt":{"rendered":"<p>The unique 0.585 rose gold earrings are a combination of elegance and subtle sparkle. Ten brilliant-cut diamonds reflect the light beautifully, creating a delicate effect of luxury. The slim, minimalist shape gives them a modern feel, while the rose gold shade emphasises the femininity and warmth of the jewellery. Perfect for a gift or as an everyday touch of class.<\/p>","protected":false},"featured_media":21843,"comment_status":"closed","ping_status":"closed","template":"","meta":{"om_disable_all_campaigns":false},"product_brand":[2284],"product_cat":[1838,1990,199],"product_tag":[4396,3829,2660,6298,2667,6813,2708,6818,6815,6814,6556,5430,4387],"class_list":{"0":"post-14173","1":"product","2":"type-product","3":"status-publish","4":"has-post-thumbnail","6":"product_brand-staviori","7":"product_cat-diamenty","8":"product_cat-kolczyk-z-brylantami","9":"product_cat-kolczyki","10":"product_tag-4396","11":"product_tag-diamond-earrings","12":"product_tag-eleganckie-kolczyki","13":"product_tag-gold-585","14":"product_tag-kolczyki-z-diamentami","15":"product_tag-kolczyki-z-rozowego-zlota","16":"product_tag-kolczyki-zlote","17":"product_tag-minimal-earrings","18":"product_tag-nausnice-diamanty","19":"product_tag-ohrringe-diamant","20":"product_tag-rose-gold-jewelry","21":"product_tag-wloski-design","22":"product_tag-zloto-0","23":"pa_barwa-h-2","24":"pa_czystosc-i1","25":"pa_dlugosc-6mm","26":"pa_kamien-diament","27":"pa_kolor-rozowe","28":"pa_kruszec-zloto","29":"pa_proba-0-585","30":"pa_szerokosc-1-1mm","31":"pa_waga-055g","33":"first","34":"instock","35":"purchasable","36":"product-type-simple"},"aioseo_notices":[],"_links":{"self":[{"href":"https:\/\/staviori.com.pl\/en\/wp-json\/wp\/v2\/product\/14173","targetHints":{"allow":["GET"]}}],"collection":[{"href":"https:\/\/staviori.com.pl\/en\/wp-json\/wp\/v2\/product"}],"about":[{"href":"https:\/\/staviori.com.pl\/en\/wp-json\/wp\/v2\/types\/product"}],"replies":[{"embeddable":true,"href":"https:\/\/staviori.com.pl\/en\/wp-json\/wp\/v2\/comments?post=14173"}],"wp:featuredmedia":[{"embeddable":true,"href":"https:\/\/staviori.com.pl\/en\/wp-json\/wp\/v2\/media\/21843"}],"wp:attachment":[{"href":"https:\/\/staviori.com.pl\/en\/wp-json\/wp\/v2\/media?parent=14173"}],"wp:term":[{"taxonomy":"product_brand","embeddable":true,"href":"https:\/\/staviori.com.pl\/en\/wp-json\/wp\/v2\/product_brand?post=14173"},{"taxonomy":"product_cat","embeddable":true,"href":"https:\/\/staviori.com.pl\/en\/wp-json\/wp\/v2\/product_cat?post=14173"},{"taxonomy":"product_tag","embeddable":true,"href":"https:\/\/staviori.com.pl\/en\/wp-json\/wp\/v2\/product_tag?post=14173"}],"curies":[{"name":"wp","href":"https:\/\/api.w.org\/{rel}","templated":true}]}}