{"id":14171,"date":"2025-02-24T22:45:58","date_gmt":"2025-02-24T21:45:58","guid":{"rendered":"https:\/\/staviori.com.pl\/product\/krd2002\/"},"modified":"2026-02-11T00:08:41","modified_gmt":"2026-02-10T23:08:41","slug":"krd2002","status":"publish","type":"product","link":"https:\/\/staviori.com.pl\/en\/product\/krd2002\/","title":{"rendered":"Staviori Must Have | unusual rose gold earrings with diamonds - two-piece"},"content":{"rendered":"<p>Model: KRD2002<br \/>\nWeight approx. 2.00g<\/p>\n<p>Earrings.<br \/>\nPink Gold 0.585.<br \/>\n4 Diamenty, szlif brylantowy, o masie 0,10ct, barwa H, czysto\u015b\u0107 I1.<\/p>\n<p>Length 11 mm.<br \/>\n\u015arednica 2 mm.<\/p>\n<p>Product available on request only, lead time approx. 4 weeks.<\/p>\n<p>Niezwyk\u0142e, stylowe kolczyki z najmodniejszego, r\u00f3\u017cowego z\u0142ota. Sk\u0142adaj\u0105 si\u0119 z dw\u00f3ch element\u00f3w, kt\u00f3re mo\u017cna nosi\u0107 razem lub osobno.<br \/>\nPi\u0119kno, styl i w\u0142oski design czystej postaci.<\/p>","protected":false},"excerpt":{"rendered":"<p>Model: KRD2002 Waga ok. 2,00g Kolczyki. R\u00f3\u017cowe Z\u0142oto 0,585. 4 Diamenty, szlif brylantowy, o masie 0,10ct, barwa H, czysto\u015b\u0107 I1. D\u0142ugo\u015b\u0107 11 mm. \u015arednica 2 mm. Produkt dost\u0119pny wy\u0142\u0105cznie na zam\u00f3wienie, czas realizacji ok. 4 tygodnie. Niezwyk\u0142e, stylowe kolczyki z najmodniejszego, r\u00f3\u017cowego z\u0142ota. Sk\u0142adaj\u0105 si\u0119 z dw\u00f3ch element\u00f3w, kt\u00f3re mo\u017cna nosi\u0107 razem lub osobno. Pi\u0119kno, [&#8230;]","protected":false},"featured_media":2193,"comment_status":"closed","ping_status":"closed","template":"","meta":{"om_disable_all_campaigns":false},"product_brand":[2284],"product_cat":[1838,6752],"product_tag":[4124,4396,2311,2296,3829,2660,2882,2672,6813,6820,6821,6819,5927,2336],"class_list":{"0":"post-14171","1":"product","2":"type-product","3":"status-publish","4":"has-post-thumbnail","6":"product_brand-staviori","7":"product_cat-diamenty","8":"product_cat-kolekcja-staviori-must-have","9":"product_tag-14k-gold","10":"product_tag-4396","11":"product_tag-bizuteria-luksusowa","12":"product_tag-diamenty","13":"product_tag-diamond-earrings","14":"product_tag-eleganckie-kolczyki","15":"product_tag-kolczyki-0","16":"product_tag-kolczyki-z-brylantami","17":"product_tag-kolczyki-z-rozowego-zlota","18":"product_tag-nausnice-z-ruzoveho-zlata","19":"product_tag-ohrringe-aus-rosegold","20":"product_tag-pink-gold-jewelry","21":"product_tag-rose-gold-earrings","22":"product_tag-rozowe-zloto","23":"pa_barwa-h-2","24":"pa_czystosc-i1","25":"pa_dlugosc-11mm","26":"pa_kamien-brylanty","27":"pa_kolor-rozowe","28":"pa_kruszec-zloto","29":"pa_proba-0-585","30":"pa_srednica-2mm","31":"pa_waga-200g","32":"pa_zapiecie-sztyft","34":"first","35":"onbackorder","36":"purchasable","37":"product-type-simple"},"aioseo_notices":[],"_links":{"self":[{"href":"https:\/\/staviori.com.pl\/en\/wp-json\/wp\/v2\/product\/14171","targetHints":{"allow":["GET"]}}],"collection":[{"href":"https:\/\/staviori.com.pl\/en\/wp-json\/wp\/v2\/product"}],"about":[{"href":"https:\/\/staviori.com.pl\/en\/wp-json\/wp\/v2\/types\/product"}],"replies":[{"embeddable":true,"href":"https:\/\/staviori.com.pl\/en\/wp-json\/wp\/v2\/comments?post=14171"}],"wp:featuredmedia":[{"embeddable":true,"href":"https:\/\/staviori.com.pl\/en\/wp-json\/wp\/v2\/media\/2193"}],"wp:attachment":[{"href":"https:\/\/staviori.com.pl\/en\/wp-json\/wp\/v2\/media?parent=14171"}],"wp:term":[{"taxonomy":"product_brand","embeddable":true,"href":"https:\/\/staviori.com.pl\/en\/wp-json\/wp\/v2\/product_brand?post=14171"},{"taxonomy":"product_cat","embeddable":true,"href":"https:\/\/staviori.com.pl\/en\/wp-json\/wp\/v2\/product_cat?post=14171"},{"taxonomy":"product_tag","embeddable":true,"href":"https:\/\/staviori.com.pl\/en\/wp-json\/wp\/v2\/product_tag?post=14171"}],"curies":[{"name":"wp","href":"https:\/\/api.w.org\/{rel}","templated":true}]}}