{"id":14168,"date":"2025-02-24T22:45:58","date_gmt":"2025-02-24T21:45:58","guid":{"rendered":"https:\/\/staviori.com.pl\/product\/srebrne-kolczyki-kdx0555\/"},"modified":"2026-02-11T00:08:41","modified_gmt":"2026-02-10T23:08:41","slug":"srebrne-kolczyki-kdx0555","status":"publish","type":"product","link":"https:\/\/staviori.com.pl\/en\/product\/srebrne-kolczyki-kdx0555\/","title":{"rendered":"Silver tiny earrings balls 2mm"},"content":{"rendered":"<p>Model: KDX0555<br \/>\nWaga ok. 0,35g<\/p>\n<p>Earrings.<br \/>\n0.925 rhodium-plated silver.<br \/>\n\u015arednica 2 mm.<\/p>","protected":false},"excerpt":{"rendered":"<p>Subtelne i minimalistyczne kolczyki wykonane z rodowanego srebra pr\u00f3by 925. Ich klasyczna forma z delikatn\u0105 kuleczk\u0105 o \u015brednicy 2 mm sprawia, \u017ce s\u0105 idealnym dodatkiem na co dzie\u0144 \u2013 zar\u00f3wno dla doros\u0142ych, jak i dla dzieci. L\u015bni\u0105ce wyko\u0144czenie dodaje im elegancji, a zarazem pozwala zachowa\u0107 uniwersalny charakter. Idealna propozycja dla mi\u0142o\u015bniczek ponadczasowej prostoty.<\/p>","protected":false},"featured_media":2157,"comment_status":"closed","ping_status":"closed","template":"","meta":{"om_disable_all_campaigns":false},"product_brand":[2284,2350],"product_cat":[199,1818,1817],"product_tag":[3041,3228,2471,3283,2664,2931,3286,3285,1396,2380,2384,3284,2427],"class_list":{"0":"post-14168","1":"product","2":"type-product","3":"status-publish","4":"has-post-thumbnail","6":"product_brand-staviori","7":"product_brand-verona","8":"product_cat-kolczyki","9":"product_cat-srebrne-kolczyki","10":"product_cat-srebro-2","11":"product_tag-bizuteria-codzienna","12":"product_tag-drobne-kolczyki","13":"product_tag-dziewczynka","14":"product_tag-kdx0555","15":"product_tag-klasyczne-kolczyki","16":"product_tag-kolczyki-dla-dziecka","17":"product_tag-kolczyki-dzieciece","18":"product_tag-kolczyki-kulki","19":"product_tag-kolczyki-srebrne","20":"product_tag-kuleczki","21":"product_tag-minimalistyczna-bizuteria","22":"product_tag-skr2029","23":"product_tag-srebro-925","24":"pa_kruszec-srebro-rodowane","25":"pa_proba-0-925","26":"pa_srednica-2mm","27":"pa_waga-035g","28":"pa_zapiecie-sztyft","30":"first","31":"instock","32":"purchasable","33":"product-type-simple"},"aioseo_notices":[],"_links":{"self":[{"href":"https:\/\/staviori.com.pl\/en\/wp-json\/wp\/v2\/product\/14168","targetHints":{"allow":["GET"]}}],"collection":[{"href":"https:\/\/staviori.com.pl\/en\/wp-json\/wp\/v2\/product"}],"about":[{"href":"https:\/\/staviori.com.pl\/en\/wp-json\/wp\/v2\/types\/product"}],"replies":[{"embeddable":true,"href":"https:\/\/staviori.com.pl\/en\/wp-json\/wp\/v2\/comments?post=14168"}],"wp:featuredmedia":[{"embeddable":true,"href":"https:\/\/staviori.com.pl\/en\/wp-json\/wp\/v2\/media\/2157"}],"wp:attachment":[{"href":"https:\/\/staviori.com.pl\/en\/wp-json\/wp\/v2\/media?parent=14168"}],"wp:term":[{"taxonomy":"product_brand","embeddable":true,"href":"https:\/\/staviori.com.pl\/en\/wp-json\/wp\/v2\/product_brand?post=14168"},{"taxonomy":"product_cat","embeddable":true,"href":"https:\/\/staviori.com.pl\/en\/wp-json\/wp\/v2\/product_cat?post=14168"},{"taxonomy":"product_tag","embeddable":true,"href":"https:\/\/staviori.com.pl\/en\/wp-json\/wp\/v2\/product_tag?post=14168"}],"curies":[{"name":"wp","href":"https:\/\/api.w.org\/{rel}","templated":true}]}}