{"id":14164,"date":"2025-02-24T22:45:58","date_gmt":"2025-02-24T21:45:58","guid":{"rendered":"https:\/\/staviori.com.pl\/product\/srebrne-kolczyki-kds5985\/"},"modified":"2026-03-09T18:31:43","modified_gmt":"2026-03-09T17:31:43","slug":"srebrne-kolczyki-kds5985","status":"publish","type":"product","link":"https:\/\/staviori.com.pl\/en\/product\/srebrne-kolczyki-kds5985\/","title":{"rendered":"Silver plated ginkgo earrings on a post KDS5985"},"content":{"rendered":"<p>Model: KDS5985<br \/>\nWeight approx. 0.60g<\/p>\n<p>Earrings.<br \/>\n0.925 silver.<br \/>\ncovered in yellow gold<br \/>\nWymiary 10.5&#215;7.5 mm.<\/p>\n<p>\u015aliczne kolczyki na sztyfcie &#8211; li\u015b\u0107 Mi\u0142orz\u0105b.<\/p>","protected":false},"excerpt":{"rendered":"<p>Urocze kolczyki na sztyfcie wykonane ze srebra pr\u00f3by 925, pokrytego \u017c\u00f3\u0142tym z\u0142otem. Kszta\u0142t li\u015bcia mi\u0142orz\u0119bu zachwyca precyzyjnym wykonaniem i delikatnym blaskiem. Symbolika harmonii i si\u0142y natury sprawia, \u017ce to nie tylko ozdoba, ale tak\u017ce subtelne przes\u0142anie. Doskona\u0142y wyb\u00f3r na prezent lub jako dodatek do codziennych stylizacji z nut\u0105 elegancji i natury.<\/p>","protected":false},"featured_media":17969,"comment_status":"closed","ping_status":"closed","template":"","meta":{"om_disable_all_campaigns":false},"product_brand":[2284],"product_cat":[199,1818,1817],"product_tag":[2317,3299,3301,3293,3300,3294,2698,2665,2506],"class_list":{"0":"post-14164","1":"product","2":"type-product","3":"status-publish","4":"has-post-thumbnail","6":"product_brand-staviori","7":"product_cat-kolczyki","8":"product_cat-srebrne-kolczyki","9":"product_cat-srebro-2","10":"product_tag-elegancka-bizuteria","11":"product_tag-kds5985","12":"product_tag-kolczyki-inspirowane-natura","13":"product_tag-kolczyki-liscie","14":"product_tag-kolczyki-male","15":"product_tag-kolczyki-milorzab","16":"product_tag-kolczyki-na-prezent","17":"product_tag-kolczyki-sztyfty","18":"product_tag-srebro-pozlacane","19":"pa_kruszec-srebro","20":"pa_kruszec-srebro-pozlacane","21":"pa_motyw-lisc","22":"pa_proba-0-925","23":"pa_waga-060g","24":"pa_wymiary-10-5x7-5mm","25":"pa_zapiecie-sztyft","27":"first","28":"instock","29":"purchasable","30":"product-type-simple"},"aioseo_notices":[],"_links":{"self":[{"href":"https:\/\/staviori.com.pl\/en\/wp-json\/wp\/v2\/product\/14164","targetHints":{"allow":["GET"]}}],"collection":[{"href":"https:\/\/staviori.com.pl\/en\/wp-json\/wp\/v2\/product"}],"about":[{"href":"https:\/\/staviori.com.pl\/en\/wp-json\/wp\/v2\/types\/product"}],"replies":[{"embeddable":true,"href":"https:\/\/staviori.com.pl\/en\/wp-json\/wp\/v2\/comments?post=14164"}],"wp:featuredmedia":[{"embeddable":true,"href":"https:\/\/staviori.com.pl\/en\/wp-json\/wp\/v2\/media\/17969"}],"wp:attachment":[{"href":"https:\/\/staviori.com.pl\/en\/wp-json\/wp\/v2\/media?parent=14164"}],"wp:term":[{"taxonomy":"product_brand","embeddable":true,"href":"https:\/\/staviori.com.pl\/en\/wp-json\/wp\/v2\/product_brand?post=14164"},{"taxonomy":"product_cat","embeddable":true,"href":"https:\/\/staviori.com.pl\/en\/wp-json\/wp\/v2\/product_cat?post=14164"},{"taxonomy":"product_tag","embeddable":true,"href":"https:\/\/staviori.com.pl\/en\/wp-json\/wp\/v2\/product_tag?post=14164"}],"curies":[{"name":"wp","href":"https:\/\/api.w.org\/{rel}","templated":true}]}}