{"id":14160,"date":"2025-02-24T22:45:58","date_gmt":"2025-02-24T21:45:58","guid":{"rendered":"https:\/\/staviori.com.pl\/product\/srebrne-kolczyki-kdr4394\/"},"modified":"2026-02-11T00:08:40","modified_gmt":"2026-02-10T23:08:40","slug":"srebrne-kolczyki-kdr4394","status":"publish","type":"product","link":"https:\/\/staviori.com.pl\/en\/product\/srebrne-kolczyki-kdr4394\/","title":{"rendered":"Silver earrings with rubies - KDR4394"},"content":{"rendered":"<p>Model: KDR4394<br \/>\nWeight approx. 1.80g<\/p>\n<p>Earrings.<br \/>\n0.925 silver.<br \/>\n2 Rubiny, o masie 1,90ct.<br \/>\n\u015arednica 7 mm.<\/p>\n<p>Certificate<br \/>\nUwaga! Produkt z naturalnymi kamieniami. Jako dzie\u0142o natury kamienie nie s\u0105 idealne.<br \/>\nNaturalne p\u0119kni\u0119cia oraz inkluzje mog\u0105 by\u0107 widoczne, nie jest to wada produktu.<\/p>","protected":false},"excerpt":{"rendered":"<p>Subtelne kolczyki z naturalnymi rubinami osadzonymi w srebrze pr\u00f3by 0,925 to klasyka, kt\u00f3ra nigdy nie wychodzi z mody. G\u0142\u0119boka, szlachetna czerwie\u0144 kamieni przyci\u0105ga spojrzenia i nadaje bi\u017cuterii wyj\u0105tkowy charakter. Prosty, elegancki fason sprawia, \u017ce kolczyki doskonale sprawdz\u0105 si\u0119 zar\u00f3wno na co dzie\u0144, jak i na wyj\u0105tkowe okazje. To ponadczasowy dodatek dla kobiet ceni\u0105cych naturalne pi\u0119kno i minimalistyczny szyk.<\/p>","protected":false},"featured_media":2110,"comment_status":"closed","ping_status":"closed","template":"","meta":{"om_disable_all_campaigns":false},"product_brand":[2284],"product_cat":[199,1818,1817],"product_tag":[3252,2317,3251,1396,2665,2695,2501,2427],"class_list":{"0":"post-14160","1":"product","2":"type-product","3":"status-publish","4":"has-post-thumbnail","6":"product_brand-staviori","7":"product_cat-kolczyki","8":"product_cat-srebrne-kolczyki","9":"product_cat-srebro-2","10":"product_tag-bizuteria-z-rubinem","11":"product_tag-elegancka-bizuteria","12":"product_tag-kdr4394","13":"product_tag-kolczyki-srebrne","14":"product_tag-kolczyki-sztyfty","15":"product_tag-kolczyki-z-rubinami","16":"product_tag-naturalne-kamienie","17":"product_tag-srebro-925","18":"pa_dostawca-markazyty-hong","19":"pa_kamien-rubin","20":"pa_kruszec-srebro","21":"pa_proba-0-925","22":"pa_srednica-7mm","23":"pa_waga-180g","24":"pa_zapiecie-sztyft","26":"first","27":"instock","28":"purchasable","29":"product-type-simple"},"aioseo_notices":[],"_links":{"self":[{"href":"https:\/\/staviori.com.pl\/en\/wp-json\/wp\/v2\/product\/14160","targetHints":{"allow":["GET"]}}],"collection":[{"href":"https:\/\/staviori.com.pl\/en\/wp-json\/wp\/v2\/product"}],"about":[{"href":"https:\/\/staviori.com.pl\/en\/wp-json\/wp\/v2\/types\/product"}],"replies":[{"embeddable":true,"href":"https:\/\/staviori.com.pl\/en\/wp-json\/wp\/v2\/comments?post=14160"}],"wp:featuredmedia":[{"embeddable":true,"href":"https:\/\/staviori.com.pl\/en\/wp-json\/wp\/v2\/media\/2110"}],"wp:attachment":[{"href":"https:\/\/staviori.com.pl\/en\/wp-json\/wp\/v2\/media?parent=14160"}],"wp:term":[{"taxonomy":"product_brand","embeddable":true,"href":"https:\/\/staviori.com.pl\/en\/wp-json\/wp\/v2\/product_brand?post=14160"},{"taxonomy":"product_cat","embeddable":true,"href":"https:\/\/staviori.com.pl\/en\/wp-json\/wp\/v2\/product_cat?post=14160"},{"taxonomy":"product_tag","embeddable":true,"href":"https:\/\/staviori.com.pl\/en\/wp-json\/wp\/v2\/product_tag?post=14160"}],"curies":[{"name":"wp","href":"https:\/\/api.w.org\/{rel}","templated":true}]}}