{"id":14159,"date":"2025-02-24T22:45:58","date_gmt":"2025-02-24T21:45:58","guid":{"rendered":"https:\/\/staviori.com.pl\/product\/srebrne-kolczyki-kdo2026\/"},"modified":"2026-02-11T00:08:40","modified_gmt":"2026-02-10T23:08:40","slug":"srebrne-kolczyki-kdo2026","status":"publish","type":"product","link":"https:\/\/staviori.com.pl\/en\/product\/srebrne-kolczyki-kdo2026\/","title":{"rendered":"Silver earrings with onyx and marcasites - KDO2026"},"content":{"rendered":"<p>Model: KDO2026<br \/>\nWeight approx. 3.20g<\/p>\n<p>Earrings.<br \/>\n0.925 silver.<br \/>\nOnyx.<br \/>\nMarcasites.<\/p>\n<p>10 mm wide.<br \/>\nLength 25 mm.<\/p>","protected":false},"excerpt":{"rendered":"<p>Eleganckie kolczyki ze srebra pr\u00f3by 0,925 z tajemniczym onyksami i po\u0142yskuj\u0105cymi markazytami to kwintesencja stylu vintage. Kontrast g\u0142\u0119bokiej czerni i metalicznego blasku tworzy wyj\u0105tkowy, przyci\u0105gaj\u0105cy wzrok efekt. Owalna forma i precyzyjne zdobienia sprawiaj\u0105, \u017ce bi\u017cuteria prezentuje si\u0119 niezwykle szykownie. Idealny wyb\u00f3r dla kobiet, kt\u00f3re ceni\u0105 klasyk\u0119 z nut\u0105 retro.<\/p>","protected":false},"featured_media":17932,"comment_status":"closed","ping_status":"closed","template":"","meta":{"om_disable_all_campaigns":false},"product_brand":[2284,2350],"product_cat":[199,1818,1817],"product_tag":[3003,2660,3254,2603,1396,2943,3235,3255,2426],"class_list":{"0":"post-14159","1":"product","2":"type-product","3":"status-publish","4":"has-post-thumbnail","6":"product_brand-staviori","7":"product_brand-verona","8":"product_cat-kolczyki","9":"product_cat-srebrne-kolczyki","10":"product_cat-srebro-2","11":"product_tag-bizuteria-vintage","12":"product_tag-eleganckie-kolczyki","13":"product_tag-kdo2026","14":"product_tag-klasyczna-bizuteria","15":"product_tag-kolczyki-srebrne","16":"product_tag-kolczyki-z-markazytami","17":"product_tag-kolczyki-z-onyksami","18":"product_tag-skz3509","19":"product_tag-srebro-rodowane","20":"pa_dlugosc-25mm","21":"pa_kamien-markazyty","22":"pa_kamien-onyks","23":"pa_kruszec-srebro-rodowane","24":"pa_proba-0-925","25":"pa_szerokosc-10mm","26":"pa_waga-320g","27":"pa_zapiecie-bigiel-zamniety","29":"first","30":"instock","31":"purchasable","32":"product-type-simple"},"aioseo_notices":[],"_links":{"self":[{"href":"https:\/\/staviori.com.pl\/en\/wp-json\/wp\/v2\/product\/14159","targetHints":{"allow":["GET"]}}],"collection":[{"href":"https:\/\/staviori.com.pl\/en\/wp-json\/wp\/v2\/product"}],"about":[{"href":"https:\/\/staviori.com.pl\/en\/wp-json\/wp\/v2\/types\/product"}],"replies":[{"embeddable":true,"href":"https:\/\/staviori.com.pl\/en\/wp-json\/wp\/v2\/comments?post=14159"}],"wp:featuredmedia":[{"embeddable":true,"href":"https:\/\/staviori.com.pl\/en\/wp-json\/wp\/v2\/media\/17932"}],"wp:attachment":[{"href":"https:\/\/staviori.com.pl\/en\/wp-json\/wp\/v2\/media?parent=14159"}],"wp:term":[{"taxonomy":"product_brand","embeddable":true,"href":"https:\/\/staviori.com.pl\/en\/wp-json\/wp\/v2\/product_brand?post=14159"},{"taxonomy":"product_cat","embeddable":true,"href":"https:\/\/staviori.com.pl\/en\/wp-json\/wp\/v2\/product_cat?post=14159"},{"taxonomy":"product_tag","embeddable":true,"href":"https:\/\/staviori.com.pl\/en\/wp-json\/wp\/v2\/product_tag?post=14159"}],"curies":[{"name":"wp","href":"https:\/\/api.w.org\/{rel}","templated":true}]}}