{"id":14131,"date":"2025-02-24T22:45:54","date_gmt":"2025-02-24T21:45:54","guid":{"rendered":"https:\/\/staviori.com.pl\/product\/perly-ze-srebrem-kdn5756\/"},"modified":"2026-02-11T00:08:40","modified_gmt":"2026-02-10T23:08:40","slug":"perly-ze-srebrem-kdn5756","status":"publish","type":"product","link":"https:\/\/staviori.com.pl\/en\/product\/perly-ze-srebrem-kdn5756\/","title":{"rendered":"Natural pearls with silver on earwire - 8mm - KDN5756"},"content":{"rendered":"<p>Model: KDN5756<br \/>\nWeight approx. 1.90g<\/p>\n<p>Earrings.<br \/>\n0.925 rhodium-plated silver.<br \/>\nNatural Freshwater Cultured Pearls.<\/p>\n<p>8 mm diameter.<br \/>\nD\u0142ugo\u015b\u0107 18 mm.<\/p>","protected":false},"excerpt":{"rendered":"<p>Eleganckie kolczyki wykonane z rodowanego srebra 0,925, ozdobione naturalnymi per\u0142ami hodowanymi, to kwintesencja klasy i kobiecego wdzi\u0119ku. Idealnie okr\u0105g\u0142e per\u0142y o subtelnym po\u0142ysku nadaj\u0105 ca\u0142o\u015bci ponadczasowego charakteru. Lekka forma i zapi\u0119cie typu bigiel sprawiaj\u0105, \u017ce s\u0105 niezwykle wygodne w noszeniu. Doskona\u0142y wyb\u00f3r zar\u00f3wno na co dzie\u0144, jak i na wyj\u0105tkowe okazje.<\/p>","protected":false},"featured_media":17884,"comment_status":"closed","ping_status":"closed","template":"","meta":{"om_disable_all_campaigns":false},"product_brand":[2284,2350],"product_cat":[1393,1919,1817],"product_tag":[2317,3229,2664,1396,1395,2513,3029,2427],"class_list":{"0":"post-14131","1":"product","2":"type-product","3":"status-publish","4":"has-post-thumbnail","6":"product_brand-staviori","7":"product_brand-verona","8":"product_cat-perly","9":"product_cat-perly-ze-srebrem","10":"product_cat-srebro-2","11":"product_tag-elegancka-bizuteria","12":"product_tag-icpw002","13":"product_tag-klasyczne-kolczyki","14":"product_tag-kolczyki-srebrne","15":"product_tag-kolczyki-z-perlami","16":"product_tag-naturalne-perly","17":"product_tag-perly-hodowane","18":"product_tag-srebro-925","19":"pa_dlugosc-18mm","20":"pa_kamien-naturalne-perly-hodowane-slodkowodne","21":"pa_kruszec-srebro-rodowane","22":"pa_proba-0-925","23":"pa_srednica-8mm","24":"pa_waga-190g","25":"pa_zapiecie-bigiel","27":"first","28":"instock","29":"purchasable","30":"product-type-simple"},"aioseo_notices":[],"_links":{"self":[{"href":"https:\/\/staviori.com.pl\/en\/wp-json\/wp\/v2\/product\/14131","targetHints":{"allow":["GET"]}}],"collection":[{"href":"https:\/\/staviori.com.pl\/en\/wp-json\/wp\/v2\/product"}],"about":[{"href":"https:\/\/staviori.com.pl\/en\/wp-json\/wp\/v2\/types\/product"}],"replies":[{"embeddable":true,"href":"https:\/\/staviori.com.pl\/en\/wp-json\/wp\/v2\/comments?post=14131"}],"wp:featuredmedia":[{"embeddable":true,"href":"https:\/\/staviori.com.pl\/en\/wp-json\/wp\/v2\/media\/17884"}],"wp:attachment":[{"href":"https:\/\/staviori.com.pl\/en\/wp-json\/wp\/v2\/media?parent=14131"}],"wp:term":[{"taxonomy":"product_brand","embeddable":true,"href":"https:\/\/staviori.com.pl\/en\/wp-json\/wp\/v2\/product_brand?post=14131"},{"taxonomy":"product_cat","embeddable":true,"href":"https:\/\/staviori.com.pl\/en\/wp-json\/wp\/v2\/product_cat?post=14131"},{"taxonomy":"product_tag","embeddable":true,"href":"https:\/\/staviori.com.pl\/en\/wp-json\/wp\/v2\/product_tag?post=14131"}],"curies":[{"name":"wp","href":"https:\/\/api.w.org\/{rel}","templated":true}]}}