{"id":14129,"date":"2025-02-24T22:45:54","date_gmt":"2025-02-24T21:45:54","guid":{"rendered":"https:\/\/staviori.com.pl\/product\/srebrne-kolczyki-kdm6142p\/"},"modified":"2026-02-11T00:08:40","modified_gmt":"2026-02-10T23:08:40","slug":"srebrne-kolczyki-kdm6142p","status":"publish","type":"product","link":"https:\/\/staviori.com.pl\/en\/product\/srebrne-kolczyki-kdm6142p\/","title":{"rendered":"Beautiful silver earrings with pendant pearl"},"content":{"rendered":"<p>Model: KDM6142P<br \/>\nWeight approx. 1.90g<\/p>\n<p>Earrings.<br \/>\n0.925 silver.<br \/>\n2 Naturalne Per\u0142y hodowane s\u0142odkowodne.<\/p>\n<p>D\u0142ugo\u015b\u0107 13 mm.<br \/>\n\u015arednica 7 mm.<br \/>\n\u015arednica 3 mm.<\/p>","protected":false},"excerpt":{"rendered":"<p>Delikatne i pe\u0142ne wdzi\u0119ku kolczyki ze srebra pr\u00f3by 0,925, ozdobione dwiema naturalnymi per\u0142ami hodowanymi. Klasyczna forma z subtelnym po\u0142yskiem bieli nadaje im wyj\u0105tkowy, ponadczasowy charakter. Idealne do eleganckich stylizacji, ale r\u00f3wnie\u017c jako urokliwy akcent codziennego stroju. Bi\u017cuteria, kt\u00f3ra nigdy nie wychodzi z mody.<\/p>","protected":false},"featured_media":2082,"comment_status":"closed","ping_status":"closed","template":"","meta":{"om_disable_all_campaigns":false},"product_brand":[2284],"product_cat":[199,1818,1817],"product_tag":[2317,2664,1394,1395,6829,3869,6828,2511,5820,3101,2427],"class_list":{"0":"post-14129","1":"product","2":"type-product","3":"status-publish","4":"has-post-thumbnail","6":"product_brand-staviori","7":"product_cat-kolczyki","8":"product_cat-srebrne-kolczyki","9":"product_cat-srebro-2","10":"product_tag-elegancka-bizuteria","11":"product_tag-klasyczne-kolczyki","12":"product_tag-kolczyki","13":"product_tag-kolczyki-z-perlami","14":"product_tag-ohrringe-mit-perlen","15":"product_tag-pearl-earrings","16":"product_tag-perlove-nausnice","17":"product_tag-perly","18":"product_tag-silver-earrings","19":"product_tag-srebrna-bizuteria","20":"product_tag-srebro-925","21":"pa_dlugosc-13mm","22":"pa_kamien-naturalne-perly-hodowane-slodkowodne","23":"pa_kruszec-srebro","24":"pa_proba-0-925","25":"pa_srednica-7mm","26":"pa_waga-190g","27":"pa_zapiecie-sztyft","29":"first","30":"instock","31":"purchasable","32":"product-type-simple"},"aioseo_notices":[],"_links":{"self":[{"href":"https:\/\/staviori.com.pl\/en\/wp-json\/wp\/v2\/product\/14129","targetHints":{"allow":["GET"]}}],"collection":[{"href":"https:\/\/staviori.com.pl\/en\/wp-json\/wp\/v2\/product"}],"about":[{"href":"https:\/\/staviori.com.pl\/en\/wp-json\/wp\/v2\/types\/product"}],"replies":[{"embeddable":true,"href":"https:\/\/staviori.com.pl\/en\/wp-json\/wp\/v2\/comments?post=14129"}],"wp:featuredmedia":[{"embeddable":true,"href":"https:\/\/staviori.com.pl\/en\/wp-json\/wp\/v2\/media\/2082"}],"wp:attachment":[{"href":"https:\/\/staviori.com.pl\/en\/wp-json\/wp\/v2\/media?parent=14129"}],"wp:term":[{"taxonomy":"product_brand","embeddable":true,"href":"https:\/\/staviori.com.pl\/en\/wp-json\/wp\/v2\/product_brand?post=14129"},{"taxonomy":"product_cat","embeddable":true,"href":"https:\/\/staviori.com.pl\/en\/wp-json\/wp\/v2\/product_cat?post=14129"},{"taxonomy":"product_tag","embeddable":true,"href":"https:\/\/staviori.com.pl\/en\/wp-json\/wp\/v2\/product_tag?post=14129"}],"curies":[{"name":"wp","href":"https:\/\/api.w.org\/{rel}","templated":true}]}}