{"id":14123,"date":"2025-02-24T22:45:54","date_gmt":"2025-02-24T21:45:54","guid":{"rendered":"https:\/\/staviori.com.pl\/product\/srebrne-kolczyki-kdm5526\/"},"modified":"2026-02-11T00:08:40","modified_gmt":"2026-02-10T23:08:40","slug":"srebrne-kolczyki-kdm5526","status":"publish","type":"product","link":"https:\/\/staviori.com.pl\/en\/product\/srebrne-kolczyki-kdm5526\/","title":{"rendered":"Sterling silver stately earrings with marcasites - KDM5526"},"content":{"rendered":"<p>Model: KDM5526<br \/>\nWaga ok. 14,90g<\/p>\n<p>Earrings.<br \/>\n0.925 silver.<br \/>\nMarcasites.<\/p>\n<p>D\u0142ugo\u015b\u0107 29 mm.<br \/>\nSzeroko\u015b\u0107 21 mm.<br \/>\nThickness 4 mm.<\/p>\n<p>Kolczyki nie s\u0105 sztywne &#8211; \u0142adnie faluj\u0105 i si\u0119 mieni\u0105.<\/p>","protected":false},"excerpt":{"rendered":"<p>Imponuj\u0105ce kolczyki wykonane ze srebra 0,925 to prawdziwa pere\u0142ka w stylu retro. Z\u0142o\u017cone z misternie rozmieszczonych markazyt\u00f3w, tworz\u0105 efektowny wz\u00f3r przypominaj\u0105cy winogrona lub koronkowy ornament. Ich wyrazista forma i pi\u0119kny po\u0142ysk sprawiaj\u0105, \u017ce s\u0105 idealnym wyborem na wieczorne wyj\u015bcia i eleganckie przyj\u0119cia. Bi\u017cuteria, kt\u00f3ra przyci\u0105ga spojrzenia i podkre\u015bla wyj\u0105tkowy styl w\u0142a\u015bcicielki.<\/p>","protected":false},"featured_media":2039,"comment_status":"closed","ping_status":"closed","template":"","meta":{"om_disable_all_campaigns":false},"product_brand":[2284],"product_cat":[199,1818,1817],"product_tag":[3154,2660,3244,1396,3223,2686,2943,2427],"class_list":{"0":"post-14123","1":"product","2":"type-product","3":"status-publish","4":"has-post-thumbnail","6":"product_brand-staviori","7":"product_cat-kolczyki","8":"product_cat-srebrne-kolczyki","9":"product_cat-srebro-2","10":"product_tag-bizuteria-retro","11":"product_tag-eleganckie-kolczyki","12":"product_tag-kdm5526","13":"product_tag-kolczyki-srebrne","14":"product_tag-kolczyki-vintage","15":"product_tag-kolczyki-wieczorowe","16":"product_tag-kolczyki-z-markazytami","17":"product_tag-srebro-925","18":"pa_dlugosc-29mm","19":"pa_dostawca-markazyty-hong","20":"pa_kamien-markazyty","21":"pa_kruszec-srebro","22":"pa_proba-0-925","23":"pa_szerokosc-21mm","24":"pa_waga-1490g","25":"pa_zapiecie-sztyft","27":"first","28":"instock","29":"purchasable","30":"product-type-simple"},"aioseo_notices":[],"_links":{"self":[{"href":"https:\/\/staviori.com.pl\/en\/wp-json\/wp\/v2\/product\/14123","targetHints":{"allow":["GET"]}}],"collection":[{"href":"https:\/\/staviori.com.pl\/en\/wp-json\/wp\/v2\/product"}],"about":[{"href":"https:\/\/staviori.com.pl\/en\/wp-json\/wp\/v2\/types\/product"}],"replies":[{"embeddable":true,"href":"https:\/\/staviori.com.pl\/en\/wp-json\/wp\/v2\/comments?post=14123"}],"wp:featuredmedia":[{"embeddable":true,"href":"https:\/\/staviori.com.pl\/en\/wp-json\/wp\/v2\/media\/2039"}],"wp:attachment":[{"href":"https:\/\/staviori.com.pl\/en\/wp-json\/wp\/v2\/media?parent=14123"}],"wp:term":[{"taxonomy":"product_brand","embeddable":true,"href":"https:\/\/staviori.com.pl\/en\/wp-json\/wp\/v2\/product_brand?post=14123"},{"taxonomy":"product_cat","embeddable":true,"href":"https:\/\/staviori.com.pl\/en\/wp-json\/wp\/v2\/product_cat?post=14123"},{"taxonomy":"product_tag","embeddable":true,"href":"https:\/\/staviori.com.pl\/en\/wp-json\/wp\/v2\/product_tag?post=14123"}],"curies":[{"name":"wp","href":"https:\/\/api.w.org\/{rel}","templated":true}]}}