{"id":14122,"date":"2025-02-24T22:45:54","date_gmt":"2025-02-24T21:45:54","guid":{"rendered":"https:\/\/staviori.com.pl\/product\/srebrne-kolczyki-kdm5180\/"},"modified":"2026-02-11T00:08:40","modified_gmt":"2026-02-10T23:08:40","slug":"srebrne-kolczyki-kdm5180","status":"publish","type":"product","link":"https:\/\/staviori.com.pl\/en\/product\/srebrne-kolczyki-kdm5180\/","title":{"rendered":"Silver long beautiful earrings with natural pearls - KDM5180"},"content":{"rendered":"<p>Model: KDM5180<br \/>\nWeight approx. 2.90g<\/p>\n<p>Earrings.<br \/>\n0.925 silver.<br \/>\nMarcasites.<br \/>\n2 Naturalne Per\u0142y hodowane s\u0142odkowodne.<\/p>\n<p>D\u0142ugo\u015b\u0107 40 mm.<br \/>\n\u015arednica kulki 5&#215;6 mm.<\/p>","protected":false},"excerpt":{"rendered":"<p>Eleganckie kolczyki wykonane ze srebra 0,925 to po\u0142\u0105czenie klasyki i nowoczesnej lekko\u015bci. Delikatny \u0142a\u0144cuszek zako\u0144czony naturaln\u0105 per\u0142\u0105 hodowan\u0105 pi\u0119knie ko\u0142ysze si\u0119 przy ka\u017cdym ruchu, nadaj\u0105c stylizacji subtelnego blasku. Ozdobne zapi\u0119cie z markazytami dodaje ca\u0142o\u015bci szlachetnego charakteru. Idealny wyb\u00f3r dla kobiet, kt\u00f3re kochaj\u0105 bi\u017cuteri\u0119 z klas\u0105 i delikatn\u0105 nut\u0105 romantyzmu.<\/p>","protected":false},"featured_media":17912,"comment_status":"closed","ping_status":"closed","template":"","meta":{"om_disable_all_campaigns":false},"product_brand":[2284],"product_cat":[199,1818,1817],"product_tag":[2891,2317,3242,1396,2770,2943,1395,3029,2427],"class_list":{"0":"post-14122","1":"product","2":"type-product","3":"status-publish","4":"has-post-thumbnail","6":"product_brand-staviori","7":"product_cat-kolczyki","8":"product_cat-srebrne-kolczyki","9":"product_cat-srebro-2","10":"product_tag-dlugie-kolczyki","11":"product_tag-elegancka-bizuteria","12":"product_tag-kdm5180","13":"product_tag-kolczyki-srebrne","14":"product_tag-kolczyki-wiszace","15":"product_tag-kolczyki-z-markazytami","16":"product_tag-kolczyki-z-perlami","17":"product_tag-perly-hodowane","18":"product_tag-srebro-925","19":"pa_dlugosc-40mm","20":"pa_dostawca-markazyty-hong","21":"pa_kamien-markazyty","22":"pa_kamien-naturalne-perly-hodowane-slodkowodne","23":"pa_kruszec-srebro","24":"pa_proba-0-925","25":"pa_waga-290g","26":"pa_zapiecie-sztyft","28":"first","29":"instock","30":"purchasable","31":"product-type-simple"},"aioseo_notices":[],"_links":{"self":[{"href":"https:\/\/staviori.com.pl\/en\/wp-json\/wp\/v2\/product\/14122","targetHints":{"allow":["GET"]}}],"collection":[{"href":"https:\/\/staviori.com.pl\/en\/wp-json\/wp\/v2\/product"}],"about":[{"href":"https:\/\/staviori.com.pl\/en\/wp-json\/wp\/v2\/types\/product"}],"replies":[{"embeddable":true,"href":"https:\/\/staviori.com.pl\/en\/wp-json\/wp\/v2\/comments?post=14122"}],"wp:featuredmedia":[{"embeddable":true,"href":"https:\/\/staviori.com.pl\/en\/wp-json\/wp\/v2\/media\/17912"}],"wp:attachment":[{"href":"https:\/\/staviori.com.pl\/en\/wp-json\/wp\/v2\/media?parent=14122"}],"wp:term":[{"taxonomy":"product_brand","embeddable":true,"href":"https:\/\/staviori.com.pl\/en\/wp-json\/wp\/v2\/product_brand?post=14122"},{"taxonomy":"product_cat","embeddable":true,"href":"https:\/\/staviori.com.pl\/en\/wp-json\/wp\/v2\/product_cat?post=14122"},{"taxonomy":"product_tag","embeddable":true,"href":"https:\/\/staviori.com.pl\/en\/wp-json\/wp\/v2\/product_tag?post=14122"}],"curies":[{"name":"wp","href":"https:\/\/api.w.org\/{rel}","templated":true}]}}